{"id":956,"date":"2017-03-20T16:41:20","date_gmt":"2017-03-20T16:41:20","guid":{"rendered":"https:\/\/www.institut-myologie.org\/imotion\/?page_id=956&#038;lang=en"},"modified":"2024-10-28T15:10:55","modified_gmt":"2024-10-28T13:10:55","slug":"the-team","status":"publish","type":"page","link":"https:\/\/www.institut-myologie.org\/imotion\/the-team\/?lang=en","title":{"rendered":"The team"},"content":{"rendered":"<div class=\"wp-block-image\">\n<figure class=\"alignright size-full\"><img loading=\"lazy\" decoding=\"async\" width=\"274\" height=\"220\" src=\"https:\/\/www.institut-myologie.org\/imotion\/wp-content\/uploads\/2024\/03\/Saadane-Kirouani-et-Marina-Colella-Institut-de-Myologie-2024.jpg\" alt=\"\" class=\"wp-image-2919\"\/><\/figure>\n<\/div>\n\n<p><strong>Dr Marina Colella<\/strong>, MD, PhD, Paediatrician, Assistant Director \u2013 I-Motion Medical Staff Manager and <strong>Saadane Kirouani<\/strong>, Assistant Director \u2013 I-Motion Non-medical Staff Manager, co-manage the I-Motion Pediatric platform. They also co-manage the <a href=\"https:\/\/www.institut-myologie.org\/en\/recherche-clinique\/i-motion-adults\/\" target=\"_blank\" rel=\"noopener\">I-Motion Adults<\/a> platform at the Institute of Myology, located at the Piti\u00e9-Salp\u00eatri\u00e8re Hospital in Paris.<\/p>\n<p><strong>The team of professionals trained specifically for clinical research and for contacts with patients and their families is composed of several physicians<\/strong> (Dr Marina Colella, Dr Andreea M. Seferian, Dr Silvana De Lucia, Dr Marta Gomez Garcia de La Banda), <strong>physiotherapists<\/strong> (Eva Biagini, M\u00e9lina Brindeau, Clara Prince), <strong>clinical research associates<\/strong> (Marta Peretti, Aur\u00e9lie Phelep, Mohamed Ibrahim), <strong>project managers<\/strong> (Dominique Duch\u00eane, Erwan Gasnier), <strong>quality engineers<\/strong> (Fanny Moraux) and <strong>medical secretary<\/strong> (Malgorzata Tota). All are in the service of children, whether they participate in clinical trials or receive neuromuscular consultations.<\/p>","protected":false},"excerpt":{"rendered":"<p>Dr Marina Colella, MD, PhD, Paediatrician, Assistant Director \u2013 I-Motion Medical Staff Manager and Saadane Kirouani, Assistant Director \u2013 I-Motion Non-medical Staff Manager, co-manage the I-Motion Pediatric platform. They also co-manage the I-Motion Adults platform at the Institute of Myology, located at the Piti\u00e9-Salp\u00eatri\u00e8re Hospital in Paris. The team of professionals trained specifically for clinical &hellip; <a href=\"https:\/\/www.institut-myologie.org\/imotion\/the-team\/?lang=en\">Continued<\/a><\/p>\n","protected":false},"author":3,"featured_media":0,"parent":0,"menu_order":0,"comment_status":"closed","ping_status":"closed","template":"templates\/template-team.php","meta":{"_acf_changed":false,"footnotes":""},"class_list":["post-956","page","type-page","status-publish","hentry"],"acf":[],"yoast_head":"<!-- This site is optimized with the Yoast SEO plugin v27.1.1 - https:\/\/yoast.com\/product\/yoast-seo-wordpress\/ -->\n<title>The team - I-Motion<\/title>\n<meta name=\"description\" content=\"The team of professionals from I-Motion Institute, a platform for pediatric clinical trials for neuromuscular diseases\" \/>\n<meta name=\"robots\" content=\"index, follow, max-snippet:-1, max-image-preview:large, max-video-preview:-1\" \/>\n<link rel=\"canonical\" href=\"https:\/\/www.institut-myologie.org\/imotion\/the-team\/?lang=en\" \/>\n<meta property=\"og:locale\" content=\"fr_FR\" \/>\n<meta property=\"og:type\" content=\"article\" \/>\n<meta property=\"og:title\" content=\"The team - I-Motion\" \/>\n<meta property=\"og:description\" content=\"The team of professionals from I-Motion Institute, a platform for pediatric clinical trials for neuromuscular diseases\" \/>\n<meta property=\"og:url\" content=\"https:\/\/www.institut-myologie.org\/imotion\/the-team\/?lang=en\" \/>\n<meta property=\"og:site_name\" content=\"I-Motion\" \/>\n<meta property=\"article:modified_time\" content=\"2024-10-28T13:10:55+00:00\" \/>\n<meta property=\"og:image\" content=\"https:\/\/www.institut-myologie.org\/imotion\/wp-content\/uploads\/2024\/03\/Saadane-Kirouani-et-Marina-Colella-Institut-de-Myologie-2024.jpg\" \/>\n<meta name=\"twitter:card\" content=\"summary_large_image\" \/>\n<meta name=\"twitter:label1\" content=\"Dur\u00e9e de lecture estim\u00e9e\" \/>\n\t<meta name=\"twitter:data1\" content=\"1 minute\" \/>\n<script type=\"application\/ld+json\" class=\"yoast-schema-graph\">{\"@context\":\"https:\/\/schema.org\",\"@graph\":[{\"@type\":\"WebPage\",\"@id\":\"https:\/\/www.institut-myologie.org\/imotion\/the-team\/?lang=en\",\"url\":\"https:\/\/www.institut-myologie.org\/imotion\/the-team\/?lang=en\",\"name\":\"The team - I-Motion\",\"isPartOf\":{\"@id\":\"https:\/\/www.institut-myologie.org\/imotion\/#website\"},\"primaryImageOfPage\":{\"@id\":\"https:\/\/www.institut-myologie.org\/imotion\/the-team\/?lang=en#primaryimage\"},\"image\":{\"@id\":\"https:\/\/www.institut-myologie.org\/imotion\/the-team\/?lang=en#primaryimage\"},\"thumbnailUrl\":\"https:\/\/www.institut-myologie.org\/imotion\/wp-content\/uploads\/2024\/03\/Saadane-Kirouani-et-Marina-Colella-Institut-de-Myologie-2024.jpg\",\"datePublished\":\"2017-03-20T16:41:20+00:00\",\"dateModified\":\"2024-10-28T13:10:55+00:00\",\"description\":\"The team of professionals from I-Motion Institute, a platform for pediatric clinical trials for neuromuscular diseases\",\"breadcrumb\":{\"@id\":\"https:\/\/www.institut-myologie.org\/imotion\/the-team\/?lang=en#breadcrumb\"},\"inLanguage\":\"fr-FR\",\"potentialAction\":[{\"@type\":\"ReadAction\",\"target\":[\"https:\/\/www.institut-myologie.org\/imotion\/the-team\/?lang=en\"]}]},{\"@type\":\"ImageObject\",\"inLanguage\":\"fr-FR\",\"@id\":\"https:\/\/www.institut-myologie.org\/imotion\/the-team\/?lang=en#primaryimage\",\"url\":\"https:\/\/www.institut-myologie.org\/imotion\/wp-content\/uploads\/2024\/03\/Saadane-Kirouani-et-Marina-Colella-Institut-de-Myologie-2024.jpg\",\"contentUrl\":\"https:\/\/www.institut-myologie.org\/imotion\/wp-content\/uploads\/2024\/03\/Saadane-Kirouani-et-Marina-Colella-Institut-de-Myologie-2024.jpg\",\"width\":274,\"height\":220,\"caption\":\"Equipe I-motion adulte \u00e0 l'institut de myologie le 13 mars 2024\"},{\"@type\":\"BreadcrumbList\",\"@id\":\"https:\/\/www.institut-myologie.org\/imotion\/the-team\/?lang=en#breadcrumb\",\"itemListElement\":[{\"@type\":\"ListItem\",\"position\":1,\"name\":\"Home\",\"item\":\"https:\/\/www.institut-myologie.org\/imotion\/\"},{\"@type\":\"ListItem\",\"position\":2,\"name\":\"The team\"}]},{\"@type\":\"WebSite\",\"@id\":\"https:\/\/www.institut-myologie.org\/imotion\/#website\",\"url\":\"https:\/\/www.institut-myologie.org\/imotion\/\",\"name\":\"I-Motion\",\"description\":\"Plateforme d&#039;essais cliniques p\u00e9diatriques pour les maladies neuromusculaires\",\"publisher\":{\"@id\":\"https:\/\/www.institut-myologie.org\/imotion\/#organization\"},\"potentialAction\":[{\"@type\":\"SearchAction\",\"target\":{\"@type\":\"EntryPoint\",\"urlTemplate\":\"https:\/\/www.institut-myologie.org\/imotion\/?s={search_term_string}\"},\"query-input\":{\"@type\":\"PropertyValueSpecification\",\"valueRequired\":true,\"valueName\":\"search_term_string\"}}],\"inLanguage\":\"fr-FR\"},{\"@type\":\"Organization\",\"@id\":\"https:\/\/www.institut-myologie.org\/imotion\/#organization\",\"name\":\"Institut I-Motion\",\"url\":\"https:\/\/www.institut-myologie.org\/imotion\/\",\"logo\":{\"@type\":\"ImageObject\",\"inLanguage\":\"fr-FR\",\"@id\":\"https:\/\/www.institut-myologie.org\/imotion\/#\/schema\/logo\/image\/\",\"url\":\"https:\/\/www.institut-myologie.org\/imotion\/wp-content\/uploads\/2016\/08\/logoImotion.png\",\"contentUrl\":\"https:\/\/www.institut-myologie.org\/imotion\/wp-content\/uploads\/2016\/08\/logoImotion.png\",\"width\":150,\"height\":51,\"caption\":\"Institut I-Motion\"},\"image\":{\"@id\":\"https:\/\/www.institut-myologie.org\/imotion\/#\/schema\/logo\/image\/\"}}]}<\/script>\n<!-- \/ Yoast SEO plugin. -->","yoast_head_json":{"title":"The team - I-Motion","description":"The team of professionals from I-Motion Institute, a platform for pediatric clinical trials for neuromuscular diseases","robots":{"index":"index","follow":"follow","max-snippet":"max-snippet:-1","max-image-preview":"max-image-preview:large","max-video-preview":"max-video-preview:-1"},"canonical":"https:\/\/www.institut-myologie.org\/imotion\/the-team\/?lang=en","og_locale":"fr_FR","og_type":"article","og_title":"The team - I-Motion","og_description":"The team of professionals from I-Motion Institute, a platform for pediatric clinical trials for neuromuscular diseases","og_url":"https:\/\/www.institut-myologie.org\/imotion\/the-team\/?lang=en","og_site_name":"I-Motion","article_modified_time":"2024-10-28T13:10:55+00:00","og_image":[{"url":"https:\/\/www.institut-myologie.org\/imotion\/wp-content\/uploads\/2024\/03\/Saadane-Kirouani-et-Marina-Colella-Institut-de-Myologie-2024.jpg","type":"","width":"","height":""}],"twitter_card":"summary_large_image","twitter_misc":{"Dur\u00e9e de lecture estim\u00e9e":"1 minute"},"schema":{"@context":"https:\/\/schema.org","@graph":[{"@type":"WebPage","@id":"https:\/\/www.institut-myologie.org\/imotion\/the-team\/?lang=en","url":"https:\/\/www.institut-myologie.org\/imotion\/the-team\/?lang=en","name":"The team - I-Motion","isPartOf":{"@id":"https:\/\/www.institut-myologie.org\/imotion\/#website"},"primaryImageOfPage":{"@id":"https:\/\/www.institut-myologie.org\/imotion\/the-team\/?lang=en#primaryimage"},"image":{"@id":"https:\/\/www.institut-myologie.org\/imotion\/the-team\/?lang=en#primaryimage"},"thumbnailUrl":"https:\/\/www.institut-myologie.org\/imotion\/wp-content\/uploads\/2024\/03\/Saadane-Kirouani-et-Marina-Colella-Institut-de-Myologie-2024.jpg","datePublished":"2017-03-20T16:41:20+00:00","dateModified":"2024-10-28T13:10:55+00:00","description":"The team of professionals from I-Motion Institute, a platform for pediatric clinical trials for neuromuscular diseases","breadcrumb":{"@id":"https:\/\/www.institut-myologie.org\/imotion\/the-team\/?lang=en#breadcrumb"},"inLanguage":"fr-FR","potentialAction":[{"@type":"ReadAction","target":["https:\/\/www.institut-myologie.org\/imotion\/the-team\/?lang=en"]}]},{"@type":"ImageObject","inLanguage":"fr-FR","@id":"https:\/\/www.institut-myologie.org\/imotion\/the-team\/?lang=en#primaryimage","url":"https:\/\/www.institut-myologie.org\/imotion\/wp-content\/uploads\/2024\/03\/Saadane-Kirouani-et-Marina-Colella-Institut-de-Myologie-2024.jpg","contentUrl":"https:\/\/www.institut-myologie.org\/imotion\/wp-content\/uploads\/2024\/03\/Saadane-Kirouani-et-Marina-Colella-Institut-de-Myologie-2024.jpg","width":274,"height":220,"caption":"Equipe I-motion adulte \u00e0 l'institut de myologie le 13 mars 2024"},{"@type":"BreadcrumbList","@id":"https:\/\/www.institut-myologie.org\/imotion\/the-team\/?lang=en#breadcrumb","itemListElement":[{"@type":"ListItem","position":1,"name":"Home","item":"https:\/\/www.institut-myologie.org\/imotion\/"},{"@type":"ListItem","position":2,"name":"The team"}]},{"@type":"WebSite","@id":"https:\/\/www.institut-myologie.org\/imotion\/#website","url":"https:\/\/www.institut-myologie.org\/imotion\/","name":"I-Motion","description":"Plateforme d&#039;essais cliniques p\u00e9diatriques pour les maladies neuromusculaires","publisher":{"@id":"https:\/\/www.institut-myologie.org\/imotion\/#organization"},"potentialAction":[{"@type":"SearchAction","target":{"@type":"EntryPoint","urlTemplate":"https:\/\/www.institut-myologie.org\/imotion\/?s={search_term_string}"},"query-input":{"@type":"PropertyValueSpecification","valueRequired":true,"valueName":"search_term_string"}}],"inLanguage":"fr-FR"},{"@type":"Organization","@id":"https:\/\/www.institut-myologie.org\/imotion\/#organization","name":"Institut I-Motion","url":"https:\/\/www.institut-myologie.org\/imotion\/","logo":{"@type":"ImageObject","inLanguage":"fr-FR","@id":"https:\/\/www.institut-myologie.org\/imotion\/#\/schema\/logo\/image\/","url":"https:\/\/www.institut-myologie.org\/imotion\/wp-content\/uploads\/2016\/08\/logoImotion.png","contentUrl":"https:\/\/www.institut-myologie.org\/imotion\/wp-content\/uploads\/2016\/08\/logoImotion.png","width":150,"height":51,"caption":"Institut I-Motion"},"image":{"@id":"https:\/\/www.institut-myologie.org\/imotion\/#\/schema\/logo\/image\/"}}]}},"_links":{"self":[{"href":"https:\/\/www.institut-myologie.org\/imotion\/wp-json\/wp\/v2\/pages\/956","targetHints":{"allow":["GET"]}}],"collection":[{"href":"https:\/\/www.institut-myologie.org\/imotion\/wp-json\/wp\/v2\/pages"}],"about":[{"href":"https:\/\/www.institut-myologie.org\/imotion\/wp-json\/wp\/v2\/types\/page"}],"author":[{"embeddable":true,"href":"https:\/\/www.institut-myologie.org\/imotion\/wp-json\/wp\/v2\/users\/3"}],"replies":[{"embeddable":true,"href":"https:\/\/www.institut-myologie.org\/imotion\/wp-json\/wp\/v2\/comments?post=956"}],"version-history":[{"count":18,"href":"https:\/\/www.institut-myologie.org\/imotion\/wp-json\/wp\/v2\/pages\/956\/revisions"}],"predecessor-version":[{"id":2953,"href":"https:\/\/www.institut-myologie.org\/imotion\/wp-json\/wp\/v2\/pages\/956\/revisions\/2953"}],"wp:attachment":[{"href":"https:\/\/www.institut-myologie.org\/imotion\/wp-json\/wp\/v2\/media?parent=956"}],"curies":[{"name":"wp","href":"https:\/\/api.w.org\/{rel}","templated":true}]}}