{"id":679,"date":"2016-11-29T09:31:07","date_gmt":"2016-11-29T09:31:07","guid":{"rendered":"https:\/\/www.institut-myologie.org\/imotion\/?page_id=679"},"modified":"2021-06-07T16:46:39","modified_gmt":"2021-06-07T14:46:39","slug":"actimyo","status":"publish","type":"page","link":"https:\/\/www.institut-myologie.org\/imotion\/actimyo\/","title":{"rendered":"ActiMyo"},"content":{"rendered":"<p>ActiMyo est un nouvel outil mis au point afin d\u2019\u00e9valuer la condition physique de sujets atteints de pathologies associ\u00e9es \u00e0 des troubles du mouvement. C\u2019est le fruit d\u2019une collaboration \u00e9troite entre l\u2019<a href=\"https:\/\/www.institut-myologie.org\/essais\/laboratoire-de-physiologie-et-devaluation-neuromusculaire-dr-j-y-hogrel\/\" target=\"_blank\" rel=\"noopener\">Institut de Myologie<\/a> et <a href=\"http:\/\/www.sysnav.fr\/industries\/medical\/\" target=\"_blank\" rel=\"noopener\">Sysnav<\/a>, une entreprise fran\u00e7aise innovante, sp\u00e9cialis\u00e9e dans les syst\u00e8mes de navigation et l\u2019analyse de mouvement. Il a \u00e9t\u00e9 d\u00e9velopp\u00e9 pour enregistrer de fa\u00e7on tr\u00e8s pr\u00e9cise et sensible, les mouvements de la vie quotidienne d\u2019un patient dans son environnement habituel.<\/p>\n<div class=\"entry__gallery packery row large-12\"><div class=\"col-4 entry__gallery__column\"><div class=\"entry__image column\"><div class=\"background-container\" style=\"background-image:url(https:\/\/www.institut-myologie.org\/imotion\/wp-content\/uploads\/2016\/11\/AFMTLT_161019_Familles_Consultation_IMotion_CH_067-1024x683.jpg)\"><\/div><\/div><\/div><div class=\"col-4 entry__gallery__column\"><div class=\"entry__image column\"><div class=\"background-container\" style=\"background-image:url(https:\/\/www.institut-myologie.org\/imotion\/wp-content\/uploads\/2016\/11\/AFMTLT_150928_Famille_Louis_IMotion_CH_048-1024x683.jpg)\"><\/div><\/div><\/div><div class=\"col-4 entry__gallery__column\"><div class=\"entry__image column\"><div class=\"background-container\" style=\"background-image:url(https:\/\/www.institut-myologie.org\/imotion\/wp-content\/uploads\/2016\/11\/AFMTLT_150715_Famille_Decobert_Imotion_JB_083-1024x684.jpg)\"><\/div><\/div><\/div><\/div>\n<div class=\"has-custom-menu has_submenu\"><\/div>\n<p>Parce qu&rsquo;il est capable d\u2019enregistrer les signaux de mouvements pendant toute une journ\u00e9e, plusieurs jours de suite, ActiMyo est un outil pr\u00e9cieux pour la recherche clinique. En effet, l&rsquo;enregistrement en continu de l\u2019activit\u00e9 quotidienne des patients au sein m\u00eame de leur environnement augmente la puissance des analyses et \u00e9vite au patient des d\u00e9placements fatigants et parfois compliqu\u00e9s.<\/p>\n<h2>Qu\u2019analyse-t-il comme mouvements ?<\/h2>\n<p>L\u2019ActiMyo peut aussi bien enregistrer les mouvements de patients ambulants (marche, trajectoire du pas\u2026), que les mouvements des membres sup\u00e9rieurs d\u2019un patient en fauteuil roulant. Dans ce second cas, les mouvements du bras ne sont analys\u00e9s que lorsque le fauteuil est immobile. Lorsque les patients sont ambulants, il est ainsi possible d\u2019analyser ses p\u00e9riodes de marche, de courses, ses mont\u00e9es d\u2019escaliers et m\u00eame d\u2019identifier ses \u00e9ventuelles chutes.<br \/>\nSelon le type de pathologies, des variables sp\u00e9cifiques sont d\u00e9finies et permettent de mettre en \u00e9vidence des param\u00e8tres significatifs selon les besoins des \u00e9tudes cliniques (exemple : la modification du p\u00e9rim\u00e8tre de marche, du nombre de p\u00e9riode course d\u2019un patient, du nombre de chutes, ou l\u2019activit\u00e9 des membres sup\u00e9rieurs).<\/p>\n<h2>Qu\u2019enregistre-t-il ?<\/h2>\n<p>Il enregistre les mouvements sous la forme de signaux gr\u00e2ce \u00e0 :<br \/>\nUn acc\u00e9l\u00e9rom\u00e8tre triaxial pour les acc\u00e9l\u00e9rations lin\u00e9aires<br \/>\nUn gyroscope triaxial pour les vitesses angulaires<br \/>\nUn barom\u00e8tre pour les \u00e9l\u00e9vations<br \/>\nUn magn\u00e9tom\u00e8tre triaxial pour le champ magn\u00e9tique<br \/>\n\u00c0\u00a0partir de ces donn\u00e9es, il est possible de d\u00e9duire une variable repr\u00e9sentant l&rsquo;activit\u00e9 globale d\u2019un patient ou de visualiser les capacit\u00e9s des membres sup\u00e9rieurs et\/ou inf\u00e9rieurs du patient.<\/p>\n<h2>\u00c0 qui s\u2019adresse-t-il ?<\/h2>\n<p>L\u2019ActiMyo est destin\u00e9 \u00e0 \u00eatre port\u00e9 par des patients de plus de 6 ans, ambulants ou non, atteints de pathologies neuromusculaires ou neurologiques et susceptibles d\u2019\u00eatre impliqu\u00e9s dans des protocoles de recherche clinique (Histoire naturelle ou th\u00e9rapeutique), pr\u00e9sentant une faiblesse peu importante \u00e0 tr\u00e8s prononc\u00e9e.<\/p>\n<p>Voici la liste de pathologies pour lesquelles des patients sont actuellement \u00e9quip\u00e9s d\u2019un ActiMyo :<\/p>\n<ul>\n<li>dystrophie musculaire de Duchenne (DMD)<\/li>\n<li>amyotrophie spinale (SMA)<\/li>\n<li>myopathie myotubulaire (MTM)<\/li>\n<li>dystrophie facio-scapulo-hum\u00e9rale (FSH)<\/li>\n<li>dysferlinopathie (LGMD2b)<\/li>\n<li>maladie de Parkinson<\/li>\n<li>scl\u00e9rose en plaque<\/li>\n<\/ul>\n<p>En fonction de la pathologie \u00e9tudi\u00e9e et des besoins de l\u2019\u00e9tude clinique, le positionnement des capteurs sur le patient est susceptible d\u2019\u00e9voluer. De fa\u00e7on classique, les patients ambulants portent un capteur \u00e0 la cheville afin d\u2019enregistrer la trajectoire de la cheville, et un au niveau du poignet pour l\u2019enregistrement des mouvements du bras. Dans le cas des patients non ambulants, le capteur de la cheville est plac\u00e9 sur le fauteuil afin de mesurer les mouvements du fauteuil et de n\u2019analyser les mouvements du bras que lorsque le fauteuil est immobile.<\/p>\n<h2>Comment l\u2019ActiMyo fonctionne-t-il ?<\/h2>\n<p>ActiMyo a \u00e9t\u00e9 pens\u00e9 et con\u00e7u pour \u00eatre le plus simple d\u2019utilisation pour les patients. Il n\u00e9cessite peu de manipulations et peut \u00eatre connect\u00e9 directement la station d\u2019accueil afin que les donn\u00e9es r\u00e9colt\u00e9es chaque jour soient automatiquement envoy\u00e9es sur un serveur d\u00e9di\u00e9. Une fois les donn\u00e9es trait\u00e9es automatiquement, celles-ci peuvent \u00eatre analys\u00e9es par un clinicien depuis son bureau.<\/p>\n<h2>ActiMyo dans la recherche clinique<\/h2>\n<p><a href=\"https:\/\/www.institut-myologie.org\/imotion\/wp-content\/uploads\/2016\/11\/carte-pays-actimyo-30012017.jpg\"><img loading=\"lazy\" decoding=\"async\" class=\"alignright wp-image-903 size-full\" src=\"https:\/\/www.institut-myologie.org\/imotion\/wp-content\/uploads\/2016\/11\/carte-pays-actimyo-30012017.jpg\" width=\"820\" height=\"477\" srcset=\"https:\/\/www.institut-myologie.org\/imotion\/wp-content\/uploads\/2016\/11\/carte-pays-actimyo-30012017.jpg 820w, https:\/\/www.institut-myologie.org\/imotion\/wp-content\/uploads\/2016\/11\/carte-pays-actimyo-30012017-300x175.jpg 300w, https:\/\/www.institut-myologie.org\/imotion\/wp-content\/uploads\/2016\/11\/carte-pays-actimyo-30012017-768x447.jpg 768w\" sizes=\"auto, (max-width: 820px) 100vw, 820px\" \/><\/a>ActiMyo est actuellement utilis\u00e9\u00a0dans sept essais cliniques diff\u00e9rents, portant sur plus de 70 patients atteints de maladies neuromusculaires (DMD, SMA, MTM et FSH), et neurologiques (maladie de Parkinson, scl\u00e9rose en plaques). Ces essais sont men\u00e9s sur plus de 20 sites en France et \u00e0 l\u2019\u00e9tranger (Allemagne, Italie, Roumanie, Espagne, USA, Pologne, Finlande, La R\u00e9union, Danemark, Belgique, Angleterre, etc.).<\/p>\n<p>Les r\u00e9sultats pr\u00e9liminaires de ces \u00e9tudes sont en passe de d\u00e9montrer l&rsquo;importance d&rsquo;une mesure des r\u00e9sultats qui refl\u00e8te l&rsquo;activit\u00e9 r\u00e9elle, quotidienne et durable des patients, par rapport \u00e0 des mesures ponctuelles r\u00e9alis\u00e9es \u00e0 l\u2019h\u00f4pital qui donnent une image de son \u00e9tat \u00e0 un moment donn\u00e9.<\/p>\n<h2>L\u2019\u00e9quipe ActiMyo<\/h2>\n<p><a href=\"https:\/\/www.institut-myologie.org\/imotion\/wp-content\/uploads\/2016\/11\/Equipe-ActiMyo.png\"><img loading=\"lazy\" decoding=\"async\" class=\"alignnone wp-image-458 size-full\" src=\"https:\/\/www.institut-myologie.org\/imotion\/wp-content\/uploads\/2016\/11\/Equipe-ActiMyo.png\" alt=\"Equipe ActiMyo\" width=\"713\" height=\"456\" srcset=\"https:\/\/www.institut-myologie.org\/imotion\/wp-content\/uploads\/2016\/11\/Equipe-ActiMyo.png 713w, https:\/\/www.institut-myologie.org\/imotion\/wp-content\/uploads\/2016\/11\/Equipe-ActiMyo-300x192.png 300w\" sizes=\"auto, (max-width: 713px) 100vw, 713px\" \/><\/a><\/p>\n","protected":false},"excerpt":{"rendered":"<p>ActiMyo est un nouvel outil mis au point afin d\u2019\u00e9valuer la condition physique de sujets atteints de pathologies associ\u00e9es \u00e0 des troubles du mouvement. C\u2019est le fruit d\u2019une collaboration \u00e9troite entre l\u2019Institut de Myologie et Sysnav, une entreprise fran\u00e7aise innovante, sp\u00e9cialis\u00e9e dans les syst\u00e8mes de navigation et l\u2019analyse de mouvement. Il a \u00e9t\u00e9 d\u00e9velopp\u00e9 pour &hellip; <a href=\"https:\/\/www.institut-myologie.org\/imotion\/actimyo\/\">Continued<\/a><\/p>\n","protected":false},"author":3,"featured_media":0,"parent":0,"menu_order":0,"comment_status":"closed","ping_status":"closed","template":"","meta":{"_acf_changed":false,"footnotes":""},"class_list":["post-679","page","type-page","status-publish","hentry"],"acf":[],"yoast_head":"<!-- This site is optimized with the Yoast SEO plugin v27.1.1 - https:\/\/yoast.com\/product\/yoast-seo-wordpress\/ -->\n<title>ActiMyo - I-Motion<\/title>\n<meta name=\"description\" content=\"ActiMyo est un nouvel outil destin\u00e9 \u00e0 enregistrer les mouvements de la vie quotidienne d\u2019un patient dans son environnement habituel.\" \/>\n<meta name=\"robots\" content=\"index, follow, max-snippet:-1, max-image-preview:large, max-video-preview:-1\" \/>\n<link rel=\"canonical\" href=\"https:\/\/www.institut-myologie.org\/imotion\/actimyo\/\" \/>\n<meta property=\"og:locale\" content=\"fr_FR\" \/>\n<meta property=\"og:type\" content=\"article\" \/>\n<meta property=\"og:title\" content=\"ActiMyo - I-Motion\" \/>\n<meta property=\"og:description\" content=\"ActiMyo est un nouvel outil destin\u00e9 \u00e0 enregistrer les mouvements de la vie quotidienne d\u2019un patient dans son environnement habituel.\" \/>\n<meta property=\"og:url\" content=\"https:\/\/www.institut-myologie.org\/imotion\/actimyo\/\" \/>\n<meta property=\"og:site_name\" content=\"I-Motion\" \/>\n<meta property=\"article:modified_time\" content=\"2021-06-07T14:46:39+00:00\" \/>\n<meta property=\"og:image\" content=\"https:\/\/www.institut-myologie.org\/imotion\/wp-content\/uploads\/2016\/11\/carte-pays-actimyo-30012017.jpg\" \/>\n<meta name=\"twitter:card\" content=\"summary_large_image\" \/>\n<meta name=\"twitter:label1\" content=\"Dur\u00e9e de lecture estim\u00e9e\" \/>\n\t<meta name=\"twitter:data1\" content=\"4 minutes\" \/>\n<script type=\"application\/ld+json\" class=\"yoast-schema-graph\">{\"@context\":\"https:\/\/schema.org\",\"@graph\":[{\"@type\":\"WebPage\",\"@id\":\"https:\/\/www.institut-myologie.org\/imotion\/actimyo\/\",\"url\":\"https:\/\/www.institut-myologie.org\/imotion\/actimyo\/\",\"name\":\"ActiMyo - I-Motion\",\"isPartOf\":{\"@id\":\"https:\/\/www.institut-myologie.org\/imotion\/#website\"},\"primaryImageOfPage\":{\"@id\":\"https:\/\/www.institut-myologie.org\/imotion\/actimyo\/#primaryimage\"},\"image\":{\"@id\":\"https:\/\/www.institut-myologie.org\/imotion\/actimyo\/#primaryimage\"},\"thumbnailUrl\":\"https:\/\/www.institut-myologie.org\/imotion\/wp-content\/uploads\/2016\/11\/carte-pays-actimyo-30012017.jpg\",\"datePublished\":\"2016-11-29T09:31:07+00:00\",\"dateModified\":\"2021-06-07T14:46:39+00:00\",\"description\":\"ActiMyo est un nouvel outil destin\u00e9 \u00e0 enregistrer les mouvements de la vie quotidienne d\u2019un patient dans son environnement habituel.\",\"breadcrumb\":{\"@id\":\"https:\/\/www.institut-myologie.org\/imotion\/actimyo\/#breadcrumb\"},\"inLanguage\":\"fr-FR\",\"potentialAction\":[{\"@type\":\"ReadAction\",\"target\":[\"https:\/\/www.institut-myologie.org\/imotion\/actimyo\/\"]}]},{\"@type\":\"ImageObject\",\"inLanguage\":\"fr-FR\",\"@id\":\"https:\/\/www.institut-myologie.org\/imotion\/actimyo\/#primaryimage\",\"url\":\"https:\/\/www.institut-myologie.org\/imotion\/wp-content\/uploads\/2016\/11\/carte-pays-actimyo-30012017.jpg\",\"contentUrl\":\"https:\/\/www.institut-myologie.org\/imotion\/wp-content\/uploads\/2016\/11\/carte-pays-actimyo-30012017.jpg\",\"width\":820,\"height\":477},{\"@type\":\"BreadcrumbList\",\"@id\":\"https:\/\/www.institut-myologie.org\/imotion\/actimyo\/#breadcrumb\",\"itemListElement\":[{\"@type\":\"ListItem\",\"position\":1,\"name\":\"Home\",\"item\":\"https:\/\/www.institut-myologie.org\/imotion\/\"},{\"@type\":\"ListItem\",\"position\":2,\"name\":\"ActiMyo\"}]},{\"@type\":\"WebSite\",\"@id\":\"https:\/\/www.institut-myologie.org\/imotion\/#website\",\"url\":\"https:\/\/www.institut-myologie.org\/imotion\/\",\"name\":\"I-Motion\",\"description\":\"Plateforme d&#039;essais cliniques p\u00e9diatriques pour les maladies neuromusculaires\",\"publisher\":{\"@id\":\"https:\/\/www.institut-myologie.org\/imotion\/#organization\"},\"potentialAction\":[{\"@type\":\"SearchAction\",\"target\":{\"@type\":\"EntryPoint\",\"urlTemplate\":\"https:\/\/www.institut-myologie.org\/imotion\/?s={search_term_string}\"},\"query-input\":{\"@type\":\"PropertyValueSpecification\",\"valueRequired\":true,\"valueName\":\"search_term_string\"}}],\"inLanguage\":\"fr-FR\"},{\"@type\":\"Organization\",\"@id\":\"https:\/\/www.institut-myologie.org\/imotion\/#organization\",\"name\":\"Institut I-Motion\",\"url\":\"https:\/\/www.institut-myologie.org\/imotion\/\",\"logo\":{\"@type\":\"ImageObject\",\"inLanguage\":\"fr-FR\",\"@id\":\"https:\/\/www.institut-myologie.org\/imotion\/#\/schema\/logo\/image\/\",\"url\":\"https:\/\/www.institut-myologie.org\/imotion\/wp-content\/uploads\/2016\/08\/logoImotion.png\",\"contentUrl\":\"https:\/\/www.institut-myologie.org\/imotion\/wp-content\/uploads\/2016\/08\/logoImotion.png\",\"width\":150,\"height\":51,\"caption\":\"Institut I-Motion\"},\"image\":{\"@id\":\"https:\/\/www.institut-myologie.org\/imotion\/#\/schema\/logo\/image\/\"}}]}<\/script>\n<!-- \/ Yoast SEO plugin. -->","yoast_head_json":{"title":"ActiMyo - I-Motion","description":"ActiMyo est un nouvel outil destin\u00e9 \u00e0 enregistrer les mouvements de la vie quotidienne d\u2019un patient dans son environnement habituel.","robots":{"index":"index","follow":"follow","max-snippet":"max-snippet:-1","max-image-preview":"max-image-preview:large","max-video-preview":"max-video-preview:-1"},"canonical":"https:\/\/www.institut-myologie.org\/imotion\/actimyo\/","og_locale":"fr_FR","og_type":"article","og_title":"ActiMyo - I-Motion","og_description":"ActiMyo est un nouvel outil destin\u00e9 \u00e0 enregistrer les mouvements de la vie quotidienne d\u2019un patient dans son environnement habituel.","og_url":"https:\/\/www.institut-myologie.org\/imotion\/actimyo\/","og_site_name":"I-Motion","article_modified_time":"2021-06-07T14:46:39+00:00","og_image":[{"url":"https:\/\/www.institut-myologie.org\/imotion\/wp-content\/uploads\/2016\/11\/carte-pays-actimyo-30012017.jpg","type":"","width":"","height":""}],"twitter_card":"summary_large_image","twitter_misc":{"Dur\u00e9e de lecture estim\u00e9e":"4 minutes"},"schema":{"@context":"https:\/\/schema.org","@graph":[{"@type":"WebPage","@id":"https:\/\/www.institut-myologie.org\/imotion\/actimyo\/","url":"https:\/\/www.institut-myologie.org\/imotion\/actimyo\/","name":"ActiMyo - I-Motion","isPartOf":{"@id":"https:\/\/www.institut-myologie.org\/imotion\/#website"},"primaryImageOfPage":{"@id":"https:\/\/www.institut-myologie.org\/imotion\/actimyo\/#primaryimage"},"image":{"@id":"https:\/\/www.institut-myologie.org\/imotion\/actimyo\/#primaryimage"},"thumbnailUrl":"https:\/\/www.institut-myologie.org\/imotion\/wp-content\/uploads\/2016\/11\/carte-pays-actimyo-30012017.jpg","datePublished":"2016-11-29T09:31:07+00:00","dateModified":"2021-06-07T14:46:39+00:00","description":"ActiMyo est un nouvel outil destin\u00e9 \u00e0 enregistrer les mouvements de la vie quotidienne d\u2019un patient dans son environnement habituel.","breadcrumb":{"@id":"https:\/\/www.institut-myologie.org\/imotion\/actimyo\/#breadcrumb"},"inLanguage":"fr-FR","potentialAction":[{"@type":"ReadAction","target":["https:\/\/www.institut-myologie.org\/imotion\/actimyo\/"]}]},{"@type":"ImageObject","inLanguage":"fr-FR","@id":"https:\/\/www.institut-myologie.org\/imotion\/actimyo\/#primaryimage","url":"https:\/\/www.institut-myologie.org\/imotion\/wp-content\/uploads\/2016\/11\/carte-pays-actimyo-30012017.jpg","contentUrl":"https:\/\/www.institut-myologie.org\/imotion\/wp-content\/uploads\/2016\/11\/carte-pays-actimyo-30012017.jpg","width":820,"height":477},{"@type":"BreadcrumbList","@id":"https:\/\/www.institut-myologie.org\/imotion\/actimyo\/#breadcrumb","itemListElement":[{"@type":"ListItem","position":1,"name":"Home","item":"https:\/\/www.institut-myologie.org\/imotion\/"},{"@type":"ListItem","position":2,"name":"ActiMyo"}]},{"@type":"WebSite","@id":"https:\/\/www.institut-myologie.org\/imotion\/#website","url":"https:\/\/www.institut-myologie.org\/imotion\/","name":"I-Motion","description":"Plateforme d&#039;essais cliniques p\u00e9diatriques pour les maladies neuromusculaires","publisher":{"@id":"https:\/\/www.institut-myologie.org\/imotion\/#organization"},"potentialAction":[{"@type":"SearchAction","target":{"@type":"EntryPoint","urlTemplate":"https:\/\/www.institut-myologie.org\/imotion\/?s={search_term_string}"},"query-input":{"@type":"PropertyValueSpecification","valueRequired":true,"valueName":"search_term_string"}}],"inLanguage":"fr-FR"},{"@type":"Organization","@id":"https:\/\/www.institut-myologie.org\/imotion\/#organization","name":"Institut I-Motion","url":"https:\/\/www.institut-myologie.org\/imotion\/","logo":{"@type":"ImageObject","inLanguage":"fr-FR","@id":"https:\/\/www.institut-myologie.org\/imotion\/#\/schema\/logo\/image\/","url":"https:\/\/www.institut-myologie.org\/imotion\/wp-content\/uploads\/2016\/08\/logoImotion.png","contentUrl":"https:\/\/www.institut-myologie.org\/imotion\/wp-content\/uploads\/2016\/08\/logoImotion.png","width":150,"height":51,"caption":"Institut I-Motion"},"image":{"@id":"https:\/\/www.institut-myologie.org\/imotion\/#\/schema\/logo\/image\/"}}]}},"_links":{"self":[{"href":"https:\/\/www.institut-myologie.org\/imotion\/wp-json\/wp\/v2\/pages\/679","targetHints":{"allow":["GET"]}}],"collection":[{"href":"https:\/\/www.institut-myologie.org\/imotion\/wp-json\/wp\/v2\/pages"}],"about":[{"href":"https:\/\/www.institut-myologie.org\/imotion\/wp-json\/wp\/v2\/types\/page"}],"author":[{"embeddable":true,"href":"https:\/\/www.institut-myologie.org\/imotion\/wp-json\/wp\/v2\/users\/3"}],"replies":[{"embeddable":true,"href":"https:\/\/www.institut-myologie.org\/imotion\/wp-json\/wp\/v2\/comments?post=679"}],"version-history":[{"count":30,"href":"https:\/\/www.institut-myologie.org\/imotion\/wp-json\/wp\/v2\/pages\/679\/revisions"}],"predecessor-version":[{"id":2236,"href":"https:\/\/www.institut-myologie.org\/imotion\/wp-json\/wp\/v2\/pages\/679\/revisions\/2236"}],"wp:attachment":[{"href":"https:\/\/www.institut-myologie.org\/imotion\/wp-json\/wp\/v2\/media?parent=679"}],"curies":[{"name":"wp","href":"https:\/\/api.w.org\/{rel}","templated":true}]}}