{"id":552,"date":"2016-11-21T12:57:07","date_gmt":"2016-11-21T12:57:07","guid":{"rendered":"https:\/\/www.institut-myologie.org\/imotion\/?page_id=552"},"modified":"2024-03-21T19:17:42","modified_gmt":"2024-03-21T17:17:42","slug":"faq","status":"publish","type":"page","link":"https:\/\/www.institut-myologie.org\/imotion\/faq\/","title":{"rendered":"FAQ"},"content":{"rendered":"<h2>Infos pratiques<\/h2>\n<ul>\n<li><strong>Comment rejoindre l&rsquo;Institut I-Motion ?<br \/><\/strong><span style=\"font-size: revert;\">Vous trouverez <\/span><a style=\"font-size: revert;\" href=\"https:\/\/www.institut-myologie.org\/imotion\/infos-pratiques\/\" target=\"_blank\" rel=\"noopener noreferrer\">ici un plan d&rsquo;acc\u00e8s et les coordonn\u00e9es de l&rsquo;institut<\/a><span style=\"font-size: revert;\">.<\/span><\/li>\n<\/ul>\n<ul>\n<li><strong>Comment prendre rendez-vous pour une consultation m\u00e9dicale ?<br \/><\/strong><span style=\"font-size: revert;\">Vous pouvez contacter le secr\u00e9tariat m\u00e9dical :<br \/><\/span><span style=\"font-size: revert;\">Malgorzata Tota : \u00a0<\/span><a style=\"font-size: revert;\" href=\"mailto:consultation-imotion@institut-myologie.org\">consultation-imotion@institut-myologie.org<\/a><br \/><br \/><span style=\"font-size: revert;\">t\u00e9l : + 33 (0)1 44 73 65 37<\/span><\/li>\n<\/ul>\n<h2>\u00a0<\/h2>\n<h2>Essais cliniques<\/h2>\n<p><strong>Comment peut-on participer aux essais cliniques ?<\/strong><\/p>\n<p>Pour participer \u00e0 un essai clinique, vous devez poss\u00e9der une s\u00e9curit\u00e9 sociale europ\u00e9enne. Il vous faudra ensuite prendre rendez-vous avec un de nos m\u00e9decins.<\/p>\n<p><strong>Les essais cliniques sont-ils payants\u00a0 ?<\/strong><\/p>\n<p>Non, les essais sont totalement sponsoris\u00e9s et pris en charge par le laboratoire qui finance l\u2019\u00e9tude.<\/p>\n<p><strong>Quelle est la dur\u00e9e d\u2019un essai\u00a0 ?<\/strong><\/p>\n<p>Cela d\u00e9pend \u00e0 la fois de la phase de l\u2019essai (1, 2 ou 3) et du protocole de l\u2019\u00e9tude. Il est pr\u00e9f\u00e9rable de r\u00e9pondre \u00e0 cette question en fonction de l\u2019essai qui vous int\u00e9resse et au cours d\u2019une premi\u00e8re consultation.<\/p>\n<h2>\u00a0<\/h2>\n<h2>Nous rejoindre<\/h2>\n<p><strong>Je souhaiterais postuler \/ faire un stage chez vous, o\u00f9 puis- je envoyer ma candidature ?<\/strong><\/p>\n<p>Vous pouvez nous envoyer votre candidature par e-mail :\u00a0<a href=\"mailto:recrutement-aim@institut-myologie.org\">recrutement-aim@institut-myologie.org<\/a><\/p>\n\n\n<p><\/p>\n","protected":false},"excerpt":{"rendered":"<p>Infos pratiques Comment rejoindre l&rsquo;Institut I-Motion ?Vous trouverez ici un plan d&rsquo;acc\u00e8s et les coordonn\u00e9es de l&rsquo;institut. Comment prendre rendez-vous pour une consultation m\u00e9dicale ?Vous pouvez contacter le secr\u00e9tariat m\u00e9dical :Malgorzata Tota : \u00a0consultation-imotion@institut-myologie.org t\u00e9l : + 33 (0)1 44 73 65 37 \u00a0 Essais cliniques Comment peut-on participer aux essais cliniques ? Pour participer &hellip; <a href=\"https:\/\/www.institut-myologie.org\/imotion\/faq\/\">Continued<\/a><\/p>\n","protected":false},"author":1,"featured_media":0,"parent":0,"menu_order":0,"comment_status":"closed","ping_status":"closed","template":"","meta":{"_acf_changed":false,"footnotes":""},"class_list":["post-552","page","type-page","status-publish","hentry"],"acf":[],"yoast_head":"<!-- This site is optimized with the Yoast SEO plugin v27.1.1 - https:\/\/yoast.com\/product\/yoast-seo-wordpress\/ -->\n<title>FAQ - I-Motion<\/title>\n<meta name=\"robots\" content=\"index, follow, max-snippet:-1, max-image-preview:large, max-video-preview:-1\" \/>\n<link rel=\"canonical\" href=\"https:\/\/www.institut-myologie.org\/imotion\/faq\/\" \/>\n<meta property=\"og:locale\" content=\"fr_FR\" \/>\n<meta property=\"og:type\" content=\"article\" \/>\n<meta property=\"og:title\" content=\"FAQ - I-Motion\" \/>\n<meta property=\"og:description\" content=\"Infos pratiques Comment rejoindre l&rsquo;Institut I-Motion ?Vous trouverez ici un plan d&rsquo;acc\u00e8s et les coordonn\u00e9es de l&rsquo;institut. Comment prendre rendez-vous pour une consultation m\u00e9dicale ?Vous pouvez contacter le secr\u00e9tariat m\u00e9dical :Malgorzata Tota : \u00a0consultation-imotion@institut-myologie.org t\u00e9l : + 33 (0)1 44 73 65 37 \u00a0 Essais cliniques Comment peut-on participer aux essais cliniques ? Pour participer &hellip; Continued\" \/>\n<meta property=\"og:url\" content=\"https:\/\/www.institut-myologie.org\/imotion\/faq\/\" \/>\n<meta property=\"og:site_name\" content=\"I-Motion\" \/>\n<meta property=\"article:modified_time\" content=\"2024-03-21T17:17:42+00:00\" \/>\n<meta name=\"twitter:card\" content=\"summary_large_image\" \/>\n<meta name=\"twitter:label1\" content=\"Dur\u00e9e de lecture estim\u00e9e\" \/>\n\t<meta name=\"twitter:data1\" content=\"1 minute\" \/>\n<script type=\"application\/ld+json\" class=\"yoast-schema-graph\">{\"@context\":\"https:\/\/schema.org\",\"@graph\":[{\"@type\":\"WebPage\",\"@id\":\"https:\/\/www.institut-myologie.org\/imotion\/faq\/\",\"url\":\"https:\/\/www.institut-myologie.org\/imotion\/faq\/\",\"name\":\"FAQ - I-Motion\",\"isPartOf\":{\"@id\":\"https:\/\/www.institut-myologie.org\/imotion\/#website\"},\"datePublished\":\"2016-11-21T12:57:07+00:00\",\"dateModified\":\"2024-03-21T17:17:42+00:00\",\"breadcrumb\":{\"@id\":\"https:\/\/www.institut-myologie.org\/imotion\/faq\/#breadcrumb\"},\"inLanguage\":\"fr-FR\",\"potentialAction\":[{\"@type\":\"ReadAction\",\"target\":[\"https:\/\/www.institut-myologie.org\/imotion\/faq\/\"]}]},{\"@type\":\"BreadcrumbList\",\"@id\":\"https:\/\/www.institut-myologie.org\/imotion\/faq\/#breadcrumb\",\"itemListElement\":[{\"@type\":\"ListItem\",\"position\":1,\"name\":\"Home\",\"item\":\"https:\/\/www.institut-myologie.org\/imotion\/\"},{\"@type\":\"ListItem\",\"position\":2,\"name\":\"FAQ\"}]},{\"@type\":\"WebSite\",\"@id\":\"https:\/\/www.institut-myologie.org\/imotion\/#website\",\"url\":\"https:\/\/www.institut-myologie.org\/imotion\/\",\"name\":\"I-Motion\",\"description\":\"Plateforme d&#039;essais cliniques p\u00e9diatriques pour les maladies neuromusculaires\",\"publisher\":{\"@id\":\"https:\/\/www.institut-myologie.org\/imotion\/#organization\"},\"potentialAction\":[{\"@type\":\"SearchAction\",\"target\":{\"@type\":\"EntryPoint\",\"urlTemplate\":\"https:\/\/www.institut-myologie.org\/imotion\/?s={search_term_string}\"},\"query-input\":{\"@type\":\"PropertyValueSpecification\",\"valueRequired\":true,\"valueName\":\"search_term_string\"}}],\"inLanguage\":\"fr-FR\"},{\"@type\":\"Organization\",\"@id\":\"https:\/\/www.institut-myologie.org\/imotion\/#organization\",\"name\":\"Institut I-Motion\",\"url\":\"https:\/\/www.institut-myologie.org\/imotion\/\",\"logo\":{\"@type\":\"ImageObject\",\"inLanguage\":\"fr-FR\",\"@id\":\"https:\/\/www.institut-myologie.org\/imotion\/#\/schema\/logo\/image\/\",\"url\":\"https:\/\/www.institut-myologie.org\/imotion\/wp-content\/uploads\/2016\/08\/logoImotion.png\",\"contentUrl\":\"https:\/\/www.institut-myologie.org\/imotion\/wp-content\/uploads\/2016\/08\/logoImotion.png\",\"width\":150,\"height\":51,\"caption\":\"Institut I-Motion\"},\"image\":{\"@id\":\"https:\/\/www.institut-myologie.org\/imotion\/#\/schema\/logo\/image\/\"}}]}<\/script>\n<!-- \/ Yoast SEO plugin. -->","yoast_head_json":{"title":"FAQ - I-Motion","robots":{"index":"index","follow":"follow","max-snippet":"max-snippet:-1","max-image-preview":"max-image-preview:large","max-video-preview":"max-video-preview:-1"},"canonical":"https:\/\/www.institut-myologie.org\/imotion\/faq\/","og_locale":"fr_FR","og_type":"article","og_title":"FAQ - I-Motion","og_description":"Infos pratiques Comment rejoindre l&rsquo;Institut I-Motion ?Vous trouverez ici un plan d&rsquo;acc\u00e8s et les coordonn\u00e9es de l&rsquo;institut. Comment prendre rendez-vous pour une consultation m\u00e9dicale ?Vous pouvez contacter le secr\u00e9tariat m\u00e9dical :Malgorzata Tota : \u00a0consultation-imotion@institut-myologie.org t\u00e9l : + 33 (0)1 44 73 65 37 \u00a0 Essais cliniques Comment peut-on participer aux essais cliniques ? Pour participer &hellip; Continued","og_url":"https:\/\/www.institut-myologie.org\/imotion\/faq\/","og_site_name":"I-Motion","article_modified_time":"2024-03-21T17:17:42+00:00","twitter_card":"summary_large_image","twitter_misc":{"Dur\u00e9e de lecture estim\u00e9e":"1 minute"},"schema":{"@context":"https:\/\/schema.org","@graph":[{"@type":"WebPage","@id":"https:\/\/www.institut-myologie.org\/imotion\/faq\/","url":"https:\/\/www.institut-myologie.org\/imotion\/faq\/","name":"FAQ - I-Motion","isPartOf":{"@id":"https:\/\/www.institut-myologie.org\/imotion\/#website"},"datePublished":"2016-11-21T12:57:07+00:00","dateModified":"2024-03-21T17:17:42+00:00","breadcrumb":{"@id":"https:\/\/www.institut-myologie.org\/imotion\/faq\/#breadcrumb"},"inLanguage":"fr-FR","potentialAction":[{"@type":"ReadAction","target":["https:\/\/www.institut-myologie.org\/imotion\/faq\/"]}]},{"@type":"BreadcrumbList","@id":"https:\/\/www.institut-myologie.org\/imotion\/faq\/#breadcrumb","itemListElement":[{"@type":"ListItem","position":1,"name":"Home","item":"https:\/\/www.institut-myologie.org\/imotion\/"},{"@type":"ListItem","position":2,"name":"FAQ"}]},{"@type":"WebSite","@id":"https:\/\/www.institut-myologie.org\/imotion\/#website","url":"https:\/\/www.institut-myologie.org\/imotion\/","name":"I-Motion","description":"Plateforme d&#039;essais cliniques p\u00e9diatriques pour les maladies neuromusculaires","publisher":{"@id":"https:\/\/www.institut-myologie.org\/imotion\/#organization"},"potentialAction":[{"@type":"SearchAction","target":{"@type":"EntryPoint","urlTemplate":"https:\/\/www.institut-myologie.org\/imotion\/?s={search_term_string}"},"query-input":{"@type":"PropertyValueSpecification","valueRequired":true,"valueName":"search_term_string"}}],"inLanguage":"fr-FR"},{"@type":"Organization","@id":"https:\/\/www.institut-myologie.org\/imotion\/#organization","name":"Institut I-Motion","url":"https:\/\/www.institut-myologie.org\/imotion\/","logo":{"@type":"ImageObject","inLanguage":"fr-FR","@id":"https:\/\/www.institut-myologie.org\/imotion\/#\/schema\/logo\/image\/","url":"https:\/\/www.institut-myologie.org\/imotion\/wp-content\/uploads\/2016\/08\/logoImotion.png","contentUrl":"https:\/\/www.institut-myologie.org\/imotion\/wp-content\/uploads\/2016\/08\/logoImotion.png","width":150,"height":51,"caption":"Institut I-Motion"},"image":{"@id":"https:\/\/www.institut-myologie.org\/imotion\/#\/schema\/logo\/image\/"}}]}},"_links":{"self":[{"href":"https:\/\/www.institut-myologie.org\/imotion\/wp-json\/wp\/v2\/pages\/552","targetHints":{"allow":["GET"]}}],"collection":[{"href":"https:\/\/www.institut-myologie.org\/imotion\/wp-json\/wp\/v2\/pages"}],"about":[{"href":"https:\/\/www.institut-myologie.org\/imotion\/wp-json\/wp\/v2\/types\/page"}],"author":[{"embeddable":true,"href":"https:\/\/www.institut-myologie.org\/imotion\/wp-json\/wp\/v2\/users\/1"}],"replies":[{"embeddable":true,"href":"https:\/\/www.institut-myologie.org\/imotion\/wp-json\/wp\/v2\/comments?post=552"}],"version-history":[{"count":17,"href":"https:\/\/www.institut-myologie.org\/imotion\/wp-json\/wp\/v2\/pages\/552\/revisions"}],"predecessor-version":[{"id":2927,"href":"https:\/\/www.institut-myologie.org\/imotion\/wp-json\/wp\/v2\/pages\/552\/revisions\/2927"}],"wp:attachment":[{"href":"https:\/\/www.institut-myologie.org\/imotion\/wp-json\/wp\/v2\/media?parent=552"}],"curies":[{"name":"wp","href":"https:\/\/api.w.org\/{rel}","templated":true}]}}