{"id":550,"date":"2016-11-21T12:56:14","date_gmt":"2016-11-21T12:56:14","guid":{"rendered":"https:\/\/www.institut-myologie.org\/imotion\/?page_id=550"},"modified":"2023-04-03T13:46:24","modified_gmt":"2023-04-03T11:46:24","slug":"contact","status":"publish","type":"page","link":"https:\/\/www.institut-myologie.org\/imotion\/contact\/","title":{"rendered":"Contact"},"content":{"rendered":"<h2>Nous contacter<\/h2>\n<p>L&rsquo;Institut I-Motion est situ\u00e9 au sein de l&rsquo;h\u00f4pital Trousseau \u00e0 Paris :<\/p>\n<p style=\"padding-left: 30px;\"><strong>I-Motion \/ Groupe Hospitalier Trousseau La Roche-Guyon<\/strong><br \/>\n<strong>B\u00e2timent Lemariey n\u00b020<\/strong><br \/>\n<strong>26 Avenue du Docteur Arnold Netter<\/strong><br \/>\n<strong>75571 Paris Cedex 12<\/strong><\/p>\n<p style=\"padding-left: 30px;\"><strong>T\u00e9l :<\/strong> (+33) 1 44 73 65 44 ou 37<\/p>\n<p style=\"padding-left: 30px;\"><img loading=\"lazy\" decoding=\"async\" class=\"aligncenter wp-image-736 size-full\" src=\"https:\/\/www.institut-myologie.org\/imotion\/wp-content\/uploads\/2016\/11\/Plan-acces-i-motion-06-12-2016.jpg\" alt=\"Plan-acces-i-motion-06-12-2016\" width=\"1000\" height=\"705\" srcset=\"https:\/\/www.institut-myologie.org\/imotion\/wp-content\/uploads\/2016\/11\/Plan-acces-i-motion-06-12-2016.jpg 1000w, https:\/\/www.institut-myologie.org\/imotion\/wp-content\/uploads\/2016\/11\/Plan-acces-i-motion-06-12-2016-300x212.jpg 300w, https:\/\/www.institut-myologie.org\/imotion\/wp-content\/uploads\/2016\/11\/Plan-acces-i-motion-06-12-2016-768x541.jpg 768w\" sizes=\"auto, (max-width: 1000px) 100vw, 1000px\" \/><\/p>\n<h2>Prendre rendez-vous<\/h2>\n<p>Pour prendre rendez-vous pour une consultation, merci de contacter la secr\u00e9taire m\u00e9dicale : <a href=\"mailto:consultation-imotion@institut-myologie.org\">consultation-imotion@institut-myologie.org<\/a><br \/>\nt\u00e9l : + 33 (0)1 44 73 65 37<\/p>\n","protected":false},"excerpt":{"rendered":"<p>Nous contacter L&rsquo;Institut I-Motion est situ\u00e9 au sein de l&rsquo;h\u00f4pital Trousseau \u00e0 Paris : I-Motion \/ Groupe Hospitalier Trousseau La Roche-Guyon B\u00e2timent Lemariey n\u00b020 26 Avenue du Docteur Arnold Netter 75571 Paris Cedex 12 T\u00e9l : (+33) 1 44 73 65 44 ou 37 Prendre rendez-vous Pour prendre rendez-vous pour une consultation, merci de contacter &hellip; <a href=\"https:\/\/www.institut-myologie.org\/imotion\/contact\/\">Continued<\/a><\/p>\n","protected":false},"author":1,"featured_media":0,"parent":0,"menu_order":0,"comment_status":"closed","ping_status":"closed","template":"","meta":{"_acf_changed":false,"footnotes":""},"class_list":["post-550","page","type-page","status-publish","hentry"],"acf":[],"yoast_head":"<!-- This site is optimized with the Yoast SEO plugin v27.1.1 - https:\/\/yoast.com\/product\/yoast-seo-wordpress\/ -->\n<title>Contact - I-Motion<\/title>\n<meta name=\"robots\" content=\"index, follow, max-snippet:-1, max-image-preview:large, max-video-preview:-1\" \/>\n<link rel=\"canonical\" href=\"https:\/\/www.institut-myologie.org\/imotion\/contact\/\" \/>\n<meta property=\"og:locale\" content=\"fr_FR\" \/>\n<meta property=\"og:type\" content=\"article\" \/>\n<meta property=\"og:title\" content=\"Contact - I-Motion\" \/>\n<meta property=\"og:description\" content=\"Nous contacter L&rsquo;Institut I-Motion est situ\u00e9 au sein de l&rsquo;h\u00f4pital Trousseau \u00e0 Paris : I-Motion \/ Groupe Hospitalier Trousseau La Roche-Guyon B\u00e2timent Lemariey n\u00b020 26 Avenue du Docteur Arnold Netter 75571 Paris Cedex 12 T\u00e9l : (+33) 1 44 73 65 44 ou 37 Prendre rendez-vous Pour prendre rendez-vous pour une consultation, merci de contacter &hellip; Continued\" \/>\n<meta property=\"og:url\" content=\"https:\/\/www.institut-myologie.org\/imotion\/contact\/\" \/>\n<meta property=\"og:site_name\" content=\"I-Motion\" \/>\n<meta property=\"article:modified_time\" content=\"2023-04-03T11:46:24+00:00\" \/>\n<meta property=\"og:image\" content=\"https:\/\/www.institut-myologie.org\/imotion\/wp-content\/uploads\/2016\/11\/Plan-acces-i-motion-06-12-2016.jpg\" \/>\n<meta name=\"twitter:card\" content=\"summary_large_image\" \/>\n<meta name=\"twitter:label1\" content=\"Dur\u00e9e de lecture estim\u00e9e\" \/>\n\t<meta name=\"twitter:data1\" content=\"1 minute\" \/>\n<script type=\"application\/ld+json\" class=\"yoast-schema-graph\">{\"@context\":\"https:\/\/schema.org\",\"@graph\":[{\"@type\":\"WebPage\",\"@id\":\"https:\/\/www.institut-myologie.org\/imotion\/contact\/\",\"url\":\"https:\/\/www.institut-myologie.org\/imotion\/contact\/\",\"name\":\"Contact - I-Motion\",\"isPartOf\":{\"@id\":\"https:\/\/www.institut-myologie.org\/imotion\/#website\"},\"primaryImageOfPage\":{\"@id\":\"https:\/\/www.institut-myologie.org\/imotion\/contact\/#primaryimage\"},\"image\":{\"@id\":\"https:\/\/www.institut-myologie.org\/imotion\/contact\/#primaryimage\"},\"thumbnailUrl\":\"https:\/\/www.institut-myologie.org\/imotion\/wp-content\/uploads\/2016\/11\/Plan-acces-i-motion-06-12-2016.jpg\",\"datePublished\":\"2016-11-21T12:56:14+00:00\",\"dateModified\":\"2023-04-03T11:46:24+00:00\",\"breadcrumb\":{\"@id\":\"https:\/\/www.institut-myologie.org\/imotion\/contact\/#breadcrumb\"},\"inLanguage\":\"fr-FR\",\"potentialAction\":[{\"@type\":\"ReadAction\",\"target\":[\"https:\/\/www.institut-myologie.org\/imotion\/contact\/\"]}]},{\"@type\":\"ImageObject\",\"inLanguage\":\"fr-FR\",\"@id\":\"https:\/\/www.institut-myologie.org\/imotion\/contact\/#primaryimage\",\"url\":\"https:\/\/www.institut-myologie.org\/imotion\/wp-content\/uploads\/2016\/11\/Plan-acces-i-motion-06-12-2016.jpg\",\"contentUrl\":\"https:\/\/www.institut-myologie.org\/imotion\/wp-content\/uploads\/2016\/11\/Plan-acces-i-motion-06-12-2016.jpg\",\"width\":1000,\"height\":705},{\"@type\":\"BreadcrumbList\",\"@id\":\"https:\/\/www.institut-myologie.org\/imotion\/contact\/#breadcrumb\",\"itemListElement\":[{\"@type\":\"ListItem\",\"position\":1,\"name\":\"Home\",\"item\":\"https:\/\/www.institut-myologie.org\/imotion\/\"},{\"@type\":\"ListItem\",\"position\":2,\"name\":\"Contact\"}]},{\"@type\":\"WebSite\",\"@id\":\"https:\/\/www.institut-myologie.org\/imotion\/#website\",\"url\":\"https:\/\/www.institut-myologie.org\/imotion\/\",\"name\":\"I-Motion\",\"description\":\"Plateforme d&#039;essais cliniques p\u00e9diatriques pour les maladies neuromusculaires\",\"publisher\":{\"@id\":\"https:\/\/www.institut-myologie.org\/imotion\/#organization\"},\"potentialAction\":[{\"@type\":\"SearchAction\",\"target\":{\"@type\":\"EntryPoint\",\"urlTemplate\":\"https:\/\/www.institut-myologie.org\/imotion\/?s={search_term_string}\"},\"query-input\":{\"@type\":\"PropertyValueSpecification\",\"valueRequired\":true,\"valueName\":\"search_term_string\"}}],\"inLanguage\":\"fr-FR\"},{\"@type\":\"Organization\",\"@id\":\"https:\/\/www.institut-myologie.org\/imotion\/#organization\",\"name\":\"Institut I-Motion\",\"url\":\"https:\/\/www.institut-myologie.org\/imotion\/\",\"logo\":{\"@type\":\"ImageObject\",\"inLanguage\":\"fr-FR\",\"@id\":\"https:\/\/www.institut-myologie.org\/imotion\/#\/schema\/logo\/image\/\",\"url\":\"https:\/\/www.institut-myologie.org\/imotion\/wp-content\/uploads\/2016\/08\/logoImotion.png\",\"contentUrl\":\"https:\/\/www.institut-myologie.org\/imotion\/wp-content\/uploads\/2016\/08\/logoImotion.png\",\"width\":150,\"height\":51,\"caption\":\"Institut I-Motion\"},\"image\":{\"@id\":\"https:\/\/www.institut-myologie.org\/imotion\/#\/schema\/logo\/image\/\"}}]}<\/script>\n<!-- \/ Yoast SEO plugin. -->","yoast_head_json":{"title":"Contact - I-Motion","robots":{"index":"index","follow":"follow","max-snippet":"max-snippet:-1","max-image-preview":"max-image-preview:large","max-video-preview":"max-video-preview:-1"},"canonical":"https:\/\/www.institut-myologie.org\/imotion\/contact\/","og_locale":"fr_FR","og_type":"article","og_title":"Contact - I-Motion","og_description":"Nous contacter L&rsquo;Institut I-Motion est situ\u00e9 au sein de l&rsquo;h\u00f4pital Trousseau \u00e0 Paris : I-Motion \/ Groupe Hospitalier Trousseau La Roche-Guyon B\u00e2timent Lemariey n\u00b020 26 Avenue du Docteur Arnold Netter 75571 Paris Cedex 12 T\u00e9l : (+33) 1 44 73 65 44 ou 37 Prendre rendez-vous Pour prendre rendez-vous pour une consultation, merci de contacter &hellip; Continued","og_url":"https:\/\/www.institut-myologie.org\/imotion\/contact\/","og_site_name":"I-Motion","article_modified_time":"2023-04-03T11:46:24+00:00","og_image":[{"url":"https:\/\/www.institut-myologie.org\/imotion\/wp-content\/uploads\/2016\/11\/Plan-acces-i-motion-06-12-2016.jpg","type":"","width":"","height":""}],"twitter_card":"summary_large_image","twitter_misc":{"Dur\u00e9e de lecture estim\u00e9e":"1 minute"},"schema":{"@context":"https:\/\/schema.org","@graph":[{"@type":"WebPage","@id":"https:\/\/www.institut-myologie.org\/imotion\/contact\/","url":"https:\/\/www.institut-myologie.org\/imotion\/contact\/","name":"Contact - I-Motion","isPartOf":{"@id":"https:\/\/www.institut-myologie.org\/imotion\/#website"},"primaryImageOfPage":{"@id":"https:\/\/www.institut-myologie.org\/imotion\/contact\/#primaryimage"},"image":{"@id":"https:\/\/www.institut-myologie.org\/imotion\/contact\/#primaryimage"},"thumbnailUrl":"https:\/\/www.institut-myologie.org\/imotion\/wp-content\/uploads\/2016\/11\/Plan-acces-i-motion-06-12-2016.jpg","datePublished":"2016-11-21T12:56:14+00:00","dateModified":"2023-04-03T11:46:24+00:00","breadcrumb":{"@id":"https:\/\/www.institut-myologie.org\/imotion\/contact\/#breadcrumb"},"inLanguage":"fr-FR","potentialAction":[{"@type":"ReadAction","target":["https:\/\/www.institut-myologie.org\/imotion\/contact\/"]}]},{"@type":"ImageObject","inLanguage":"fr-FR","@id":"https:\/\/www.institut-myologie.org\/imotion\/contact\/#primaryimage","url":"https:\/\/www.institut-myologie.org\/imotion\/wp-content\/uploads\/2016\/11\/Plan-acces-i-motion-06-12-2016.jpg","contentUrl":"https:\/\/www.institut-myologie.org\/imotion\/wp-content\/uploads\/2016\/11\/Plan-acces-i-motion-06-12-2016.jpg","width":1000,"height":705},{"@type":"BreadcrumbList","@id":"https:\/\/www.institut-myologie.org\/imotion\/contact\/#breadcrumb","itemListElement":[{"@type":"ListItem","position":1,"name":"Home","item":"https:\/\/www.institut-myologie.org\/imotion\/"},{"@type":"ListItem","position":2,"name":"Contact"}]},{"@type":"WebSite","@id":"https:\/\/www.institut-myologie.org\/imotion\/#website","url":"https:\/\/www.institut-myologie.org\/imotion\/","name":"I-Motion","description":"Plateforme d&#039;essais cliniques p\u00e9diatriques pour les maladies neuromusculaires","publisher":{"@id":"https:\/\/www.institut-myologie.org\/imotion\/#organization"},"potentialAction":[{"@type":"SearchAction","target":{"@type":"EntryPoint","urlTemplate":"https:\/\/www.institut-myologie.org\/imotion\/?s={search_term_string}"},"query-input":{"@type":"PropertyValueSpecification","valueRequired":true,"valueName":"search_term_string"}}],"inLanguage":"fr-FR"},{"@type":"Organization","@id":"https:\/\/www.institut-myologie.org\/imotion\/#organization","name":"Institut I-Motion","url":"https:\/\/www.institut-myologie.org\/imotion\/","logo":{"@type":"ImageObject","inLanguage":"fr-FR","@id":"https:\/\/www.institut-myologie.org\/imotion\/#\/schema\/logo\/image\/","url":"https:\/\/www.institut-myologie.org\/imotion\/wp-content\/uploads\/2016\/08\/logoImotion.png","contentUrl":"https:\/\/www.institut-myologie.org\/imotion\/wp-content\/uploads\/2016\/08\/logoImotion.png","width":150,"height":51,"caption":"Institut I-Motion"},"image":{"@id":"https:\/\/www.institut-myologie.org\/imotion\/#\/schema\/logo\/image\/"}}]}},"_links":{"self":[{"href":"https:\/\/www.institut-myologie.org\/imotion\/wp-json\/wp\/v2\/pages\/550","targetHints":{"allow":["GET"]}}],"collection":[{"href":"https:\/\/www.institut-myologie.org\/imotion\/wp-json\/wp\/v2\/pages"}],"about":[{"href":"https:\/\/www.institut-myologie.org\/imotion\/wp-json\/wp\/v2\/types\/page"}],"author":[{"embeddable":true,"href":"https:\/\/www.institut-myologie.org\/imotion\/wp-json\/wp\/v2\/users\/1"}],"replies":[{"embeddable":true,"href":"https:\/\/www.institut-myologie.org\/imotion\/wp-json\/wp\/v2\/comments?post=550"}],"version-history":[{"count":6,"href":"https:\/\/www.institut-myologie.org\/imotion\/wp-json\/wp\/v2\/pages\/550\/revisions"}],"predecessor-version":[{"id":2866,"href":"https:\/\/www.institut-myologie.org\/imotion\/wp-json\/wp\/v2\/pages\/550\/revisions\/2866"}],"wp:attachment":[{"href":"https:\/\/www.institut-myologie.org\/imotion\/wp-json\/wp\/v2\/media?parent=550"}],"curies":[{"name":"wp","href":"https:\/\/api.w.org\/{rel}","templated":true}]}}