{"id":333,"date":"2016-11-09T16:58:32","date_gmt":"2016-11-09T16:58:32","guid":{"rendered":"https:\/\/www.institut-myologie.org\/imotion\/?page_id=333"},"modified":"2023-04-03T14:01:26","modified_gmt":"2023-04-03T12:01:26","slug":"infos-pratiques","status":"publish","type":"page","link":"https:\/\/www.institut-myologie.org\/imotion\/infos-pratiques\/","title":{"rendered":"Infos pratiques"},"content":{"rendered":"<h2>Prendre rendez-vous pour une consultation<\/h2>\n<div class=\"entry__gallery packery row large-12\"><div class=\"col-4 entry__gallery__column\"><div class=\"entry__image column\"><div class=\"background-container\" style=\"background-image:url(https:\/\/www.institut-myologie.org\/imotion\/wp-content\/uploads\/2021\/12\/AFMTLT_201027_IMOTION_Consult_Enf_DMD_CH_032-modif.png)\"><\/div><\/div><\/div><div class=\"col-4 entry__gallery__column\"><div class=\"entry__image column\"><div class=\"background-container\" style=\"background-image:url(https:\/\/www.institut-myologie.org\/imotion\/wp-content\/uploads\/2021\/12\/AFMTLT_201104_IMOTION_Consult_Enf_DMD_CH_029-modif.png)\"><\/div><\/div><\/div><div class=\"col-4 entry__gallery__column\"><div class=\"entry__image column\"><div class=\"background-container\" style=\"background-image:url(https:\/\/www.institut-myologie.org\/imotion\/wp-content\/uploads\/2021\/12\/AFMTLT_201027_IMOTION_Consult_Enf_DMD_CH_017-modif.png)\"><\/div><\/div><\/div><\/div>\n<p>Pour prendre rendez-vous, merci de contacter Malgorzata Tota par mail de fa\u00e7on prioritaire : <a href=\"mailto:consultation-imotion@institut-myologie.org\">consultation-imotion@institut-myologie.org<\/a><br \/>\nou par t\u00e9l\u00e9phone du Lundi au Jeudi de 10h00 \u00e0 16h00 : + 33 (0)1 44 73 65 37<\/p>\n<h2>Se rendre \u00e0 I-Motion<\/h2>\n<p>Adresse postale :<br \/>\n<strong>I-Motion \/ Groupe Hospitalier Trousseau La Roche-Guyon<\/strong><br \/>\n<strong> B\u00e2timent Lemariey n\u00b020<\/strong><br \/>\n<strong> 26 avenue du Dr Arnold Netter<\/strong><br \/>\n<strong> 75012 Paris<\/strong><\/p>\n<p>Entr\u00e9e pi\u00e9tonne :<br \/>\n<strong>26 avenue du Dr Arnold Netter<\/strong><br \/>\n<strong> 75012 Paris<\/strong><\/p>\n<p><a href=\"https:\/\/www.institut-myologie.org\/imotion\/wp-content\/uploads\/2016\/11\/Plan-acces-i-motion-06-12-2016.jpg\" target=\"_blank\" rel=\"noopener noreferrer\"><img loading=\"lazy\" decoding=\"async\" class=\"aligncenter wp-image-736\" src=\"https:\/\/www.institut-myologie.org\/imotion\/wp-content\/uploads\/2016\/11\/Plan-acces-i-motion-06-12-2016.jpg\" alt=\"Plan-acces-i-motion-06-12-2016\" width=\"900\" height=\"635\" srcset=\"https:\/\/www.institut-myologie.org\/imotion\/wp-content\/uploads\/2016\/11\/Plan-acces-i-motion-06-12-2016.jpg 1000w, https:\/\/www.institut-myologie.org\/imotion\/wp-content\/uploads\/2016\/11\/Plan-acces-i-motion-06-12-2016-300x212.jpg 300w, https:\/\/www.institut-myologie.org\/imotion\/wp-content\/uploads\/2016\/11\/Plan-acces-i-motion-06-12-2016-768x541.jpg 768w\" sizes=\"auto, (max-width: 900px) 100vw, 900px\" \/><\/a><\/p>\n","protected":false},"excerpt":{"rendered":"<p>Prendre rendez-vous pour une consultation Pour prendre rendez-vous, merci de contacter Malgorzata Tota par mail de fa\u00e7on prioritaire : consultation-imotion@institut-myologie.org ou par t\u00e9l\u00e9phone du Lundi au Jeudi de 10h00 \u00e0 16h00 : + 33 (0)1 44 73 65 37 Se rendre \u00e0 I-Motion Adresse postale : I-Motion \/ Groupe Hospitalier Trousseau La Roche-Guyon B\u00e2timent Lemariey &hellip; <a href=\"https:\/\/www.institut-myologie.org\/imotion\/infos-pratiques\/\">Continued<\/a><\/p>\n","protected":false},"author":3,"featured_media":0,"parent":0,"menu_order":0,"comment_status":"closed","ping_status":"closed","template":"","meta":{"_acf_changed":false,"footnotes":""},"class_list":["post-333","page","type-page","status-publish","hentry"],"acf":[],"yoast_head":"<!-- This site is optimized with the Yoast SEO plugin v27.1.1 - https:\/\/yoast.com\/product\/yoast-seo-wordpress\/ -->\n<title>Infos pratiques - I-Motion<\/title>\n<meta name=\"description\" content=\"Prendre rendez-vous \u00e0 I-Motion. Pour se rendre \u00e0 I-Motion.\" \/>\n<meta name=\"robots\" content=\"index, follow, max-snippet:-1, max-image-preview:large, max-video-preview:-1\" \/>\n<link rel=\"canonical\" href=\"https:\/\/www.institut-myologie.org\/imotion\/infos-pratiques\/\" \/>\n<meta property=\"og:locale\" content=\"fr_FR\" \/>\n<meta property=\"og:type\" content=\"article\" \/>\n<meta property=\"og:title\" content=\"Infos pratiques - I-Motion\" \/>\n<meta property=\"og:description\" content=\"Prendre rendez-vous \u00e0 I-Motion. Pour se rendre \u00e0 I-Motion.\" \/>\n<meta property=\"og:url\" content=\"https:\/\/www.institut-myologie.org\/imotion\/infos-pratiques\/\" \/>\n<meta property=\"og:site_name\" content=\"I-Motion\" \/>\n<meta property=\"article:modified_time\" content=\"2023-04-03T12:01:26+00:00\" \/>\n<meta property=\"og:image\" content=\"https:\/\/www.institut-myologie.org\/imotion\/wp-content\/uploads\/2016\/11\/Plan-acces-i-motion-06-12-2016.jpg\" \/>\n<meta name=\"twitter:card\" content=\"summary_large_image\" \/>\n<meta name=\"twitter:label1\" content=\"Dur\u00e9e de lecture estim\u00e9e\" \/>\n\t<meta name=\"twitter:data1\" content=\"1 minute\" \/>\n<script type=\"application\/ld+json\" class=\"yoast-schema-graph\">{\"@context\":\"https:\/\/schema.org\",\"@graph\":[{\"@type\":\"WebPage\",\"@id\":\"https:\/\/www.institut-myologie.org\/imotion\/infos-pratiques\/\",\"url\":\"https:\/\/www.institut-myologie.org\/imotion\/infos-pratiques\/\",\"name\":\"Infos pratiques - I-Motion\",\"isPartOf\":{\"@id\":\"https:\/\/www.institut-myologie.org\/imotion\/#website\"},\"primaryImageOfPage\":{\"@id\":\"https:\/\/www.institut-myologie.org\/imotion\/infos-pratiques\/#primaryimage\"},\"image\":{\"@id\":\"https:\/\/www.institut-myologie.org\/imotion\/infos-pratiques\/#primaryimage\"},\"thumbnailUrl\":\"https:\/\/www.institut-myologie.org\/imotion\/wp-content\/uploads\/2016\/11\/Plan-acces-i-motion-06-12-2016.jpg\",\"datePublished\":\"2016-11-09T16:58:32+00:00\",\"dateModified\":\"2023-04-03T12:01:26+00:00\",\"description\":\"Prendre rendez-vous \u00e0 I-Motion. Pour se rendre \u00e0 I-Motion.\",\"breadcrumb\":{\"@id\":\"https:\/\/www.institut-myologie.org\/imotion\/infos-pratiques\/#breadcrumb\"},\"inLanguage\":\"fr-FR\",\"potentialAction\":[{\"@type\":\"ReadAction\",\"target\":[\"https:\/\/www.institut-myologie.org\/imotion\/infos-pratiques\/\"]}]},{\"@type\":\"ImageObject\",\"inLanguage\":\"fr-FR\",\"@id\":\"https:\/\/www.institut-myologie.org\/imotion\/infos-pratiques\/#primaryimage\",\"url\":\"https:\/\/www.institut-myologie.org\/imotion\/wp-content\/uploads\/2016\/11\/Plan-acces-i-motion-06-12-2016.jpg\",\"contentUrl\":\"https:\/\/www.institut-myologie.org\/imotion\/wp-content\/uploads\/2016\/11\/Plan-acces-i-motion-06-12-2016.jpg\",\"width\":1000,\"height\":705},{\"@type\":\"BreadcrumbList\",\"@id\":\"https:\/\/www.institut-myologie.org\/imotion\/infos-pratiques\/#breadcrumb\",\"itemListElement\":[{\"@type\":\"ListItem\",\"position\":1,\"name\":\"Home\",\"item\":\"https:\/\/www.institut-myologie.org\/imotion\/\"},{\"@type\":\"ListItem\",\"position\":2,\"name\":\"Infos pratiques\"}]},{\"@type\":\"WebSite\",\"@id\":\"https:\/\/www.institut-myologie.org\/imotion\/#website\",\"url\":\"https:\/\/www.institut-myologie.org\/imotion\/\",\"name\":\"I-Motion\",\"description\":\"Plateforme d&#039;essais cliniques p\u00e9diatriques pour les maladies neuromusculaires\",\"publisher\":{\"@id\":\"https:\/\/www.institut-myologie.org\/imotion\/#organization\"},\"potentialAction\":[{\"@type\":\"SearchAction\",\"target\":{\"@type\":\"EntryPoint\",\"urlTemplate\":\"https:\/\/www.institut-myologie.org\/imotion\/?s={search_term_string}\"},\"query-input\":{\"@type\":\"PropertyValueSpecification\",\"valueRequired\":true,\"valueName\":\"search_term_string\"}}],\"inLanguage\":\"fr-FR\"},{\"@type\":\"Organization\",\"@id\":\"https:\/\/www.institut-myologie.org\/imotion\/#organization\",\"name\":\"Institut I-Motion\",\"url\":\"https:\/\/www.institut-myologie.org\/imotion\/\",\"logo\":{\"@type\":\"ImageObject\",\"inLanguage\":\"fr-FR\",\"@id\":\"https:\/\/www.institut-myologie.org\/imotion\/#\/schema\/logo\/image\/\",\"url\":\"https:\/\/www.institut-myologie.org\/imotion\/wp-content\/uploads\/2016\/08\/logoImotion.png\",\"contentUrl\":\"https:\/\/www.institut-myologie.org\/imotion\/wp-content\/uploads\/2016\/08\/logoImotion.png\",\"width\":150,\"height\":51,\"caption\":\"Institut I-Motion\"},\"image\":{\"@id\":\"https:\/\/www.institut-myologie.org\/imotion\/#\/schema\/logo\/image\/\"}}]}<\/script>\n<!-- \/ Yoast SEO plugin. -->","yoast_head_json":{"title":"Infos pratiques - I-Motion","description":"Prendre rendez-vous \u00e0 I-Motion. Pour se rendre \u00e0 I-Motion.","robots":{"index":"index","follow":"follow","max-snippet":"max-snippet:-1","max-image-preview":"max-image-preview:large","max-video-preview":"max-video-preview:-1"},"canonical":"https:\/\/www.institut-myologie.org\/imotion\/infos-pratiques\/","og_locale":"fr_FR","og_type":"article","og_title":"Infos pratiques - I-Motion","og_description":"Prendre rendez-vous \u00e0 I-Motion. Pour se rendre \u00e0 I-Motion.","og_url":"https:\/\/www.institut-myologie.org\/imotion\/infos-pratiques\/","og_site_name":"I-Motion","article_modified_time":"2023-04-03T12:01:26+00:00","og_image":[{"url":"https:\/\/www.institut-myologie.org\/imotion\/wp-content\/uploads\/2016\/11\/Plan-acces-i-motion-06-12-2016.jpg","type":"","width":"","height":""}],"twitter_card":"summary_large_image","twitter_misc":{"Dur\u00e9e de lecture estim\u00e9e":"1 minute"},"schema":{"@context":"https:\/\/schema.org","@graph":[{"@type":"WebPage","@id":"https:\/\/www.institut-myologie.org\/imotion\/infos-pratiques\/","url":"https:\/\/www.institut-myologie.org\/imotion\/infos-pratiques\/","name":"Infos pratiques - I-Motion","isPartOf":{"@id":"https:\/\/www.institut-myologie.org\/imotion\/#website"},"primaryImageOfPage":{"@id":"https:\/\/www.institut-myologie.org\/imotion\/infos-pratiques\/#primaryimage"},"image":{"@id":"https:\/\/www.institut-myologie.org\/imotion\/infos-pratiques\/#primaryimage"},"thumbnailUrl":"https:\/\/www.institut-myologie.org\/imotion\/wp-content\/uploads\/2016\/11\/Plan-acces-i-motion-06-12-2016.jpg","datePublished":"2016-11-09T16:58:32+00:00","dateModified":"2023-04-03T12:01:26+00:00","description":"Prendre rendez-vous \u00e0 I-Motion. Pour se rendre \u00e0 I-Motion.","breadcrumb":{"@id":"https:\/\/www.institut-myologie.org\/imotion\/infos-pratiques\/#breadcrumb"},"inLanguage":"fr-FR","potentialAction":[{"@type":"ReadAction","target":["https:\/\/www.institut-myologie.org\/imotion\/infos-pratiques\/"]}]},{"@type":"ImageObject","inLanguage":"fr-FR","@id":"https:\/\/www.institut-myologie.org\/imotion\/infos-pratiques\/#primaryimage","url":"https:\/\/www.institut-myologie.org\/imotion\/wp-content\/uploads\/2016\/11\/Plan-acces-i-motion-06-12-2016.jpg","contentUrl":"https:\/\/www.institut-myologie.org\/imotion\/wp-content\/uploads\/2016\/11\/Plan-acces-i-motion-06-12-2016.jpg","width":1000,"height":705},{"@type":"BreadcrumbList","@id":"https:\/\/www.institut-myologie.org\/imotion\/infos-pratiques\/#breadcrumb","itemListElement":[{"@type":"ListItem","position":1,"name":"Home","item":"https:\/\/www.institut-myologie.org\/imotion\/"},{"@type":"ListItem","position":2,"name":"Infos pratiques"}]},{"@type":"WebSite","@id":"https:\/\/www.institut-myologie.org\/imotion\/#website","url":"https:\/\/www.institut-myologie.org\/imotion\/","name":"I-Motion","description":"Plateforme d&#039;essais cliniques p\u00e9diatriques pour les maladies neuromusculaires","publisher":{"@id":"https:\/\/www.institut-myologie.org\/imotion\/#organization"},"potentialAction":[{"@type":"SearchAction","target":{"@type":"EntryPoint","urlTemplate":"https:\/\/www.institut-myologie.org\/imotion\/?s={search_term_string}"},"query-input":{"@type":"PropertyValueSpecification","valueRequired":true,"valueName":"search_term_string"}}],"inLanguage":"fr-FR"},{"@type":"Organization","@id":"https:\/\/www.institut-myologie.org\/imotion\/#organization","name":"Institut I-Motion","url":"https:\/\/www.institut-myologie.org\/imotion\/","logo":{"@type":"ImageObject","inLanguage":"fr-FR","@id":"https:\/\/www.institut-myologie.org\/imotion\/#\/schema\/logo\/image\/","url":"https:\/\/www.institut-myologie.org\/imotion\/wp-content\/uploads\/2016\/08\/logoImotion.png","contentUrl":"https:\/\/www.institut-myologie.org\/imotion\/wp-content\/uploads\/2016\/08\/logoImotion.png","width":150,"height":51,"caption":"Institut I-Motion"},"image":{"@id":"https:\/\/www.institut-myologie.org\/imotion\/#\/schema\/logo\/image\/"}}]}},"_links":{"self":[{"href":"https:\/\/www.institut-myologie.org\/imotion\/wp-json\/wp\/v2\/pages\/333","targetHints":{"allow":["GET"]}}],"collection":[{"href":"https:\/\/www.institut-myologie.org\/imotion\/wp-json\/wp\/v2\/pages"}],"about":[{"href":"https:\/\/www.institut-myologie.org\/imotion\/wp-json\/wp\/v2\/types\/page"}],"author":[{"embeddable":true,"href":"https:\/\/www.institut-myologie.org\/imotion\/wp-json\/wp\/v2\/users\/3"}],"replies":[{"embeddable":true,"href":"https:\/\/www.institut-myologie.org\/imotion\/wp-json\/wp\/v2\/comments?post=333"}],"version-history":[{"count":27,"href":"https:\/\/www.institut-myologie.org\/imotion\/wp-json\/wp\/v2\/pages\/333\/revisions"}],"predecessor-version":[{"id":2872,"href":"https:\/\/www.institut-myologie.org\/imotion\/wp-json\/wp\/v2\/pages\/333\/revisions\/2872"}],"wp:attachment":[{"href":"https:\/\/www.institut-myologie.org\/imotion\/wp-json\/wp\/v2\/media?parent=333"}],"curies":[{"name":"wp","href":"https:\/\/api.w.org\/{rel}","templated":true}]}}