{"id":329,"date":"2016-11-09T16:54:06","date_gmt":"2016-11-09T16:54:06","guid":{"rendered":"https:\/\/www.institut-myologie.org\/imotion\/?page_id=329"},"modified":"2023-03-20T14:31:17","modified_gmt":"2023-03-20T12:31:17","slug":"la-prise-en-charge-par-les-kinesitherapeutes","status":"publish","type":"page","link":"https:\/\/www.institut-myologie.org\/imotion\/la-prise-en-charge-par-les-kinesitherapeutes\/","title":{"rendered":"La prise en charge par les kin\u00e9sith\u00e9rapeutes"},"content":{"rendered":"<p>Les kin\u00e9sith\u00e9rapeutes assurent, d&rsquo;une part, l&rsquo;\u00e9valuation des capacit\u00e9s de l&rsquo;enfant et, d&rsquo;autre part, son suivi r\u00e9\u00e9ducatif.<\/p>\n<div class=\"entry__gallery packery row large-12\"><div class=\"col-4 entry__gallery__column\"><div class=\"entry__image column\"><div class=\"background-container\" style=\"background-image:url(https:\/\/www.institut-myologie.org\/imotion\/wp-content\/uploads\/2021\/12\/AFMTLT_201027_IMOTION_Consult_Enf_DMD_CH_046-modif-1.png)\"><\/div><\/div><\/div><div class=\"col-4 entry__gallery__column\"><div class=\"entry__image column\"><div class=\"background-container\" style=\"background-image:url(https:\/\/www.institut-myologie.org\/imotion\/wp-content\/uploads\/2021\/12\/AFMTLT_201104_IMOTION_Consult_Enf_DMD_CH_020-modif.png)\"><\/div><\/div><\/div><div class=\"col-4 entry__gallery__column\"><div class=\"entry__image column\"><div class=\"background-container\" style=\"background-image:url(https:\/\/www.institut-myologie.org\/imotion\/wp-content\/uploads\/2021\/12\/AFMTLT_201104_IMOTION_Consult_Enf_DMD_CH_050-modif.png)\"><\/div><\/div><\/div><\/div>\n<h2>\u00c9valuation des capacit\u00e9s de l&rsquo;enfant \u00e0 I-Motion<\/h2>\n<p>L&rsquo;\u00e9valuation des capacit\u00e9s de l\u2019enfant est r\u00e9alis\u00e9e gr\u00e2ce aux <a href=\"https:\/\/www.institut-myologie.org\/imotion\/outils\/\" target=\"_blank\" rel=\"noopener\">diff\u00e9rents tests et outils<\/a> disponibles \u00e0 I-Motion P\u00e9diatrique : test de marche de 6 minutes, MFM, myotools, testing, bilan articulaire complet, bilan respiratoire \u2026\u00a0 Ces \u00e9valuations sont r\u00e9alis\u00e9es afin d\u2019obtenir un suivi objectif de l\u2019\u00e9volution de la pathologie.<\/p>\n<h2>Mise en place d&rsquo;un suivi r\u00e9\u00e9ducatif en ville<\/h2>\n<ul>\n<li>Lorsque l\u2019enfant est d\u00e9j\u00e0 suivi en ville, les kin\u00e9s de la plateforme font r\u00e9guli\u00e8rement des mises au point avec les parents et le th\u00e9rapeute sur la pathologie et sur le programme suivi, qui peut n\u00e9cessiter des r\u00e9ajustements au cours du temps en fonction de l\u2019\u00e9volution de la maladie.<\/li>\n<li>Lors de l\u2019annonce d\u2019un nouveau diagnostic, si la mise en place de r\u00e9\u00e9ducation s&rsquo;av\u00e8re n\u00e9cessaire, les kin\u00e9s de I-Motion aident les familles \u00e0 rechercher un praticien lib\u00e9ral pouvant prendre en charge un enfant porteur de maladie neuromusculaire. Les pathologies trait\u00e9es \u00e0 l&rsquo;Institut \u00e9tant rares, il n\u2019existe, en dehors des centres de r\u00e9f\u00e9rence, pas de \u00ab\u00a0 sp\u00e9cialiste\u00a0 \u00bb en la mati\u00e8re. Des \u00e9changes par t\u00e9l\u00e9phone et\/ou par mail permettent donc d\u2019informer le soignant sur les sp\u00e9cificit\u00e9s de ces pathologies rares. Ensuite, un programme de r\u00e9\u00e9ducation est conjointement mis en place, en fonction du bilan \u00e9tabli en consultation. Les th\u00e9rapeutes appr\u00e9cient souvent d&rsquo;avoir un lien plus simple avec la consultation et une oreille disponible pour r\u00e9pondre \u00e0 leurs questions.<\/li>\n<li>Quand un patient vient de l\u2019\u00e9tranger, la mise en relation avec les th\u00e9rapeutes peut se faire \u00e9galement par mail et t\u00e9l\u00e9phone. Photos et vid\u00e9os r\u00e9alis\u00e9es \u00e0 I-Motion peuvent \u00eatre transmises par les parents.<\/li>\n<li>Lorsque les parents n\u2019ont pas la possibilit\u00e9 d\u2019avoir acc\u00e8s \u00e0 un soignant (ce qui est le cas chez nombre de nos consultants \u00e9trangers), les kin\u00e9s apprennent aux parents \u00e0 r\u00e9aliser un minimum d\u2019exercices, \u00e9tirements&#8230;<\/li>\n<\/ul>\n<p>Ainsi, pour chaque situation et m\u00eame si les conditions ne sont pas toujours optimales, tout est mis en place pour permettre \u00e0 l\u2019enfant d\u2019avoir un suivi personnalis\u00e9. Un compte rendu \u00e9crit de la consultation est remis \u00e0 chaque patient.<\/p>\n","protected":false},"excerpt":{"rendered":"<p>Les kin\u00e9sith\u00e9rapeutes assurent, d&rsquo;une part, l&rsquo;\u00e9valuation des capacit\u00e9s de l&rsquo;enfant et, d&rsquo;autre part, son suivi r\u00e9\u00e9ducatif. \u00c9valuation des capacit\u00e9s de l&rsquo;enfant \u00e0 I-Motion L&rsquo;\u00e9valuation des capacit\u00e9s de l\u2019enfant est r\u00e9alis\u00e9e gr\u00e2ce aux diff\u00e9rents tests et outils disponibles \u00e0 I-Motion P\u00e9diatrique : test de marche de 6 minutes, MFM, myotools, testing, bilan articulaire complet, bilan respiratoire &hellip; <a href=\"https:\/\/www.institut-myologie.org\/imotion\/la-prise-en-charge-par-les-kinesitherapeutes\/\">Continued<\/a><\/p>\n","protected":false},"author":3,"featured_media":0,"parent":0,"menu_order":0,"comment_status":"closed","ping_status":"closed","template":"","meta":{"_acf_changed":false,"footnotes":""},"class_list":["post-329","page","type-page","status-publish","hentry"],"acf":[],"yoast_head":"<!-- This site is optimized with the Yoast SEO plugin v27.1.1 - https:\/\/yoast.com\/product\/yoast-seo-wordpress\/ -->\n<title>La prise en charge par les kin\u00e9sith\u00e9rapeutes - I-Motion<\/title>\n<meta name=\"description\" content=\"Les kin\u00e9sith\u00e9rapeutes assurent, d\u2019une part, l\u2019\u00e9valuation des capacit\u00e9s de l\u2019enfant et, d\u2019autre part, son suivi r\u00e9\u00e9ducatif.\" \/>\n<meta name=\"robots\" content=\"index, follow, max-snippet:-1, max-image-preview:large, max-video-preview:-1\" \/>\n<link rel=\"canonical\" href=\"https:\/\/www.institut-myologie.org\/imotion\/la-prise-en-charge-par-les-kinesitherapeutes\/\" \/>\n<meta property=\"og:locale\" content=\"fr_FR\" \/>\n<meta property=\"og:type\" content=\"article\" \/>\n<meta property=\"og:title\" content=\"La prise en charge par les kin\u00e9sith\u00e9rapeutes - I-Motion\" \/>\n<meta property=\"og:description\" content=\"Les kin\u00e9sith\u00e9rapeutes assurent, d\u2019une part, l\u2019\u00e9valuation des capacit\u00e9s de l\u2019enfant et, d\u2019autre part, son suivi r\u00e9\u00e9ducatif.\" \/>\n<meta property=\"og:url\" content=\"https:\/\/www.institut-myologie.org\/imotion\/la-prise-en-charge-par-les-kinesitherapeutes\/\" \/>\n<meta property=\"og:site_name\" content=\"I-Motion\" \/>\n<meta property=\"article:modified_time\" content=\"2023-03-20T12:31:17+00:00\" \/>\n<meta name=\"twitter:card\" content=\"summary_large_image\" \/>\n<meta name=\"twitter:label1\" content=\"Dur\u00e9e de lecture estim\u00e9e\" \/>\n\t<meta name=\"twitter:data1\" content=\"2 minutes\" \/>\n<script type=\"application\/ld+json\" class=\"yoast-schema-graph\">{\"@context\":\"https:\/\/schema.org\",\"@graph\":[{\"@type\":\"WebPage\",\"@id\":\"https:\/\/www.institut-myologie.org\/imotion\/la-prise-en-charge-par-les-kinesitherapeutes\/\",\"url\":\"https:\/\/www.institut-myologie.org\/imotion\/la-prise-en-charge-par-les-kinesitherapeutes\/\",\"name\":\"La prise en charge par les kin\u00e9sith\u00e9rapeutes - I-Motion\",\"isPartOf\":{\"@id\":\"https:\/\/www.institut-myologie.org\/imotion\/#website\"},\"datePublished\":\"2016-11-09T16:54:06+00:00\",\"dateModified\":\"2023-03-20T12:31:17+00:00\",\"description\":\"Les kin\u00e9sith\u00e9rapeutes assurent, d\u2019une part, l\u2019\u00e9valuation des capacit\u00e9s de l\u2019enfant et, d\u2019autre part, son suivi r\u00e9\u00e9ducatif.\",\"breadcrumb\":{\"@id\":\"https:\/\/www.institut-myologie.org\/imotion\/la-prise-en-charge-par-les-kinesitherapeutes\/#breadcrumb\"},\"inLanguage\":\"fr-FR\",\"potentialAction\":[{\"@type\":\"ReadAction\",\"target\":[\"https:\/\/www.institut-myologie.org\/imotion\/la-prise-en-charge-par-les-kinesitherapeutes\/\"]}]},{\"@type\":\"BreadcrumbList\",\"@id\":\"https:\/\/www.institut-myologie.org\/imotion\/la-prise-en-charge-par-les-kinesitherapeutes\/#breadcrumb\",\"itemListElement\":[{\"@type\":\"ListItem\",\"position\":1,\"name\":\"Home\",\"item\":\"https:\/\/www.institut-myologie.org\/imotion\/\"},{\"@type\":\"ListItem\",\"position\":2,\"name\":\"La prise en charge par les kin\u00e9sith\u00e9rapeutes\"}]},{\"@type\":\"WebSite\",\"@id\":\"https:\/\/www.institut-myologie.org\/imotion\/#website\",\"url\":\"https:\/\/www.institut-myologie.org\/imotion\/\",\"name\":\"I-Motion\",\"description\":\"Plateforme d&#039;essais cliniques p\u00e9diatriques pour les maladies neuromusculaires\",\"publisher\":{\"@id\":\"https:\/\/www.institut-myologie.org\/imotion\/#organization\"},\"potentialAction\":[{\"@type\":\"SearchAction\",\"target\":{\"@type\":\"EntryPoint\",\"urlTemplate\":\"https:\/\/www.institut-myologie.org\/imotion\/?s={search_term_string}\"},\"query-input\":{\"@type\":\"PropertyValueSpecification\",\"valueRequired\":true,\"valueName\":\"search_term_string\"}}],\"inLanguage\":\"fr-FR\"},{\"@type\":\"Organization\",\"@id\":\"https:\/\/www.institut-myologie.org\/imotion\/#organization\",\"name\":\"Institut I-Motion\",\"url\":\"https:\/\/www.institut-myologie.org\/imotion\/\",\"logo\":{\"@type\":\"ImageObject\",\"inLanguage\":\"fr-FR\",\"@id\":\"https:\/\/www.institut-myologie.org\/imotion\/#\/schema\/logo\/image\/\",\"url\":\"https:\/\/www.institut-myologie.org\/imotion\/wp-content\/uploads\/2016\/08\/logoImotion.png\",\"contentUrl\":\"https:\/\/www.institut-myologie.org\/imotion\/wp-content\/uploads\/2016\/08\/logoImotion.png\",\"width\":150,\"height\":51,\"caption\":\"Institut I-Motion\"},\"image\":{\"@id\":\"https:\/\/www.institut-myologie.org\/imotion\/#\/schema\/logo\/image\/\"}}]}<\/script>\n<!-- \/ Yoast SEO plugin. -->","yoast_head_json":{"title":"La prise en charge par les kin\u00e9sith\u00e9rapeutes - I-Motion","description":"Les kin\u00e9sith\u00e9rapeutes assurent, d\u2019une part, l\u2019\u00e9valuation des capacit\u00e9s de l\u2019enfant et, d\u2019autre part, son suivi r\u00e9\u00e9ducatif.","robots":{"index":"index","follow":"follow","max-snippet":"max-snippet:-1","max-image-preview":"max-image-preview:large","max-video-preview":"max-video-preview:-1"},"canonical":"https:\/\/www.institut-myologie.org\/imotion\/la-prise-en-charge-par-les-kinesitherapeutes\/","og_locale":"fr_FR","og_type":"article","og_title":"La prise en charge par les kin\u00e9sith\u00e9rapeutes - I-Motion","og_description":"Les kin\u00e9sith\u00e9rapeutes assurent, d\u2019une part, l\u2019\u00e9valuation des capacit\u00e9s de l\u2019enfant et, d\u2019autre part, son suivi r\u00e9\u00e9ducatif.","og_url":"https:\/\/www.institut-myologie.org\/imotion\/la-prise-en-charge-par-les-kinesitherapeutes\/","og_site_name":"I-Motion","article_modified_time":"2023-03-20T12:31:17+00:00","twitter_card":"summary_large_image","twitter_misc":{"Dur\u00e9e de lecture estim\u00e9e":"2 minutes"},"schema":{"@context":"https:\/\/schema.org","@graph":[{"@type":"WebPage","@id":"https:\/\/www.institut-myologie.org\/imotion\/la-prise-en-charge-par-les-kinesitherapeutes\/","url":"https:\/\/www.institut-myologie.org\/imotion\/la-prise-en-charge-par-les-kinesitherapeutes\/","name":"La prise en charge par les kin\u00e9sith\u00e9rapeutes - I-Motion","isPartOf":{"@id":"https:\/\/www.institut-myologie.org\/imotion\/#website"},"datePublished":"2016-11-09T16:54:06+00:00","dateModified":"2023-03-20T12:31:17+00:00","description":"Les kin\u00e9sith\u00e9rapeutes assurent, d\u2019une part, l\u2019\u00e9valuation des capacit\u00e9s de l\u2019enfant et, d\u2019autre part, son suivi r\u00e9\u00e9ducatif.","breadcrumb":{"@id":"https:\/\/www.institut-myologie.org\/imotion\/la-prise-en-charge-par-les-kinesitherapeutes\/#breadcrumb"},"inLanguage":"fr-FR","potentialAction":[{"@type":"ReadAction","target":["https:\/\/www.institut-myologie.org\/imotion\/la-prise-en-charge-par-les-kinesitherapeutes\/"]}]},{"@type":"BreadcrumbList","@id":"https:\/\/www.institut-myologie.org\/imotion\/la-prise-en-charge-par-les-kinesitherapeutes\/#breadcrumb","itemListElement":[{"@type":"ListItem","position":1,"name":"Home","item":"https:\/\/www.institut-myologie.org\/imotion\/"},{"@type":"ListItem","position":2,"name":"La prise en charge par les kin\u00e9sith\u00e9rapeutes"}]},{"@type":"WebSite","@id":"https:\/\/www.institut-myologie.org\/imotion\/#website","url":"https:\/\/www.institut-myologie.org\/imotion\/","name":"I-Motion","description":"Plateforme d&#039;essais cliniques p\u00e9diatriques pour les maladies neuromusculaires","publisher":{"@id":"https:\/\/www.institut-myologie.org\/imotion\/#organization"},"potentialAction":[{"@type":"SearchAction","target":{"@type":"EntryPoint","urlTemplate":"https:\/\/www.institut-myologie.org\/imotion\/?s={search_term_string}"},"query-input":{"@type":"PropertyValueSpecification","valueRequired":true,"valueName":"search_term_string"}}],"inLanguage":"fr-FR"},{"@type":"Organization","@id":"https:\/\/www.institut-myologie.org\/imotion\/#organization","name":"Institut I-Motion","url":"https:\/\/www.institut-myologie.org\/imotion\/","logo":{"@type":"ImageObject","inLanguage":"fr-FR","@id":"https:\/\/www.institut-myologie.org\/imotion\/#\/schema\/logo\/image\/","url":"https:\/\/www.institut-myologie.org\/imotion\/wp-content\/uploads\/2016\/08\/logoImotion.png","contentUrl":"https:\/\/www.institut-myologie.org\/imotion\/wp-content\/uploads\/2016\/08\/logoImotion.png","width":150,"height":51,"caption":"Institut I-Motion"},"image":{"@id":"https:\/\/www.institut-myologie.org\/imotion\/#\/schema\/logo\/image\/"}}]}},"_links":{"self":[{"href":"https:\/\/www.institut-myologie.org\/imotion\/wp-json\/wp\/v2\/pages\/329","targetHints":{"allow":["GET"]}}],"collection":[{"href":"https:\/\/www.institut-myologie.org\/imotion\/wp-json\/wp\/v2\/pages"}],"about":[{"href":"https:\/\/www.institut-myologie.org\/imotion\/wp-json\/wp\/v2\/types\/page"}],"author":[{"embeddable":true,"href":"https:\/\/www.institut-myologie.org\/imotion\/wp-json\/wp\/v2\/users\/3"}],"replies":[{"embeddable":true,"href":"https:\/\/www.institut-myologie.org\/imotion\/wp-json\/wp\/v2\/comments?post=329"}],"version-history":[{"count":17,"href":"https:\/\/www.institut-myologie.org\/imotion\/wp-json\/wp\/v2\/pages\/329\/revisions"}],"predecessor-version":[{"id":2861,"href":"https:\/\/www.institut-myologie.org\/imotion\/wp-json\/wp\/v2\/pages\/329\/revisions\/2861"}],"wp:attachment":[{"href":"https:\/\/www.institut-myologie.org\/imotion\/wp-json\/wp\/v2\/media?parent=329"}],"curies":[{"name":"wp","href":"https:\/\/api.w.org\/{rel}","templated":true}]}}