{"id":309,"date":"2016-11-09T16:33:46","date_gmt":"2016-11-09T16:33:46","guid":{"rendered":"https:\/\/www.institut-myologie.org\/imotion\/?page_id=309"},"modified":"2021-08-25T15:42:55","modified_gmt":"2021-08-25T13:42:55","slug":"evaluation-des-membres-superieurs","status":"publish","type":"page","link":"https:\/\/www.institut-myologie.org\/imotion\/evaluation-des-membres-superieurs\/","title":{"rendered":"Evaluation des membres sup\u00e9rieurs (PUL et RULM)"},"content":{"rendered":"<p>Le test PUL (pour <em>Performance of the upper limb<\/em>) est utilis\u00e9 pour \u00e9valuer sp\u00e9cifiquement les fonctions des membres sup\u00e9rieurs des patients. Il a \u00e9t\u00e9 cr\u00e9\u00e9 en premier lieu pour les personnes atteintes de dystrophinopathies.<\/p>\n<div class=\"entry__gallery packery row large-12\"><div class=\"col-4 entry__gallery__column\"><div class=\"entry__image column\"><div class=\"background-container\" style=\"background-image:url(https:\/\/www.institut-myologie.org\/imotion\/wp-content\/uploads\/2016\/11\/AFMTLT_170705_Suivi_medical_Spinraza_Imotion_CH_029-recadree-982x1024.jpg)\"><\/div><\/div><\/div><div class=\"col-4 entry__gallery__column\"><div class=\"entry__image column\"><div class=\"background-container\" style=\"background-image:url(https:\/\/www.institut-myologie.org\/imotion\/wp-content\/uploads\/2016\/11\/AFMTLT_201027_IMOTION_Consult_Enf_DMD_CH_013-1024x674.jpg)\"><\/div><\/div><\/div><div class=\"col-4 entry__gallery__column\"><div class=\"entry__image column\"><div class=\"background-container\" style=\"background-image:url(https:\/\/www.institut-myologie.org\/imotion\/wp-content\/uploads\/2016\/11\/AFMTLT_201104_IMOTION_Consult_Enf_DMD_CH_034-1024x674.jpg)\"><\/div><\/div><\/div><\/div>\n<p>C\u2019est une \u00e9chelle qui permet de d\u00e9terminer les changements dans la fonction motrice des membres sup\u00e9rieurs au cours du temps, m\u00eame lorsque le patient perd la marche. Il tient compte de la force musculaire, de la croissance et de la pr\u00e9sence de r\u00e9tractions musculaires.<\/p>\n<p>La RULM (pour <em>Revised upper limb module<\/em>) est quant \u00e0 elle valid\u00e9e chez les enfants atteints d\u2019amyotrophie spinale infantile, mais peut \u00e9galement \u00eatre utilis\u00e9e dans d\u2019autres pathologies neuromusculaires.<\/p>\n","protected":false},"excerpt":{"rendered":"<p>Le test PUL (pour Performance of the upper limb) est utilis\u00e9 pour \u00e9valuer sp\u00e9cifiquement les fonctions des membres sup\u00e9rieurs des patients. Il a \u00e9t\u00e9 cr\u00e9\u00e9 en premier lieu pour les personnes atteintes de dystrophinopathies. C\u2019est une \u00e9chelle qui permet de d\u00e9terminer les changements dans la fonction motrice des membres sup\u00e9rieurs au cours du temps, m\u00eame &hellip; <a href=\"https:\/\/www.institut-myologie.org\/imotion\/evaluation-des-membres-superieurs\/\">Continued<\/a><\/p>\n","protected":false},"author":3,"featured_media":0,"parent":0,"menu_order":0,"comment_status":"closed","ping_status":"closed","template":"","meta":{"_acf_changed":false,"footnotes":""},"class_list":["post-309","page","type-page","status-publish","hentry"],"acf":[],"yoast_head":"<!-- This site is optimized with the Yoast SEO plugin v27.1.1 - https:\/\/yoast.com\/product\/yoast-seo-wordpress\/ -->\n<title>Evaluation des membres sup\u00e9rieurs (PUL et RULM) - I-Motion<\/title>\n<meta name=\"description\" content=\"Le test PUL est utilis\u00e9 pour \u00e9valuer sp\u00e9cifiquement les fonctions des membres sup\u00e9rieurs des patients.\" \/>\n<meta name=\"robots\" content=\"index, follow, max-snippet:-1, max-image-preview:large, max-video-preview:-1\" \/>\n<link rel=\"canonical\" href=\"https:\/\/www.institut-myologie.org\/imotion\/evaluation-des-membres-superieurs\/\" \/>\n<meta property=\"og:locale\" content=\"fr_FR\" \/>\n<meta property=\"og:type\" content=\"article\" \/>\n<meta property=\"og:title\" content=\"Evaluation des membres sup\u00e9rieurs (PUL et RULM) - I-Motion\" \/>\n<meta property=\"og:description\" content=\"Le test PUL est utilis\u00e9 pour \u00e9valuer sp\u00e9cifiquement les fonctions des membres sup\u00e9rieurs des patients.\" \/>\n<meta property=\"og:url\" content=\"https:\/\/www.institut-myologie.org\/imotion\/evaluation-des-membres-superieurs\/\" \/>\n<meta property=\"og:site_name\" content=\"I-Motion\" \/>\n<meta property=\"article:modified_time\" content=\"2021-08-25T13:42:55+00:00\" \/>\n<meta name=\"twitter:card\" content=\"summary_large_image\" \/>\n<meta name=\"twitter:label1\" content=\"Dur\u00e9e de lecture estim\u00e9e\" \/>\n\t<meta name=\"twitter:data1\" content=\"1 minute\" \/>\n<script type=\"application\/ld+json\" class=\"yoast-schema-graph\">{\"@context\":\"https:\/\/schema.org\",\"@graph\":[{\"@type\":\"WebPage\",\"@id\":\"https:\/\/www.institut-myologie.org\/imotion\/evaluation-des-membres-superieurs\/\",\"url\":\"https:\/\/www.institut-myologie.org\/imotion\/evaluation-des-membres-superieurs\/\",\"name\":\"Evaluation des membres sup\u00e9rieurs (PUL et RULM) - I-Motion\",\"isPartOf\":{\"@id\":\"https:\/\/www.institut-myologie.org\/imotion\/#website\"},\"datePublished\":\"2016-11-09T16:33:46+00:00\",\"dateModified\":\"2021-08-25T13:42:55+00:00\",\"description\":\"Le test PUL est utilis\u00e9 pour \u00e9valuer sp\u00e9cifiquement les fonctions des membres sup\u00e9rieurs des patients.\",\"breadcrumb\":{\"@id\":\"https:\/\/www.institut-myologie.org\/imotion\/evaluation-des-membres-superieurs\/#breadcrumb\"},\"inLanguage\":\"fr-FR\",\"potentialAction\":[{\"@type\":\"ReadAction\",\"target\":[\"https:\/\/www.institut-myologie.org\/imotion\/evaluation-des-membres-superieurs\/\"]}]},{\"@type\":\"BreadcrumbList\",\"@id\":\"https:\/\/www.institut-myologie.org\/imotion\/evaluation-des-membres-superieurs\/#breadcrumb\",\"itemListElement\":[{\"@type\":\"ListItem\",\"position\":1,\"name\":\"Home\",\"item\":\"https:\/\/www.institut-myologie.org\/imotion\/\"},{\"@type\":\"ListItem\",\"position\":2,\"name\":\"Evaluation des membres sup\u00e9rieurs (PUL et RULM)\"}]},{\"@type\":\"WebSite\",\"@id\":\"https:\/\/www.institut-myologie.org\/imotion\/#website\",\"url\":\"https:\/\/www.institut-myologie.org\/imotion\/\",\"name\":\"I-Motion\",\"description\":\"Plateforme d&#039;essais cliniques p\u00e9diatriques pour les maladies neuromusculaires\",\"publisher\":{\"@id\":\"https:\/\/www.institut-myologie.org\/imotion\/#organization\"},\"potentialAction\":[{\"@type\":\"SearchAction\",\"target\":{\"@type\":\"EntryPoint\",\"urlTemplate\":\"https:\/\/www.institut-myologie.org\/imotion\/?s={search_term_string}\"},\"query-input\":{\"@type\":\"PropertyValueSpecification\",\"valueRequired\":true,\"valueName\":\"search_term_string\"}}],\"inLanguage\":\"fr-FR\"},{\"@type\":\"Organization\",\"@id\":\"https:\/\/www.institut-myologie.org\/imotion\/#organization\",\"name\":\"Institut I-Motion\",\"url\":\"https:\/\/www.institut-myologie.org\/imotion\/\",\"logo\":{\"@type\":\"ImageObject\",\"inLanguage\":\"fr-FR\",\"@id\":\"https:\/\/www.institut-myologie.org\/imotion\/#\/schema\/logo\/image\/\",\"url\":\"https:\/\/www.institut-myologie.org\/imotion\/wp-content\/uploads\/2016\/08\/logoImotion.png\",\"contentUrl\":\"https:\/\/www.institut-myologie.org\/imotion\/wp-content\/uploads\/2016\/08\/logoImotion.png\",\"width\":150,\"height\":51,\"caption\":\"Institut I-Motion\"},\"image\":{\"@id\":\"https:\/\/www.institut-myologie.org\/imotion\/#\/schema\/logo\/image\/\"}}]}<\/script>\n<!-- \/ Yoast SEO plugin. -->","yoast_head_json":{"title":"Evaluation des membres sup\u00e9rieurs (PUL et RULM) - I-Motion","description":"Le test PUL est utilis\u00e9 pour \u00e9valuer sp\u00e9cifiquement les fonctions des membres sup\u00e9rieurs des patients.","robots":{"index":"index","follow":"follow","max-snippet":"max-snippet:-1","max-image-preview":"max-image-preview:large","max-video-preview":"max-video-preview:-1"},"canonical":"https:\/\/www.institut-myologie.org\/imotion\/evaluation-des-membres-superieurs\/","og_locale":"fr_FR","og_type":"article","og_title":"Evaluation des membres sup\u00e9rieurs (PUL et RULM) - I-Motion","og_description":"Le test PUL est utilis\u00e9 pour \u00e9valuer sp\u00e9cifiquement les fonctions des membres sup\u00e9rieurs des patients.","og_url":"https:\/\/www.institut-myologie.org\/imotion\/evaluation-des-membres-superieurs\/","og_site_name":"I-Motion","article_modified_time":"2021-08-25T13:42:55+00:00","twitter_card":"summary_large_image","twitter_misc":{"Dur\u00e9e de lecture estim\u00e9e":"1 minute"},"schema":{"@context":"https:\/\/schema.org","@graph":[{"@type":"WebPage","@id":"https:\/\/www.institut-myologie.org\/imotion\/evaluation-des-membres-superieurs\/","url":"https:\/\/www.institut-myologie.org\/imotion\/evaluation-des-membres-superieurs\/","name":"Evaluation des membres sup\u00e9rieurs (PUL et RULM) - I-Motion","isPartOf":{"@id":"https:\/\/www.institut-myologie.org\/imotion\/#website"},"datePublished":"2016-11-09T16:33:46+00:00","dateModified":"2021-08-25T13:42:55+00:00","description":"Le test PUL est utilis\u00e9 pour \u00e9valuer sp\u00e9cifiquement les fonctions des membres sup\u00e9rieurs des patients.","breadcrumb":{"@id":"https:\/\/www.institut-myologie.org\/imotion\/evaluation-des-membres-superieurs\/#breadcrumb"},"inLanguage":"fr-FR","potentialAction":[{"@type":"ReadAction","target":["https:\/\/www.institut-myologie.org\/imotion\/evaluation-des-membres-superieurs\/"]}]},{"@type":"BreadcrumbList","@id":"https:\/\/www.institut-myologie.org\/imotion\/evaluation-des-membres-superieurs\/#breadcrumb","itemListElement":[{"@type":"ListItem","position":1,"name":"Home","item":"https:\/\/www.institut-myologie.org\/imotion\/"},{"@type":"ListItem","position":2,"name":"Evaluation des membres sup\u00e9rieurs (PUL et RULM)"}]},{"@type":"WebSite","@id":"https:\/\/www.institut-myologie.org\/imotion\/#website","url":"https:\/\/www.institut-myologie.org\/imotion\/","name":"I-Motion","description":"Plateforme d&#039;essais cliniques p\u00e9diatriques pour les maladies neuromusculaires","publisher":{"@id":"https:\/\/www.institut-myologie.org\/imotion\/#organization"},"potentialAction":[{"@type":"SearchAction","target":{"@type":"EntryPoint","urlTemplate":"https:\/\/www.institut-myologie.org\/imotion\/?s={search_term_string}"},"query-input":{"@type":"PropertyValueSpecification","valueRequired":true,"valueName":"search_term_string"}}],"inLanguage":"fr-FR"},{"@type":"Organization","@id":"https:\/\/www.institut-myologie.org\/imotion\/#organization","name":"Institut I-Motion","url":"https:\/\/www.institut-myologie.org\/imotion\/","logo":{"@type":"ImageObject","inLanguage":"fr-FR","@id":"https:\/\/www.institut-myologie.org\/imotion\/#\/schema\/logo\/image\/","url":"https:\/\/www.institut-myologie.org\/imotion\/wp-content\/uploads\/2016\/08\/logoImotion.png","contentUrl":"https:\/\/www.institut-myologie.org\/imotion\/wp-content\/uploads\/2016\/08\/logoImotion.png","width":150,"height":51,"caption":"Institut I-Motion"},"image":{"@id":"https:\/\/www.institut-myologie.org\/imotion\/#\/schema\/logo\/image\/"}}]}},"_links":{"self":[{"href":"https:\/\/www.institut-myologie.org\/imotion\/wp-json\/wp\/v2\/pages\/309","targetHints":{"allow":["GET"]}}],"collection":[{"href":"https:\/\/www.institut-myologie.org\/imotion\/wp-json\/wp\/v2\/pages"}],"about":[{"href":"https:\/\/www.institut-myologie.org\/imotion\/wp-json\/wp\/v2\/types\/page"}],"author":[{"embeddable":true,"href":"https:\/\/www.institut-myologie.org\/imotion\/wp-json\/wp\/v2\/users\/3"}],"replies":[{"embeddable":true,"href":"https:\/\/www.institut-myologie.org\/imotion\/wp-json\/wp\/v2\/comments?post=309"}],"version-history":[{"count":8,"href":"https:\/\/www.institut-myologie.org\/imotion\/wp-json\/wp\/v2\/pages\/309\/revisions"}],"predecessor-version":[{"id":2489,"href":"https:\/\/www.institut-myologie.org\/imotion\/wp-json\/wp\/v2\/pages\/309\/revisions\/2489"}],"wp:attachment":[{"href":"https:\/\/www.institut-myologie.org\/imotion\/wp-json\/wp\/v2\/media?parent=309"}],"curies":[{"name":"wp","href":"https:\/\/api.w.org\/{rel}","templated":true}]}}