{"id":305,"date":"2016-11-09T16:33:06","date_gmt":"2016-11-09T16:33:06","guid":{"rendered":"https:\/\/www.institut-myologie.org\/imotion\/?page_id=305"},"modified":"2021-08-25T15:52:48","modified_gmt":"2021-08-25T13:52:48","slug":"myometre","status":"publish","type":"page","link":"https:\/\/www.institut-myologie.org\/imotion\/myometre\/","title":{"rendered":"Dynamom\u00e9trie"},"content":{"rendered":"<p style=\"text-align: right;\">Le myom\u00e8tre est un outil qui permet de mesurer la force musculaire isom\u00e9trique d\u2019une fonction, d\u2019un groupe musculaire ou d\u2019un muscle en particulier.<\/p>\n<div class=\"entry__gallery packery row large-12\"><div class=\"col-4 entry__gallery__column\"><div class=\"entry__image column\"><div class=\"background-container\" style=\"background-image:url(https:\/\/www.institut-myologie.org\/imotion\/wp-content\/uploads\/2021\/08\/Dynamometrie-1-I-Motion-2020.jpg)\"><\/div><\/div><\/div><div class=\"col-4 entry__gallery__column\"><div class=\"entry__image column\"><div class=\"background-container\" style=\"background-image:url(https:\/\/www.institut-myologie.org\/imotion\/wp-content\/uploads\/2021\/08\/Dynamomuetrie-4-I-Motion-2020.jpg)\"><\/div><\/div><\/div><div class=\"col-4 entry__gallery__column\"><div class=\"entry__image column\"><div class=\"background-container\" style=\"background-image:url(https:\/\/www.institut-myologie.org\/imotion\/wp-content\/uploads\/2021\/08\/Dynamometrie-2-I-Motion-2020.jpg)\"><\/div><\/div><\/div><\/div>\n<p>Il est demand\u00e9 \u00e0 l\u2019enfant de r\u00e9aliser une contraction contre cet appareil qui va alors mesurer la force exerc\u00e9e. Cet outil permet une \u00e9valuation pr\u00e9cise, muscle par muscle.<\/p>\n","protected":false},"excerpt":{"rendered":"<p>Le myom\u00e8tre est un outil qui permet de mesurer la force musculaire isom\u00e9trique d\u2019une fonction, d\u2019un groupe musculaire ou d\u2019un muscle en particulier. Il est demand\u00e9 \u00e0 l\u2019enfant de r\u00e9aliser une contraction contre cet appareil qui va alors mesurer la force exerc\u00e9e. Cet outil permet une \u00e9valuation pr\u00e9cise, muscle par muscle.<\/p>\n","protected":false},"author":3,"featured_media":0,"parent":0,"menu_order":0,"comment_status":"closed","ping_status":"closed","template":"","meta":{"_acf_changed":false,"footnotes":""},"class_list":["post-305","page","type-page","status-publish","hentry"],"acf":[],"yoast_head":"<!-- This site is optimized with the Yoast SEO plugin v27.1.1 - https:\/\/yoast.com\/product\/yoast-seo-wordpress\/ -->\n<title>Dynamom\u00e9trie - I-Motion<\/title>\n<meta name=\"description\" content=\"Le myom\u00e8tre est un outil qui permet de mesurer la force musculaire isom\u00e9trique d\u2019une fonction, d\u2019un groupe musculaire ou d\u2019un muscle en particulier.\" \/>\n<meta name=\"robots\" content=\"index, follow, max-snippet:-1, max-image-preview:large, max-video-preview:-1\" \/>\n<link rel=\"canonical\" href=\"https:\/\/www.institut-myologie.org\/imotion\/myometre\/\" \/>\n<meta property=\"og:locale\" content=\"fr_FR\" \/>\n<meta property=\"og:type\" content=\"article\" \/>\n<meta property=\"og:title\" content=\"Dynamom\u00e9trie - I-Motion\" \/>\n<meta property=\"og:description\" content=\"Le myom\u00e8tre est un outil qui permet de mesurer la force musculaire isom\u00e9trique d\u2019une fonction, d\u2019un groupe musculaire ou d\u2019un muscle en particulier.\" \/>\n<meta property=\"og:url\" content=\"https:\/\/www.institut-myologie.org\/imotion\/myometre\/\" \/>\n<meta property=\"og:site_name\" content=\"I-Motion\" \/>\n<meta property=\"article:modified_time\" content=\"2021-08-25T13:52:48+00:00\" \/>\n<meta name=\"twitter:card\" content=\"summary_large_image\" \/>\n<meta name=\"twitter:label1\" content=\"Dur\u00e9e de lecture estim\u00e9e\" \/>\n\t<meta name=\"twitter:data1\" content=\"1 minute\" \/>\n<script type=\"application\/ld+json\" class=\"yoast-schema-graph\">{\"@context\":\"https:\/\/schema.org\",\"@graph\":[{\"@type\":\"WebPage\",\"@id\":\"https:\/\/www.institut-myologie.org\/imotion\/myometre\/\",\"url\":\"https:\/\/www.institut-myologie.org\/imotion\/myometre\/\",\"name\":\"Dynamom\u00e9trie - I-Motion\",\"isPartOf\":{\"@id\":\"https:\/\/www.institut-myologie.org\/imotion\/#website\"},\"datePublished\":\"2016-11-09T16:33:06+00:00\",\"dateModified\":\"2021-08-25T13:52:48+00:00\",\"description\":\"Le myom\u00e8tre est un outil qui permet de mesurer la force musculaire isom\u00e9trique d\u2019une fonction, d\u2019un groupe musculaire ou d\u2019un muscle en particulier.\",\"breadcrumb\":{\"@id\":\"https:\/\/www.institut-myologie.org\/imotion\/myometre\/#breadcrumb\"},\"inLanguage\":\"fr-FR\",\"potentialAction\":[{\"@type\":\"ReadAction\",\"target\":[\"https:\/\/www.institut-myologie.org\/imotion\/myometre\/\"]}]},{\"@type\":\"BreadcrumbList\",\"@id\":\"https:\/\/www.institut-myologie.org\/imotion\/myometre\/#breadcrumb\",\"itemListElement\":[{\"@type\":\"ListItem\",\"position\":1,\"name\":\"Home\",\"item\":\"https:\/\/www.institut-myologie.org\/imotion\/\"},{\"@type\":\"ListItem\",\"position\":2,\"name\":\"Dynamom\u00e9trie\"}]},{\"@type\":\"WebSite\",\"@id\":\"https:\/\/www.institut-myologie.org\/imotion\/#website\",\"url\":\"https:\/\/www.institut-myologie.org\/imotion\/\",\"name\":\"I-Motion\",\"description\":\"Plateforme d&#039;essais cliniques p\u00e9diatriques pour les maladies neuromusculaires\",\"publisher\":{\"@id\":\"https:\/\/www.institut-myologie.org\/imotion\/#organization\"},\"potentialAction\":[{\"@type\":\"SearchAction\",\"target\":{\"@type\":\"EntryPoint\",\"urlTemplate\":\"https:\/\/www.institut-myologie.org\/imotion\/?s={search_term_string}\"},\"query-input\":{\"@type\":\"PropertyValueSpecification\",\"valueRequired\":true,\"valueName\":\"search_term_string\"}}],\"inLanguage\":\"fr-FR\"},{\"@type\":\"Organization\",\"@id\":\"https:\/\/www.institut-myologie.org\/imotion\/#organization\",\"name\":\"Institut I-Motion\",\"url\":\"https:\/\/www.institut-myologie.org\/imotion\/\",\"logo\":{\"@type\":\"ImageObject\",\"inLanguage\":\"fr-FR\",\"@id\":\"https:\/\/www.institut-myologie.org\/imotion\/#\/schema\/logo\/image\/\",\"url\":\"https:\/\/www.institut-myologie.org\/imotion\/wp-content\/uploads\/2016\/08\/logoImotion.png\",\"contentUrl\":\"https:\/\/www.institut-myologie.org\/imotion\/wp-content\/uploads\/2016\/08\/logoImotion.png\",\"width\":150,\"height\":51,\"caption\":\"Institut I-Motion\"},\"image\":{\"@id\":\"https:\/\/www.institut-myologie.org\/imotion\/#\/schema\/logo\/image\/\"}}]}<\/script>\n<!-- \/ Yoast SEO plugin. -->","yoast_head_json":{"title":"Dynamom\u00e9trie - I-Motion","description":"Le myom\u00e8tre est un outil qui permet de mesurer la force musculaire isom\u00e9trique d\u2019une fonction, d\u2019un groupe musculaire ou d\u2019un muscle en particulier.","robots":{"index":"index","follow":"follow","max-snippet":"max-snippet:-1","max-image-preview":"max-image-preview:large","max-video-preview":"max-video-preview:-1"},"canonical":"https:\/\/www.institut-myologie.org\/imotion\/myometre\/","og_locale":"fr_FR","og_type":"article","og_title":"Dynamom\u00e9trie - I-Motion","og_description":"Le myom\u00e8tre est un outil qui permet de mesurer la force musculaire isom\u00e9trique d\u2019une fonction, d\u2019un groupe musculaire ou d\u2019un muscle en particulier.","og_url":"https:\/\/www.institut-myologie.org\/imotion\/myometre\/","og_site_name":"I-Motion","article_modified_time":"2021-08-25T13:52:48+00:00","twitter_card":"summary_large_image","twitter_misc":{"Dur\u00e9e de lecture estim\u00e9e":"1 minute"},"schema":{"@context":"https:\/\/schema.org","@graph":[{"@type":"WebPage","@id":"https:\/\/www.institut-myologie.org\/imotion\/myometre\/","url":"https:\/\/www.institut-myologie.org\/imotion\/myometre\/","name":"Dynamom\u00e9trie - I-Motion","isPartOf":{"@id":"https:\/\/www.institut-myologie.org\/imotion\/#website"},"datePublished":"2016-11-09T16:33:06+00:00","dateModified":"2021-08-25T13:52:48+00:00","description":"Le myom\u00e8tre est un outil qui permet de mesurer la force musculaire isom\u00e9trique d\u2019une fonction, d\u2019un groupe musculaire ou d\u2019un muscle en particulier.","breadcrumb":{"@id":"https:\/\/www.institut-myologie.org\/imotion\/myometre\/#breadcrumb"},"inLanguage":"fr-FR","potentialAction":[{"@type":"ReadAction","target":["https:\/\/www.institut-myologie.org\/imotion\/myometre\/"]}]},{"@type":"BreadcrumbList","@id":"https:\/\/www.institut-myologie.org\/imotion\/myometre\/#breadcrumb","itemListElement":[{"@type":"ListItem","position":1,"name":"Home","item":"https:\/\/www.institut-myologie.org\/imotion\/"},{"@type":"ListItem","position":2,"name":"Dynamom\u00e9trie"}]},{"@type":"WebSite","@id":"https:\/\/www.institut-myologie.org\/imotion\/#website","url":"https:\/\/www.institut-myologie.org\/imotion\/","name":"I-Motion","description":"Plateforme d&#039;essais cliniques p\u00e9diatriques pour les maladies neuromusculaires","publisher":{"@id":"https:\/\/www.institut-myologie.org\/imotion\/#organization"},"potentialAction":[{"@type":"SearchAction","target":{"@type":"EntryPoint","urlTemplate":"https:\/\/www.institut-myologie.org\/imotion\/?s={search_term_string}"},"query-input":{"@type":"PropertyValueSpecification","valueRequired":true,"valueName":"search_term_string"}}],"inLanguage":"fr-FR"},{"@type":"Organization","@id":"https:\/\/www.institut-myologie.org\/imotion\/#organization","name":"Institut I-Motion","url":"https:\/\/www.institut-myologie.org\/imotion\/","logo":{"@type":"ImageObject","inLanguage":"fr-FR","@id":"https:\/\/www.institut-myologie.org\/imotion\/#\/schema\/logo\/image\/","url":"https:\/\/www.institut-myologie.org\/imotion\/wp-content\/uploads\/2016\/08\/logoImotion.png","contentUrl":"https:\/\/www.institut-myologie.org\/imotion\/wp-content\/uploads\/2016\/08\/logoImotion.png","width":150,"height":51,"caption":"Institut I-Motion"},"image":{"@id":"https:\/\/www.institut-myologie.org\/imotion\/#\/schema\/logo\/image\/"}}]}},"_links":{"self":[{"href":"https:\/\/www.institut-myologie.org\/imotion\/wp-json\/wp\/v2\/pages\/305","targetHints":{"allow":["GET"]}}],"collection":[{"href":"https:\/\/www.institut-myologie.org\/imotion\/wp-json\/wp\/v2\/pages"}],"about":[{"href":"https:\/\/www.institut-myologie.org\/imotion\/wp-json\/wp\/v2\/types\/page"}],"author":[{"embeddable":true,"href":"https:\/\/www.institut-myologie.org\/imotion\/wp-json\/wp\/v2\/users\/3"}],"replies":[{"embeddable":true,"href":"https:\/\/www.institut-myologie.org\/imotion\/wp-json\/wp\/v2\/comments?post=305"}],"version-history":[{"count":8,"href":"https:\/\/www.institut-myologie.org\/imotion\/wp-json\/wp\/v2\/pages\/305\/revisions"}],"predecessor-version":[{"id":2501,"href":"https:\/\/www.institut-myologie.org\/imotion\/wp-json\/wp\/v2\/pages\/305\/revisions\/2501"}],"wp:attachment":[{"href":"https:\/\/www.institut-myologie.org\/imotion\/wp-json\/wp\/v2\/media?parent=305"}],"curies":[{"name":"wp","href":"https:\/\/api.w.org\/{rel}","templated":true}]}}