{"id":293,"date":"2016-11-09T13:52:13","date_gmt":"2016-11-09T13:52:13","guid":{"rendered":"https:\/\/www.institut-myologie.org\/imotion\/?page_id=293"},"modified":"2021-08-25T15:44:24","modified_gmt":"2021-08-25T13:44:24","slug":"test-de-marche-de-6minutes","status":"publish","type":"page","link":"https:\/\/www.institut-myologie.org\/imotion\/test-de-marche-de-6minutes\/","title":{"rendered":"Test de marche de 6 minutes"},"content":{"rendered":"<p>Il est demand\u00e9 aux enfants de marcher sans s\u2019arr\u00eater pour mesurer la distance qu\u2019ils sont capables de r\u00e9aliser.<\/p>\n<div class=\"entry__gallery packery row large-12\"><div class=\"col-4 entry__gallery__column\"><div class=\"entry__image column\"><div class=\"background-container\" style=\"background-image:url(https:\/\/www.institut-myologie.org\/imotion\/wp-content\/uploads\/2016\/11\/AFMTLT_201104_IMOTION_Consult_Enf_DMD_CH_0791-674x1024.jpg)\"><\/div><\/div><\/div><div class=\"col-4 entry__gallery__column\"><div class=\"entry__image column\"><div class=\"background-container\" style=\"background-image:url(https:\/\/www.institut-myologie.org\/imotion\/wp-content\/uploads\/2016\/11\/AFMTLT_201104_IMOTION_Consult_Enf_DMD_CH_0771-1024x512.jpg)\"><\/div><\/div><\/div><div class=\"col-4 entry__gallery__column\"><div class=\"entry__image column\"><div class=\"background-container\" style=\"background-image:url(https:\/\/www.institut-myologie.org\/imotion\/wp-content\/uploads\/2021\/08\/Test-releves3-I-Motion-2020.jpg)\"><\/div><\/div><\/div><\/div>\n<p>Ce test tr\u00e8s simple est le test de r\u00e9f\u00e9rence de nombreuses \u00e9tudes. Il permet d\u2019\u00e9valuer l\u2019\u00e9volution de la maladie sur la marche dans le temps. Le r\u00e9sultat est en m\u00e8tre. Il peut \u00eatre demand\u00e9 de marcher une distance minimale pour int\u00e9grer certaines \u00e9tudes.<\/p>\n","protected":false},"excerpt":{"rendered":"<p>Il est demand\u00e9 aux enfants de marcher sans s\u2019arr\u00eater pour mesurer la distance qu\u2019ils sont capables de r\u00e9aliser. Ce test tr\u00e8s simple est le test de r\u00e9f\u00e9rence de nombreuses \u00e9tudes. Il permet d\u2019\u00e9valuer l\u2019\u00e9volution de la maladie sur la marche dans le temps. Le r\u00e9sultat est en m\u00e8tre. Il peut \u00eatre demand\u00e9 de marcher une &hellip; <a href=\"https:\/\/www.institut-myologie.org\/imotion\/test-de-marche-de-6minutes\/\">Continued<\/a><\/p>\n","protected":false},"author":3,"featured_media":0,"parent":0,"menu_order":0,"comment_status":"closed","ping_status":"closed","template":"","meta":{"_acf_changed":false,"footnotes":""},"class_list":["post-293","page","type-page","status-publish","hentry"],"acf":[],"yoast_head":"<!-- This site is optimized with the Yoast SEO plugin v27.1.1 - https:\/\/yoast.com\/product\/yoast-seo-wordpress\/ -->\n<title>Test de marche de 6 minutes - I-Motion<\/title>\n<meta name=\"description\" content=\"Ce test tr\u00e8s simple est le test de r\u00e9f\u00e9rence de nombreuses \u00e9tudes. Il permet d\u2019\u00e9valuer l\u2019\u00e9volution de la maladie sur la marche dans le temps.\" \/>\n<meta name=\"robots\" content=\"index, follow, max-snippet:-1, max-image-preview:large, max-video-preview:-1\" \/>\n<link rel=\"canonical\" href=\"https:\/\/www.institut-myologie.org\/imotion\/test-de-marche-de-6minutes\/\" \/>\n<meta property=\"og:locale\" content=\"fr_FR\" \/>\n<meta property=\"og:type\" content=\"article\" \/>\n<meta property=\"og:title\" content=\"Test de marche de 6 minutes - I-Motion\" \/>\n<meta property=\"og:description\" content=\"Ce test tr\u00e8s simple est le test de r\u00e9f\u00e9rence de nombreuses \u00e9tudes. Il permet d\u2019\u00e9valuer l\u2019\u00e9volution de la maladie sur la marche dans le temps.\" \/>\n<meta property=\"og:url\" content=\"https:\/\/www.institut-myologie.org\/imotion\/test-de-marche-de-6minutes\/\" \/>\n<meta property=\"og:site_name\" content=\"I-Motion\" \/>\n<meta property=\"article:modified_time\" content=\"2021-08-25T13:44:24+00:00\" \/>\n<meta name=\"twitter:card\" content=\"summary_large_image\" \/>\n<meta name=\"twitter:label1\" content=\"Dur\u00e9e de lecture estim\u00e9e\" \/>\n\t<meta name=\"twitter:data1\" content=\"1 minute\" \/>\n<script type=\"application\/ld+json\" class=\"yoast-schema-graph\">{\"@context\":\"https:\/\/schema.org\",\"@graph\":[{\"@type\":\"WebPage\",\"@id\":\"https:\/\/www.institut-myologie.org\/imotion\/test-de-marche-de-6minutes\/\",\"url\":\"https:\/\/www.institut-myologie.org\/imotion\/test-de-marche-de-6minutes\/\",\"name\":\"Test de marche de 6 minutes - I-Motion\",\"isPartOf\":{\"@id\":\"https:\/\/www.institut-myologie.org\/imotion\/#website\"},\"datePublished\":\"2016-11-09T13:52:13+00:00\",\"dateModified\":\"2021-08-25T13:44:24+00:00\",\"description\":\"Ce test tr\u00e8s simple est le test de r\u00e9f\u00e9rence de nombreuses \u00e9tudes. Il permet d\u2019\u00e9valuer l\u2019\u00e9volution de la maladie sur la marche dans le temps.\",\"breadcrumb\":{\"@id\":\"https:\/\/www.institut-myologie.org\/imotion\/test-de-marche-de-6minutes\/#breadcrumb\"},\"inLanguage\":\"fr-FR\",\"potentialAction\":[{\"@type\":\"ReadAction\",\"target\":[\"https:\/\/www.institut-myologie.org\/imotion\/test-de-marche-de-6minutes\/\"]}]},{\"@type\":\"BreadcrumbList\",\"@id\":\"https:\/\/www.institut-myologie.org\/imotion\/test-de-marche-de-6minutes\/#breadcrumb\",\"itemListElement\":[{\"@type\":\"ListItem\",\"position\":1,\"name\":\"Home\",\"item\":\"https:\/\/www.institut-myologie.org\/imotion\/\"},{\"@type\":\"ListItem\",\"position\":2,\"name\":\"Test de marche de 6 minutes\"}]},{\"@type\":\"WebSite\",\"@id\":\"https:\/\/www.institut-myologie.org\/imotion\/#website\",\"url\":\"https:\/\/www.institut-myologie.org\/imotion\/\",\"name\":\"I-Motion\",\"description\":\"Plateforme d&#039;essais cliniques p\u00e9diatriques pour les maladies neuromusculaires\",\"publisher\":{\"@id\":\"https:\/\/www.institut-myologie.org\/imotion\/#organization\"},\"potentialAction\":[{\"@type\":\"SearchAction\",\"target\":{\"@type\":\"EntryPoint\",\"urlTemplate\":\"https:\/\/www.institut-myologie.org\/imotion\/?s={search_term_string}\"},\"query-input\":{\"@type\":\"PropertyValueSpecification\",\"valueRequired\":true,\"valueName\":\"search_term_string\"}}],\"inLanguage\":\"fr-FR\"},{\"@type\":\"Organization\",\"@id\":\"https:\/\/www.institut-myologie.org\/imotion\/#organization\",\"name\":\"Institut I-Motion\",\"url\":\"https:\/\/www.institut-myologie.org\/imotion\/\",\"logo\":{\"@type\":\"ImageObject\",\"inLanguage\":\"fr-FR\",\"@id\":\"https:\/\/www.institut-myologie.org\/imotion\/#\/schema\/logo\/image\/\",\"url\":\"https:\/\/www.institut-myologie.org\/imotion\/wp-content\/uploads\/2016\/08\/logoImotion.png\",\"contentUrl\":\"https:\/\/www.institut-myologie.org\/imotion\/wp-content\/uploads\/2016\/08\/logoImotion.png\",\"width\":150,\"height\":51,\"caption\":\"Institut I-Motion\"},\"image\":{\"@id\":\"https:\/\/www.institut-myologie.org\/imotion\/#\/schema\/logo\/image\/\"}}]}<\/script>\n<!-- \/ Yoast SEO plugin. -->","yoast_head_json":{"title":"Test de marche de 6 minutes - I-Motion","description":"Ce test tr\u00e8s simple est le test de r\u00e9f\u00e9rence de nombreuses \u00e9tudes. Il permet d\u2019\u00e9valuer l\u2019\u00e9volution de la maladie sur la marche dans le temps.","robots":{"index":"index","follow":"follow","max-snippet":"max-snippet:-1","max-image-preview":"max-image-preview:large","max-video-preview":"max-video-preview:-1"},"canonical":"https:\/\/www.institut-myologie.org\/imotion\/test-de-marche-de-6minutes\/","og_locale":"fr_FR","og_type":"article","og_title":"Test de marche de 6 minutes - I-Motion","og_description":"Ce test tr\u00e8s simple est le test de r\u00e9f\u00e9rence de nombreuses \u00e9tudes. Il permet d\u2019\u00e9valuer l\u2019\u00e9volution de la maladie sur la marche dans le temps.","og_url":"https:\/\/www.institut-myologie.org\/imotion\/test-de-marche-de-6minutes\/","og_site_name":"I-Motion","article_modified_time":"2021-08-25T13:44:24+00:00","twitter_card":"summary_large_image","twitter_misc":{"Dur\u00e9e de lecture estim\u00e9e":"1 minute"},"schema":{"@context":"https:\/\/schema.org","@graph":[{"@type":"WebPage","@id":"https:\/\/www.institut-myologie.org\/imotion\/test-de-marche-de-6minutes\/","url":"https:\/\/www.institut-myologie.org\/imotion\/test-de-marche-de-6minutes\/","name":"Test de marche de 6 minutes - I-Motion","isPartOf":{"@id":"https:\/\/www.institut-myologie.org\/imotion\/#website"},"datePublished":"2016-11-09T13:52:13+00:00","dateModified":"2021-08-25T13:44:24+00:00","description":"Ce test tr\u00e8s simple est le test de r\u00e9f\u00e9rence de nombreuses \u00e9tudes. Il permet d\u2019\u00e9valuer l\u2019\u00e9volution de la maladie sur la marche dans le temps.","breadcrumb":{"@id":"https:\/\/www.institut-myologie.org\/imotion\/test-de-marche-de-6minutes\/#breadcrumb"},"inLanguage":"fr-FR","potentialAction":[{"@type":"ReadAction","target":["https:\/\/www.institut-myologie.org\/imotion\/test-de-marche-de-6minutes\/"]}]},{"@type":"BreadcrumbList","@id":"https:\/\/www.institut-myologie.org\/imotion\/test-de-marche-de-6minutes\/#breadcrumb","itemListElement":[{"@type":"ListItem","position":1,"name":"Home","item":"https:\/\/www.institut-myologie.org\/imotion\/"},{"@type":"ListItem","position":2,"name":"Test de marche de 6 minutes"}]},{"@type":"WebSite","@id":"https:\/\/www.institut-myologie.org\/imotion\/#website","url":"https:\/\/www.institut-myologie.org\/imotion\/","name":"I-Motion","description":"Plateforme d&#039;essais cliniques p\u00e9diatriques pour les maladies neuromusculaires","publisher":{"@id":"https:\/\/www.institut-myologie.org\/imotion\/#organization"},"potentialAction":[{"@type":"SearchAction","target":{"@type":"EntryPoint","urlTemplate":"https:\/\/www.institut-myologie.org\/imotion\/?s={search_term_string}"},"query-input":{"@type":"PropertyValueSpecification","valueRequired":true,"valueName":"search_term_string"}}],"inLanguage":"fr-FR"},{"@type":"Organization","@id":"https:\/\/www.institut-myologie.org\/imotion\/#organization","name":"Institut I-Motion","url":"https:\/\/www.institut-myologie.org\/imotion\/","logo":{"@type":"ImageObject","inLanguage":"fr-FR","@id":"https:\/\/www.institut-myologie.org\/imotion\/#\/schema\/logo\/image\/","url":"https:\/\/www.institut-myologie.org\/imotion\/wp-content\/uploads\/2016\/08\/logoImotion.png","contentUrl":"https:\/\/www.institut-myologie.org\/imotion\/wp-content\/uploads\/2016\/08\/logoImotion.png","width":150,"height":51,"caption":"Institut I-Motion"},"image":{"@id":"https:\/\/www.institut-myologie.org\/imotion\/#\/schema\/logo\/image\/"}}]}},"_links":{"self":[{"href":"https:\/\/www.institut-myologie.org\/imotion\/wp-json\/wp\/v2\/pages\/293","targetHints":{"allow":["GET"]}}],"collection":[{"href":"https:\/\/www.institut-myologie.org\/imotion\/wp-json\/wp\/v2\/pages"}],"about":[{"href":"https:\/\/www.institut-myologie.org\/imotion\/wp-json\/wp\/v2\/types\/page"}],"author":[{"embeddable":true,"href":"https:\/\/www.institut-myologie.org\/imotion\/wp-json\/wp\/v2\/users\/3"}],"replies":[{"embeddable":true,"href":"https:\/\/www.institut-myologie.org\/imotion\/wp-json\/wp\/v2\/comments?post=293"}],"version-history":[{"count":11,"href":"https:\/\/www.institut-myologie.org\/imotion\/wp-json\/wp\/v2\/pages\/293\/revisions"}],"predecessor-version":[{"id":2491,"href":"https:\/\/www.institut-myologie.org\/imotion\/wp-json\/wp\/v2\/pages\/293\/revisions\/2491"}],"wp:attachment":[{"href":"https:\/\/www.institut-myologie.org\/imotion\/wp-json\/wp\/v2\/media?parent=293"}],"curies":[{"name":"wp","href":"https:\/\/api.w.org\/{rel}","templated":true}]}}