{"id":267,"date":"2016-11-09T11:29:32","date_gmt":"2016-11-09T11:29:32","guid":{"rendered":"https:\/\/www.institut-myologie.org\/imotion\/?page_id=267"},"modified":"2021-12-14T17:55:21","modified_gmt":"2021-12-14T15:55:21","slug":"lorganisation-de-la-recherche-clinique","status":"publish","type":"page","link":"https:\/\/www.institut-myologie.org\/imotion\/lorganisation-de-la-recherche-clinique\/","title":{"rendered":"L&rsquo;organisation de la recherche clinique"},"content":{"rendered":"<p>Chaque jour, l&rsquo;Institut s\u2019appuie sur les savoir-faire et expertises de son \u00e9quipe : neurop\u00e9diatres, kin\u00e9sith\u00e9rapeutes, chefs de projets, attach\u00e9s de recherche clinique, assistante, secr\u00e9taire m\u00e9dicale, ing\u00e9nieur qualit\u00e9, infirmiers et techniciens de laboratoire.<\/p>\n<div class=\"entry__gallery packery row large-12\"><div class=\"col-4 entry__gallery__column\"><div class=\"entry__image column\"><div class=\"background-container\" style=\"background-image:url(https:\/\/www.institut-myologie.org\/imotion\/wp-content\/uploads\/2021\/12\/AFMTLT_201027_IMOTION_Consult_Enf_DMD_CH_046-modif.png)\"><\/div><\/div><\/div><div class=\"col-4 entry__gallery__column\"><div class=\"entry__image column\"><div class=\"background-container\" style=\"background-image:url(https:\/\/www.institut-myologie.org\/imotion\/wp-content\/uploads\/2021\/12\/AFMTLT_201104_IMOTION_Consult_Enf_DMD_CH_036-modif.png)\"><\/div><\/div><\/div><div class=\"col-4 entry__gallery__column\"><div class=\"entry__image column\"><div class=\"background-container\" style=\"background-image:url(https:\/\/www.institut-myologie.org\/imotion\/wp-content\/uploads\/2021\/12\/AFMTLT_201027_IMOTION_Consult_Enf_DMD_CH_034-modif.png)\"><\/div><\/div><\/div><\/div>\n<ul>\n<li>Les\u00a0<strong>neurop\u00e9diatres<\/strong> ont deux activit\u00e9s : ils effectuent des consultations cliniques des enfants ainsi que des visites d\u2019inclusion et de suivi de protocole dans le cadre des essais cliniques.<\/li>\n<li>Les <strong>kin\u00e9sith\u00e9rapeutes<\/strong> sont en charge de l\u2019\u00e9valuation de l\u2019\u00e9tat musculaire des patients. Dans le cadre des essais, ils effectuent des tests de suivi afin d\u2019\u00e9valuer la perte ou le gain musculaire li\u00e9 aux pathologies.<\/li>\n<li>Les <strong>chefs de projet<\/strong> sont impliqu\u00e9s dans la pr\u00e9paration des \u00e9tudes cliniques avant la soumission au comit\u00e9 d\u2019\u00e9thique, \u00e0 l\u2019ANSM ou \u00e0 la CNIL selon le cas. Ils sont investis dans toutes les \u00e9tapes des essais cliniques.<\/li>\n<li>Les <strong>attach\u00e9s de recherche clinique<\/strong> (ARC) s\u2019occupent de la bonne conduite logistique des essais cliniques, \u00e0 tous les niveaux. Ils assurent le lien entre les diff\u00e9rents acteurs des essais et sont les garants de la bonne coordination des \u00e9tapes.<\/li>\n<li>Une <strong>assistante<\/strong>\u00a0et une <strong>secr\u00e9taire m\u00e9dicale<\/strong> qui sont au plus proche des patients et toujours pr\u00e9sentes pour les accueillir et les accompagner tout au long de leur parcours au sein de l\u2019Institut I-Motion.<\/li>\n<li>L\u2019<strong>ing\u00e9nieur qualit\u00e9<\/strong> est en charge des proc\u00e9dures qualit\u00e9 tr\u00e8s importantes dans le cadre des essais cliniques.<\/li>\n<li>Une <strong>\u00e9quipe d\u2019infirmiers de recherche clinique<\/strong> et de <strong>techniciens de laboratoire<\/strong>\u00a0capable d\u2019intervenir dans la prise en charge des patients inclus dans des \u00e9tudes cliniques.<\/li>\n<\/ul>\n<p style=\"text-align: center;\">Retrouvez les membres de l&rsquo;\u00e9quipe <a href=\"https:\/\/www.institut-myologie.org\/imotion\/lequipe\/\">ici<\/a> !<\/p>\n","protected":false},"excerpt":{"rendered":"<p>Chaque jour, l&rsquo;Institut s\u2019appuie sur les savoir-faire et expertises de son \u00e9quipe : neurop\u00e9diatres, kin\u00e9sith\u00e9rapeutes, chefs de projets, attach\u00e9s de recherche clinique, assistante, secr\u00e9taire m\u00e9dicale, ing\u00e9nieur qualit\u00e9, infirmiers et techniciens de laboratoire. Les\u00a0neurop\u00e9diatres ont deux activit\u00e9s : ils effectuent des consultations cliniques des enfants ainsi que des visites d\u2019inclusion et de suivi de protocole dans &hellip; <a href=\"https:\/\/www.institut-myologie.org\/imotion\/lorganisation-de-la-recherche-clinique\/\">Continued<\/a><\/p>\n","protected":false},"author":3,"featured_media":0,"parent":0,"menu_order":0,"comment_status":"closed","ping_status":"closed","template":"","meta":{"_acf_changed":false,"footnotes":""},"class_list":["post-267","page","type-page","status-publish","hentry"],"acf":[],"yoast_head":"<!-- This site is optimized with the Yoast SEO plugin v27.1.1 - https:\/\/yoast.com\/product\/yoast-seo-wordpress\/ -->\n<title>L&#039;organisation de la recherche clinique - I-Motion<\/title>\n<meta name=\"description\" content=\"I-Motion s\u2019appuie sur les savoir-faire et expertises de son \u00e9quipe de professionnels : m\u00e9decins, kin\u00e9s, chefs de projets, ARC, ing\u00e9nieur qualit\u00e9, techniciens de laboratoire, assistants infirmiers et secr\u00e9taires m\u00e9dicales.\" \/>\n<meta name=\"robots\" content=\"index, follow, max-snippet:-1, max-image-preview:large, max-video-preview:-1\" \/>\n<link rel=\"canonical\" href=\"https:\/\/www.institut-myologie.org\/imotion\/lorganisation-de-la-recherche-clinique\/\" \/>\n<meta property=\"og:locale\" content=\"fr_FR\" \/>\n<meta property=\"og:type\" content=\"article\" \/>\n<meta property=\"og:title\" content=\"L&#039;organisation de la recherche clinique - I-Motion\" \/>\n<meta property=\"og:description\" content=\"I-Motion s\u2019appuie sur les savoir-faire et expertises de son \u00e9quipe de professionnels : m\u00e9decins, kin\u00e9s, chefs de projets, ARC, ing\u00e9nieur qualit\u00e9, techniciens de laboratoire, assistants infirmiers et secr\u00e9taires m\u00e9dicales.\" \/>\n<meta property=\"og:url\" content=\"https:\/\/www.institut-myologie.org\/imotion\/lorganisation-de-la-recherche-clinique\/\" \/>\n<meta property=\"og:site_name\" content=\"I-Motion\" \/>\n<meta property=\"article:modified_time\" content=\"2021-12-14T15:55:21+00:00\" \/>\n<meta name=\"twitter:card\" content=\"summary_large_image\" \/>\n<meta name=\"twitter:label1\" content=\"Dur\u00e9e de lecture estim\u00e9e\" \/>\n\t<meta name=\"twitter:data1\" content=\"2 minutes\" \/>\n<script type=\"application\/ld+json\" class=\"yoast-schema-graph\">{\"@context\":\"https:\/\/schema.org\",\"@graph\":[{\"@type\":\"WebPage\",\"@id\":\"https:\/\/www.institut-myologie.org\/imotion\/lorganisation-de-la-recherche-clinique\/\",\"url\":\"https:\/\/www.institut-myologie.org\/imotion\/lorganisation-de-la-recherche-clinique\/\",\"name\":\"L'organisation de la recherche clinique - I-Motion\",\"isPartOf\":{\"@id\":\"https:\/\/www.institut-myologie.org\/imotion\/#website\"},\"datePublished\":\"2016-11-09T11:29:32+00:00\",\"dateModified\":\"2021-12-14T15:55:21+00:00\",\"description\":\"I-Motion s\u2019appuie sur les savoir-faire et expertises de son \u00e9quipe de professionnels : m\u00e9decins, kin\u00e9s, chefs de projets, ARC, ing\u00e9nieur qualit\u00e9, techniciens de laboratoire, assistants infirmiers et secr\u00e9taires m\u00e9dicales.\",\"breadcrumb\":{\"@id\":\"https:\/\/www.institut-myologie.org\/imotion\/lorganisation-de-la-recherche-clinique\/#breadcrumb\"},\"inLanguage\":\"fr-FR\",\"potentialAction\":[{\"@type\":\"ReadAction\",\"target\":[\"https:\/\/www.institut-myologie.org\/imotion\/lorganisation-de-la-recherche-clinique\/\"]}]},{\"@type\":\"BreadcrumbList\",\"@id\":\"https:\/\/www.institut-myologie.org\/imotion\/lorganisation-de-la-recherche-clinique\/#breadcrumb\",\"itemListElement\":[{\"@type\":\"ListItem\",\"position\":1,\"name\":\"Home\",\"item\":\"https:\/\/www.institut-myologie.org\/imotion\/\"},{\"@type\":\"ListItem\",\"position\":2,\"name\":\"L&rsquo;organisation de la recherche clinique\"}]},{\"@type\":\"WebSite\",\"@id\":\"https:\/\/www.institut-myologie.org\/imotion\/#website\",\"url\":\"https:\/\/www.institut-myologie.org\/imotion\/\",\"name\":\"I-Motion\",\"description\":\"Plateforme d&#039;essais cliniques p\u00e9diatriques pour les maladies neuromusculaires\",\"publisher\":{\"@id\":\"https:\/\/www.institut-myologie.org\/imotion\/#organization\"},\"potentialAction\":[{\"@type\":\"SearchAction\",\"target\":{\"@type\":\"EntryPoint\",\"urlTemplate\":\"https:\/\/www.institut-myologie.org\/imotion\/?s={search_term_string}\"},\"query-input\":{\"@type\":\"PropertyValueSpecification\",\"valueRequired\":true,\"valueName\":\"search_term_string\"}}],\"inLanguage\":\"fr-FR\"},{\"@type\":\"Organization\",\"@id\":\"https:\/\/www.institut-myologie.org\/imotion\/#organization\",\"name\":\"Institut I-Motion\",\"url\":\"https:\/\/www.institut-myologie.org\/imotion\/\",\"logo\":{\"@type\":\"ImageObject\",\"inLanguage\":\"fr-FR\",\"@id\":\"https:\/\/www.institut-myologie.org\/imotion\/#\/schema\/logo\/image\/\",\"url\":\"https:\/\/www.institut-myologie.org\/imotion\/wp-content\/uploads\/2016\/08\/logoImotion.png\",\"contentUrl\":\"https:\/\/www.institut-myologie.org\/imotion\/wp-content\/uploads\/2016\/08\/logoImotion.png\",\"width\":150,\"height\":51,\"caption\":\"Institut I-Motion\"},\"image\":{\"@id\":\"https:\/\/www.institut-myologie.org\/imotion\/#\/schema\/logo\/image\/\"}}]}<\/script>\n<!-- \/ Yoast SEO plugin. -->","yoast_head_json":{"title":"L'organisation de la recherche clinique - I-Motion","description":"I-Motion s\u2019appuie sur les savoir-faire et expertises de son \u00e9quipe de professionnels : m\u00e9decins, kin\u00e9s, chefs de projets, ARC, ing\u00e9nieur qualit\u00e9, techniciens de laboratoire, assistants infirmiers et secr\u00e9taires m\u00e9dicales.","robots":{"index":"index","follow":"follow","max-snippet":"max-snippet:-1","max-image-preview":"max-image-preview:large","max-video-preview":"max-video-preview:-1"},"canonical":"https:\/\/www.institut-myologie.org\/imotion\/lorganisation-de-la-recherche-clinique\/","og_locale":"fr_FR","og_type":"article","og_title":"L'organisation de la recherche clinique - I-Motion","og_description":"I-Motion s\u2019appuie sur les savoir-faire et expertises de son \u00e9quipe de professionnels : m\u00e9decins, kin\u00e9s, chefs de projets, ARC, ing\u00e9nieur qualit\u00e9, techniciens de laboratoire, assistants infirmiers et secr\u00e9taires m\u00e9dicales.","og_url":"https:\/\/www.institut-myologie.org\/imotion\/lorganisation-de-la-recherche-clinique\/","og_site_name":"I-Motion","article_modified_time":"2021-12-14T15:55:21+00:00","twitter_card":"summary_large_image","twitter_misc":{"Dur\u00e9e de lecture estim\u00e9e":"2 minutes"},"schema":{"@context":"https:\/\/schema.org","@graph":[{"@type":"WebPage","@id":"https:\/\/www.institut-myologie.org\/imotion\/lorganisation-de-la-recherche-clinique\/","url":"https:\/\/www.institut-myologie.org\/imotion\/lorganisation-de-la-recherche-clinique\/","name":"L'organisation de la recherche clinique - I-Motion","isPartOf":{"@id":"https:\/\/www.institut-myologie.org\/imotion\/#website"},"datePublished":"2016-11-09T11:29:32+00:00","dateModified":"2021-12-14T15:55:21+00:00","description":"I-Motion s\u2019appuie sur les savoir-faire et expertises de son \u00e9quipe de professionnels : m\u00e9decins, kin\u00e9s, chefs de projets, ARC, ing\u00e9nieur qualit\u00e9, techniciens de laboratoire, assistants infirmiers et secr\u00e9taires m\u00e9dicales.","breadcrumb":{"@id":"https:\/\/www.institut-myologie.org\/imotion\/lorganisation-de-la-recherche-clinique\/#breadcrumb"},"inLanguage":"fr-FR","potentialAction":[{"@type":"ReadAction","target":["https:\/\/www.institut-myologie.org\/imotion\/lorganisation-de-la-recherche-clinique\/"]}]},{"@type":"BreadcrumbList","@id":"https:\/\/www.institut-myologie.org\/imotion\/lorganisation-de-la-recherche-clinique\/#breadcrumb","itemListElement":[{"@type":"ListItem","position":1,"name":"Home","item":"https:\/\/www.institut-myologie.org\/imotion\/"},{"@type":"ListItem","position":2,"name":"L&rsquo;organisation de la recherche clinique"}]},{"@type":"WebSite","@id":"https:\/\/www.institut-myologie.org\/imotion\/#website","url":"https:\/\/www.institut-myologie.org\/imotion\/","name":"I-Motion","description":"Plateforme d&#039;essais cliniques p\u00e9diatriques pour les maladies neuromusculaires","publisher":{"@id":"https:\/\/www.institut-myologie.org\/imotion\/#organization"},"potentialAction":[{"@type":"SearchAction","target":{"@type":"EntryPoint","urlTemplate":"https:\/\/www.institut-myologie.org\/imotion\/?s={search_term_string}"},"query-input":{"@type":"PropertyValueSpecification","valueRequired":true,"valueName":"search_term_string"}}],"inLanguage":"fr-FR"},{"@type":"Organization","@id":"https:\/\/www.institut-myologie.org\/imotion\/#organization","name":"Institut I-Motion","url":"https:\/\/www.institut-myologie.org\/imotion\/","logo":{"@type":"ImageObject","inLanguage":"fr-FR","@id":"https:\/\/www.institut-myologie.org\/imotion\/#\/schema\/logo\/image\/","url":"https:\/\/www.institut-myologie.org\/imotion\/wp-content\/uploads\/2016\/08\/logoImotion.png","contentUrl":"https:\/\/www.institut-myologie.org\/imotion\/wp-content\/uploads\/2016\/08\/logoImotion.png","width":150,"height":51,"caption":"Institut I-Motion"},"image":{"@id":"https:\/\/www.institut-myologie.org\/imotion\/#\/schema\/logo\/image\/"}}]}},"_links":{"self":[{"href":"https:\/\/www.institut-myologie.org\/imotion\/wp-json\/wp\/v2\/pages\/267","targetHints":{"allow":["GET"]}}],"collection":[{"href":"https:\/\/www.institut-myologie.org\/imotion\/wp-json\/wp\/v2\/pages"}],"about":[{"href":"https:\/\/www.institut-myologie.org\/imotion\/wp-json\/wp\/v2\/types\/page"}],"author":[{"embeddable":true,"href":"https:\/\/www.institut-myologie.org\/imotion\/wp-json\/wp\/v2\/users\/3"}],"replies":[{"embeddable":true,"href":"https:\/\/www.institut-myologie.org\/imotion\/wp-json\/wp\/v2\/comments?post=267"}],"version-history":[{"count":16,"href":"https:\/\/www.institut-myologie.org\/imotion\/wp-json\/wp\/v2\/pages\/267\/revisions"}],"predecessor-version":[{"id":2661,"href":"https:\/\/www.institut-myologie.org\/imotion\/wp-json\/wp\/v2\/pages\/267\/revisions\/2661"}],"wp:attachment":[{"href":"https:\/\/www.institut-myologie.org\/imotion\/wp-json\/wp\/v2\/media?parent=267"}],"curies":[{"name":"wp","href":"https:\/\/api.w.org\/{rel}","templated":true}]}}