{"id":259,"date":"2016-11-09T10:01:15","date_gmt":"2016-11-09T10:01:15","guid":{"rendered":"https:\/\/www.institut-myologie.org\/imotion\/?page_id=259"},"modified":"2023-03-20T14:19:29","modified_gmt":"2023-03-20T12:19:29","slug":"une-autre-vision-de-la-recherche-clinique","status":"publish","type":"page","link":"https:\/\/www.institut-myologie.org\/imotion\/une-autre-vision-de-la-recherche-clinique\/","title":{"rendered":"Notre vision de la recherche clinique"},"content":{"rendered":"<p>La recherche clinique \u00e0 I-Motion vise \u00e0 d\u00e9couvrir les moyens d&rsquo;am\u00e9liorer la prise en charge et le traitement des\u00a0maladies rares neuromusculaires et neurologiques chez l\u2019enfant. Les essais cliniques mis en \u0153uvre peuvent porter sur de nouveaux m\u00e9dicaments, de nouvelles techniques d\u2019\u00e9valuation et de prise en charge.<\/p>\n<div class=\"entry__gallery packery row large-12\"><div class=\"col-4 entry__gallery__column\"><div class=\"entry__image column\"><div class=\"background-container\" style=\"background-image:url(https:\/\/www.institut-myologie.org\/imotion\/wp-content\/uploads\/2021\/12\/AFMTLT_201104_IMOTION_Consult_Enf_DMD_CH_071-modif.png)\"><\/div><\/div><\/div><div class=\"col-4 entry__gallery__column\"><div class=\"entry__image column\"><div class=\"background-container\" style=\"background-image:url(https:\/\/www.institut-myologie.org\/imotion\/wp-content\/uploads\/2021\/12\/AFMTLT_201104_IMOTION_Consult_Enf_DMD_CH_035-modif.png)\"><\/div><\/div><\/div><div class=\"col-4 entry__gallery__column\"><div class=\"entry__image column\"><div class=\"background-container\" style=\"background-image:url(https:\/\/www.institut-myologie.org\/imotion\/wp-content\/uploads\/2021\/12\/AFMTLT_201104_IMOTION_Consult_Enf_DMD_CH_069-modif.png)\"><\/div><\/div><\/div><\/div>\n<p>Depuis son ouverture en Juin 2015, l\u2019activit\u00e9 d&rsquo;I-Motion se traduit par un nombre croissant d\u2019essais cliniques avec la participation cumul\u00e9e de 350 patients.<\/p>\n<p>\u00c0 I-Motion, une vingtaine d&rsquo;essais sont actuellement en cours ou en pr\u00e9paration, concernant une dizaine de maladies neuromusculaires (dystrophie musculaire de Duchenne, l\u2019amyotrophie spinale, la myopathie myotubulaire, etc.) ou neurologiques (mucopolysaccharidose). Cela comprend des essais th\u00e9rapeutiques, des \u00e9tudes d\u2019histoires naturelles internationales et des \u00e9tudes interventionnelles non th\u00e9rapeutiques (validation de dispositifs de mesure).<\/p>\n<p>Ces essais, majoritairement internationaux, sont promus par les industriels,\u00a0les laboratoires de l&rsquo;AFM-T\u00e9l\u00e9thon (G\u00e9n\u00e9thon, Institut de Myologie&#8230;) ou l&rsquo;AP-HP.<\/p>\n<ul>\n<li>En savoir plus sur<a href=\"https:\/\/www.institut-myologie.org\/imotion\/la-recherche-clinique-a-i-motion\/\" target=\"_blank\" rel=\"noopener\"> la recherche clinique \u00e0 <\/a><a href=\"https:\/\/www.institut-myologie.org\/imotion\/la-recherche-clinique-a-i-motion\/\" target=\"_blank\" rel=\"noopener\">I-Motion<\/a><\/li>\n<li>En savoir plus sur<a href=\"https:\/\/www.institut-myologie.org\/imotion\/les-essais-en-cours-a-i-motion\/\" target=\"_blank\" rel=\"noopener\"> les essais en cours \u00e0 I-Motion<\/a><\/li>\n<\/ul>\n<p>Pour aller plus loin\u00a0: la recherche avec <a href=\"https:\/\/www.institut-myologie.org\/essais\/i-motion-adultes\/\" target=\"_blank\" rel=\"noopener\">I-motion Adultes<\/a><\/p>\n","protected":false},"excerpt":{"rendered":"<p>La recherche clinique \u00e0 I-Motion vise \u00e0 d\u00e9couvrir les moyens d&rsquo;am\u00e9liorer la prise en charge et le traitement des\u00a0maladies rares neuromusculaires et neurologiques chez l\u2019enfant. Les essais cliniques mis en \u0153uvre peuvent porter sur de nouveaux m\u00e9dicaments, de nouvelles techniques d\u2019\u00e9valuation et de prise en charge. Depuis son ouverture en Juin 2015, l\u2019activit\u00e9 d&rsquo;I-Motion se &hellip; <a href=\"https:\/\/www.institut-myologie.org\/imotion\/une-autre-vision-de-la-recherche-clinique\/\">Continued<\/a><\/p>\n","protected":false},"author":3,"featured_media":0,"parent":0,"menu_order":0,"comment_status":"closed","ping_status":"closed","template":"","meta":{"_acf_changed":false,"footnotes":""},"class_list":["post-259","page","type-page","status-publish","hentry"],"acf":[],"yoast_head":"<!-- This site is optimized with the Yoast SEO plugin v27.1.1 - https:\/\/yoast.com\/product\/yoast-seo-wordpress\/ -->\n<title>Notre vision de la recherche clinique - I-Motion<\/title>\n<meta name=\"description\" content=\"La recherche clinique \u00e0 I-Motion vise \u00e0 d\u00e9couvrir les moyens d&#039;am\u00e9liorer la prise en charge et le traitement des maladies neuromusculaires chez l\u2019enfant.\" \/>\n<meta name=\"robots\" content=\"index, follow, max-snippet:-1, max-image-preview:large, max-video-preview:-1\" \/>\n<link rel=\"canonical\" href=\"https:\/\/www.institut-myologie.org\/imotion\/une-autre-vision-de-la-recherche-clinique\/\" \/>\n<meta property=\"og:locale\" content=\"fr_FR\" \/>\n<meta property=\"og:type\" content=\"article\" \/>\n<meta property=\"og:title\" content=\"Notre vision de la recherche clinique - I-Motion\" \/>\n<meta property=\"og:description\" content=\"La recherche clinique \u00e0 I-Motion vise \u00e0 d\u00e9couvrir les moyens d&#039;am\u00e9liorer la prise en charge et le traitement des maladies neuromusculaires chez l\u2019enfant.\" \/>\n<meta property=\"og:url\" content=\"https:\/\/www.institut-myologie.org\/imotion\/une-autre-vision-de-la-recherche-clinique\/\" \/>\n<meta property=\"og:site_name\" content=\"I-Motion\" \/>\n<meta property=\"article:modified_time\" content=\"2023-03-20T12:19:29+00:00\" \/>\n<meta name=\"twitter:card\" content=\"summary_large_image\" \/>\n<meta name=\"twitter:label1\" content=\"Dur\u00e9e de lecture estim\u00e9e\" \/>\n\t<meta name=\"twitter:data1\" content=\"1 minute\" \/>\n<script type=\"application\/ld+json\" class=\"yoast-schema-graph\">{\"@context\":\"https:\/\/schema.org\",\"@graph\":[{\"@type\":\"WebPage\",\"@id\":\"https:\/\/www.institut-myologie.org\/imotion\/une-autre-vision-de-la-recherche-clinique\/\",\"url\":\"https:\/\/www.institut-myologie.org\/imotion\/une-autre-vision-de-la-recherche-clinique\/\",\"name\":\"Notre vision de la recherche clinique - I-Motion\",\"isPartOf\":{\"@id\":\"https:\/\/www.institut-myologie.org\/imotion\/#website\"},\"datePublished\":\"2016-11-09T10:01:15+00:00\",\"dateModified\":\"2023-03-20T12:19:29+00:00\",\"description\":\"La recherche clinique \u00e0 I-Motion vise \u00e0 d\u00e9couvrir les moyens d'am\u00e9liorer la prise en charge et le traitement des maladies neuromusculaires chez l\u2019enfant.\",\"breadcrumb\":{\"@id\":\"https:\/\/www.institut-myologie.org\/imotion\/une-autre-vision-de-la-recherche-clinique\/#breadcrumb\"},\"inLanguage\":\"fr-FR\",\"potentialAction\":[{\"@type\":\"ReadAction\",\"target\":[\"https:\/\/www.institut-myologie.org\/imotion\/une-autre-vision-de-la-recherche-clinique\/\"]}]},{\"@type\":\"BreadcrumbList\",\"@id\":\"https:\/\/www.institut-myologie.org\/imotion\/une-autre-vision-de-la-recherche-clinique\/#breadcrumb\",\"itemListElement\":[{\"@type\":\"ListItem\",\"position\":1,\"name\":\"Home\",\"item\":\"https:\/\/www.institut-myologie.org\/imotion\/\"},{\"@type\":\"ListItem\",\"position\":2,\"name\":\"Notre vision de la recherche clinique\"}]},{\"@type\":\"WebSite\",\"@id\":\"https:\/\/www.institut-myologie.org\/imotion\/#website\",\"url\":\"https:\/\/www.institut-myologie.org\/imotion\/\",\"name\":\"I-Motion\",\"description\":\"Plateforme d&#039;essais cliniques p\u00e9diatriques pour les maladies neuromusculaires\",\"publisher\":{\"@id\":\"https:\/\/www.institut-myologie.org\/imotion\/#organization\"},\"potentialAction\":[{\"@type\":\"SearchAction\",\"target\":{\"@type\":\"EntryPoint\",\"urlTemplate\":\"https:\/\/www.institut-myologie.org\/imotion\/?s={search_term_string}\"},\"query-input\":{\"@type\":\"PropertyValueSpecification\",\"valueRequired\":true,\"valueName\":\"search_term_string\"}}],\"inLanguage\":\"fr-FR\"},{\"@type\":\"Organization\",\"@id\":\"https:\/\/www.institut-myologie.org\/imotion\/#organization\",\"name\":\"Institut I-Motion\",\"url\":\"https:\/\/www.institut-myologie.org\/imotion\/\",\"logo\":{\"@type\":\"ImageObject\",\"inLanguage\":\"fr-FR\",\"@id\":\"https:\/\/www.institut-myologie.org\/imotion\/#\/schema\/logo\/image\/\",\"url\":\"https:\/\/www.institut-myologie.org\/imotion\/wp-content\/uploads\/2016\/08\/logoImotion.png\",\"contentUrl\":\"https:\/\/www.institut-myologie.org\/imotion\/wp-content\/uploads\/2016\/08\/logoImotion.png\",\"width\":150,\"height\":51,\"caption\":\"Institut I-Motion\"},\"image\":{\"@id\":\"https:\/\/www.institut-myologie.org\/imotion\/#\/schema\/logo\/image\/\"}}]}<\/script>\n<!-- \/ Yoast SEO plugin. -->","yoast_head_json":{"title":"Notre vision de la recherche clinique - I-Motion","description":"La recherche clinique \u00e0 I-Motion vise \u00e0 d\u00e9couvrir les moyens d'am\u00e9liorer la prise en charge et le traitement des maladies neuromusculaires chez l\u2019enfant.","robots":{"index":"index","follow":"follow","max-snippet":"max-snippet:-1","max-image-preview":"max-image-preview:large","max-video-preview":"max-video-preview:-1"},"canonical":"https:\/\/www.institut-myologie.org\/imotion\/une-autre-vision-de-la-recherche-clinique\/","og_locale":"fr_FR","og_type":"article","og_title":"Notre vision de la recherche clinique - I-Motion","og_description":"La recherche clinique \u00e0 I-Motion vise \u00e0 d\u00e9couvrir les moyens d'am\u00e9liorer la prise en charge et le traitement des maladies neuromusculaires chez l\u2019enfant.","og_url":"https:\/\/www.institut-myologie.org\/imotion\/une-autre-vision-de-la-recherche-clinique\/","og_site_name":"I-Motion","article_modified_time":"2023-03-20T12:19:29+00:00","twitter_card":"summary_large_image","twitter_misc":{"Dur\u00e9e de lecture estim\u00e9e":"1 minute"},"schema":{"@context":"https:\/\/schema.org","@graph":[{"@type":"WebPage","@id":"https:\/\/www.institut-myologie.org\/imotion\/une-autre-vision-de-la-recherche-clinique\/","url":"https:\/\/www.institut-myologie.org\/imotion\/une-autre-vision-de-la-recherche-clinique\/","name":"Notre vision de la recherche clinique - I-Motion","isPartOf":{"@id":"https:\/\/www.institut-myologie.org\/imotion\/#website"},"datePublished":"2016-11-09T10:01:15+00:00","dateModified":"2023-03-20T12:19:29+00:00","description":"La recherche clinique \u00e0 I-Motion vise \u00e0 d\u00e9couvrir les moyens d'am\u00e9liorer la prise en charge et le traitement des maladies neuromusculaires chez l\u2019enfant.","breadcrumb":{"@id":"https:\/\/www.institut-myologie.org\/imotion\/une-autre-vision-de-la-recherche-clinique\/#breadcrumb"},"inLanguage":"fr-FR","potentialAction":[{"@type":"ReadAction","target":["https:\/\/www.institut-myologie.org\/imotion\/une-autre-vision-de-la-recherche-clinique\/"]}]},{"@type":"BreadcrumbList","@id":"https:\/\/www.institut-myologie.org\/imotion\/une-autre-vision-de-la-recherche-clinique\/#breadcrumb","itemListElement":[{"@type":"ListItem","position":1,"name":"Home","item":"https:\/\/www.institut-myologie.org\/imotion\/"},{"@type":"ListItem","position":2,"name":"Notre vision de la recherche clinique"}]},{"@type":"WebSite","@id":"https:\/\/www.institut-myologie.org\/imotion\/#website","url":"https:\/\/www.institut-myologie.org\/imotion\/","name":"I-Motion","description":"Plateforme d&#039;essais cliniques p\u00e9diatriques pour les maladies neuromusculaires","publisher":{"@id":"https:\/\/www.institut-myologie.org\/imotion\/#organization"},"potentialAction":[{"@type":"SearchAction","target":{"@type":"EntryPoint","urlTemplate":"https:\/\/www.institut-myologie.org\/imotion\/?s={search_term_string}"},"query-input":{"@type":"PropertyValueSpecification","valueRequired":true,"valueName":"search_term_string"}}],"inLanguage":"fr-FR"},{"@type":"Organization","@id":"https:\/\/www.institut-myologie.org\/imotion\/#organization","name":"Institut I-Motion","url":"https:\/\/www.institut-myologie.org\/imotion\/","logo":{"@type":"ImageObject","inLanguage":"fr-FR","@id":"https:\/\/www.institut-myologie.org\/imotion\/#\/schema\/logo\/image\/","url":"https:\/\/www.institut-myologie.org\/imotion\/wp-content\/uploads\/2016\/08\/logoImotion.png","contentUrl":"https:\/\/www.institut-myologie.org\/imotion\/wp-content\/uploads\/2016\/08\/logoImotion.png","width":150,"height":51,"caption":"Institut I-Motion"},"image":{"@id":"https:\/\/www.institut-myologie.org\/imotion\/#\/schema\/logo\/image\/"}}]}},"_links":{"self":[{"href":"https:\/\/www.institut-myologie.org\/imotion\/wp-json\/wp\/v2\/pages\/259","targetHints":{"allow":["GET"]}}],"collection":[{"href":"https:\/\/www.institut-myologie.org\/imotion\/wp-json\/wp\/v2\/pages"}],"about":[{"href":"https:\/\/www.institut-myologie.org\/imotion\/wp-json\/wp\/v2\/types\/page"}],"author":[{"embeddable":true,"href":"https:\/\/www.institut-myologie.org\/imotion\/wp-json\/wp\/v2\/users\/3"}],"replies":[{"embeddable":true,"href":"https:\/\/www.institut-myologie.org\/imotion\/wp-json\/wp\/v2\/comments?post=259"}],"version-history":[{"count":17,"href":"https:\/\/www.institut-myologie.org\/imotion\/wp-json\/wp\/v2\/pages\/259\/revisions"}],"predecessor-version":[{"id":2847,"href":"https:\/\/www.institut-myologie.org\/imotion\/wp-json\/wp\/v2\/pages\/259\/revisions\/2847"}],"wp:attachment":[{"href":"https:\/\/www.institut-myologie.org\/imotion\/wp-json\/wp\/v2\/media?parent=259"}],"curies":[{"name":"wp","href":"https:\/\/api.w.org\/{rel}","templated":true}]}}