{"id":25,"date":"2016-08-31T01:45:31","date_gmt":"2016-08-31T01:45:31","guid":{"rendered":"https:\/\/www.institut-myologie.org\/imotion\/?page_id=25"},"modified":"2024-10-28T15:06:46","modified_gmt":"2024-10-28T13:06:46","slug":"lequipe","status":"publish","type":"page","link":"https:\/\/www.institut-myologie.org\/imotion\/lequipe\/","title":{"rendered":"L&rsquo;\u00e9quipe"},"content":{"rendered":"<div class=\"wp-block-image\">\n<figure class=\"alignright size-full\"><img loading=\"lazy\" decoding=\"async\" width=\"274\" height=\"220\" src=\"https:\/\/www.institut-myologie.org\/imotion\/wp-content\/uploads\/2024\/03\/Saadane-Kirouani-et-Marina-Colella-Institut-de-Myologie-2024.jpg\" alt=\"\" class=\"wp-image-2918\"\/><\/figure>\n<\/div>\n\n<p><b>Dr Marina Colella<\/b>, Directrice adjointe \u2013 responsable du personnel m\u00e9dical d\u2019I-Motion et <strong>Saadane Kirouani<\/strong>, Directeur adjoint \u2013 responsable du personnel non m\u00e9dical d\u2019I-Motion co-dirigent la plateforme I-Motion P\u00e9diatrique. Ils co-dirigent \u00e9galement la plateforme <a href=\"https:\/\/www.institut-myologie.org\/essais\/i-motion-adultes\/\" target=\"_blank\" rel=\"noopener\">I-Motion Adultes<\/a> de l\u2019Institut de Myologie, situ\u00e9e \u00e0 l\u2019h\u00f4pital de la Piti\u00e9-Salp\u00eatri\u00e8re \u00e0 Paris.<\/p>\n<p>L\u2019\u00e9quipe de professionnels form\u00e9s sp\u00e9cifiquement \u00e0 la recherche clinique et au contact avec les patients et leurs familles est compos\u00e9e de\u00a0plusieurs <b>m\u00e9decins<\/b> (Dr Marina Colella, Dr Andreea M. Seferian, Dr Silvana De Lucia, Dr Marta Gomez Garcia de La Banda), <b>kin\u00e9sith\u00e9rapeutes<\/b> (Eva Biagini, M\u00e9lina Brindeau, Clara Prince), <b>attach<\/b><b>\u00e9s<\/b><b> de recherche clinique<\/b> (Marta Peretti, Aur\u00e9lie Phelep, Mohamed Ibrahim), <b>che<\/b><b>fs<\/b><b> de projets<\/b> (Dominique Duch\u00eane, Erwan Gasnier),\u00a0<b>ing\u00e9nieure\u00a0<\/b><b>qualit\u00e9<\/b> (Fanny Moraux)\u00a0et\u00a0<b>secr\u00e9taire m\u00e9dicale<\/b> (Malgorzata Tota). Tous sont au service des enfants, qu\u2019ils participent aux essais cliniques ou qu\u2019ils soient re\u00e7us dans le cadre des consultations neuromusculaires.<\/p>","protected":false},"excerpt":{"rendered":"<p>Dr Marina Colella, Directrice adjointe \u2013 responsable du personnel m\u00e9dical d\u2019I-Motion et Saadane Kirouani, Directeur adjoint \u2013 responsable du personnel non m\u00e9dical d\u2019I-Motion co-dirigent la plateforme I-Motion P\u00e9diatrique. Ils co-dirigent \u00e9galement la plateforme I-Motion Adultes de l\u2019Institut de Myologie, situ\u00e9e \u00e0 l\u2019h\u00f4pital de la Piti\u00e9-Salp\u00eatri\u00e8re \u00e0 Paris. L\u2019\u00e9quipe de professionnels form\u00e9s sp\u00e9cifiquement \u00e0 la recherche &hellip; <a href=\"https:\/\/www.institut-myologie.org\/imotion\/lequipe\/\">Continued<\/a><\/p>\n","protected":false},"author":1,"featured_media":0,"parent":0,"menu_order":0,"comment_status":"closed","ping_status":"closed","template":"templates\/template-team.php","meta":{"_acf_changed":false,"footnotes":""},"class_list":["post-25","page","type-page","status-publish","hentry"],"acf":[],"yoast_head":"<!-- This site is optimized with the Yoast SEO plugin v27.1.1 - https:\/\/yoast.com\/product\/yoast-seo-wordpress\/ -->\n<title>L&#039;\u00e9quipe - I-Motion<\/title>\n<meta name=\"description\" content=\"I-Motion compte une \u00e9quipe de professionnels form\u00e9s sp\u00e9cifiquement \u00e0 la recherche clinique et au contact avec les patients et leurs familles.\" \/>\n<meta name=\"robots\" content=\"index, follow, max-snippet:-1, max-image-preview:large, max-video-preview:-1\" \/>\n<link rel=\"canonical\" href=\"https:\/\/www.institut-myologie.org\/imotion\/lequipe\/\" \/>\n<meta property=\"og:locale\" content=\"fr_FR\" \/>\n<meta property=\"og:type\" content=\"article\" \/>\n<meta property=\"og:title\" content=\"L&#039;\u00e9quipe - I-Motion\" \/>\n<meta property=\"og:description\" content=\"I-Motion compte une \u00e9quipe de professionnels form\u00e9s sp\u00e9cifiquement \u00e0 la recherche clinique et au contact avec les patients et leurs familles.\" \/>\n<meta property=\"og:url\" content=\"https:\/\/www.institut-myologie.org\/imotion\/lequipe\/\" \/>\n<meta property=\"og:site_name\" content=\"I-Motion\" \/>\n<meta property=\"article:modified_time\" content=\"2024-10-28T13:06:46+00:00\" \/>\n<meta property=\"og:image\" content=\"https:\/\/www.institut-myologie.org\/imotion\/wp-content\/uploads\/2024\/03\/Saadane-Kirouani-et-Marina-Colella-Institut-de-Myologie-2024.jpg\" \/>\n<meta name=\"twitter:card\" content=\"summary_large_image\" \/>\n<meta name=\"twitter:label1\" content=\"Dur\u00e9e de lecture estim\u00e9e\" \/>\n\t<meta name=\"twitter:data1\" content=\"1 minute\" \/>\n<script type=\"application\/ld+json\" class=\"yoast-schema-graph\">{\"@context\":\"https:\/\/schema.org\",\"@graph\":[{\"@type\":\"WebPage\",\"@id\":\"https:\/\/www.institut-myologie.org\/imotion\/lequipe\/\",\"url\":\"https:\/\/www.institut-myologie.org\/imotion\/lequipe\/\",\"name\":\"L'\u00e9quipe - I-Motion\",\"isPartOf\":{\"@id\":\"https:\/\/www.institut-myologie.org\/imotion\/#website\"},\"primaryImageOfPage\":{\"@id\":\"https:\/\/www.institut-myologie.org\/imotion\/lequipe\/#primaryimage\"},\"image\":{\"@id\":\"https:\/\/www.institut-myologie.org\/imotion\/lequipe\/#primaryimage\"},\"thumbnailUrl\":\"https:\/\/www.institut-myologie.org\/imotion\/wp-content\/uploads\/2024\/03\/Saadane-Kirouani-et-Marina-Colella-Institut-de-Myologie-2024.jpg\",\"datePublished\":\"2016-08-31T01:45:31+00:00\",\"dateModified\":\"2024-10-28T13:06:46+00:00\",\"description\":\"I-Motion compte une \u00e9quipe de professionnels form\u00e9s sp\u00e9cifiquement \u00e0 la recherche clinique et au contact avec les patients et leurs familles.\",\"breadcrumb\":{\"@id\":\"https:\/\/www.institut-myologie.org\/imotion\/lequipe\/#breadcrumb\"},\"inLanguage\":\"fr-FR\",\"potentialAction\":[{\"@type\":\"ReadAction\",\"target\":[\"https:\/\/www.institut-myologie.org\/imotion\/lequipe\/\"]}]},{\"@type\":\"ImageObject\",\"inLanguage\":\"fr-FR\",\"@id\":\"https:\/\/www.institut-myologie.org\/imotion\/lequipe\/#primaryimage\",\"url\":\"https:\/\/www.institut-myologie.org\/imotion\/wp-content\/uploads\/2024\/03\/Saadane-Kirouani-et-Marina-Colella-Institut-de-Myologie-2024.jpg\",\"contentUrl\":\"https:\/\/www.institut-myologie.org\/imotion\/wp-content\/uploads\/2024\/03\/Saadane-Kirouani-et-Marina-Colella-Institut-de-Myologie-2024.jpg\",\"width\":274,\"height\":220,\"caption\":\"Equipe I-motion adulte \u00e0 l'institut de myologie le 13 mars 2024\"},{\"@type\":\"BreadcrumbList\",\"@id\":\"https:\/\/www.institut-myologie.org\/imotion\/lequipe\/#breadcrumb\",\"itemListElement\":[{\"@type\":\"ListItem\",\"position\":1,\"name\":\"Home\",\"item\":\"https:\/\/www.institut-myologie.org\/imotion\/\"},{\"@type\":\"ListItem\",\"position\":2,\"name\":\"L&rsquo;\u00e9quipe\"}]},{\"@type\":\"WebSite\",\"@id\":\"https:\/\/www.institut-myologie.org\/imotion\/#website\",\"url\":\"https:\/\/www.institut-myologie.org\/imotion\/\",\"name\":\"I-Motion\",\"description\":\"Plateforme d&#039;essais cliniques p\u00e9diatriques pour les maladies neuromusculaires\",\"publisher\":{\"@id\":\"https:\/\/www.institut-myologie.org\/imotion\/#organization\"},\"potentialAction\":[{\"@type\":\"SearchAction\",\"target\":{\"@type\":\"EntryPoint\",\"urlTemplate\":\"https:\/\/www.institut-myologie.org\/imotion\/?s={search_term_string}\"},\"query-input\":{\"@type\":\"PropertyValueSpecification\",\"valueRequired\":true,\"valueName\":\"search_term_string\"}}],\"inLanguage\":\"fr-FR\"},{\"@type\":\"Organization\",\"@id\":\"https:\/\/www.institut-myologie.org\/imotion\/#organization\",\"name\":\"Institut I-Motion\",\"url\":\"https:\/\/www.institut-myologie.org\/imotion\/\",\"logo\":{\"@type\":\"ImageObject\",\"inLanguage\":\"fr-FR\",\"@id\":\"https:\/\/www.institut-myologie.org\/imotion\/#\/schema\/logo\/image\/\",\"url\":\"https:\/\/www.institut-myologie.org\/imotion\/wp-content\/uploads\/2016\/08\/logoImotion.png\",\"contentUrl\":\"https:\/\/www.institut-myologie.org\/imotion\/wp-content\/uploads\/2016\/08\/logoImotion.png\",\"width\":150,\"height\":51,\"caption\":\"Institut I-Motion\"},\"image\":{\"@id\":\"https:\/\/www.institut-myologie.org\/imotion\/#\/schema\/logo\/image\/\"}}]}<\/script>\n<!-- \/ Yoast SEO plugin. -->","yoast_head_json":{"title":"L'\u00e9quipe - I-Motion","description":"I-Motion compte une \u00e9quipe de professionnels form\u00e9s sp\u00e9cifiquement \u00e0 la recherche clinique et au contact avec les patients et leurs familles.","robots":{"index":"index","follow":"follow","max-snippet":"max-snippet:-1","max-image-preview":"max-image-preview:large","max-video-preview":"max-video-preview:-1"},"canonical":"https:\/\/www.institut-myologie.org\/imotion\/lequipe\/","og_locale":"fr_FR","og_type":"article","og_title":"L'\u00e9quipe - I-Motion","og_description":"I-Motion compte une \u00e9quipe de professionnels form\u00e9s sp\u00e9cifiquement \u00e0 la recherche clinique et au contact avec les patients et leurs familles.","og_url":"https:\/\/www.institut-myologie.org\/imotion\/lequipe\/","og_site_name":"I-Motion","article_modified_time":"2024-10-28T13:06:46+00:00","og_image":[{"url":"https:\/\/www.institut-myologie.org\/imotion\/wp-content\/uploads\/2024\/03\/Saadane-Kirouani-et-Marina-Colella-Institut-de-Myologie-2024.jpg","type":"","width":"","height":""}],"twitter_card":"summary_large_image","twitter_misc":{"Dur\u00e9e de lecture estim\u00e9e":"1 minute"},"schema":{"@context":"https:\/\/schema.org","@graph":[{"@type":"WebPage","@id":"https:\/\/www.institut-myologie.org\/imotion\/lequipe\/","url":"https:\/\/www.institut-myologie.org\/imotion\/lequipe\/","name":"L'\u00e9quipe - I-Motion","isPartOf":{"@id":"https:\/\/www.institut-myologie.org\/imotion\/#website"},"primaryImageOfPage":{"@id":"https:\/\/www.institut-myologie.org\/imotion\/lequipe\/#primaryimage"},"image":{"@id":"https:\/\/www.institut-myologie.org\/imotion\/lequipe\/#primaryimage"},"thumbnailUrl":"https:\/\/www.institut-myologie.org\/imotion\/wp-content\/uploads\/2024\/03\/Saadane-Kirouani-et-Marina-Colella-Institut-de-Myologie-2024.jpg","datePublished":"2016-08-31T01:45:31+00:00","dateModified":"2024-10-28T13:06:46+00:00","description":"I-Motion compte une \u00e9quipe de professionnels form\u00e9s sp\u00e9cifiquement \u00e0 la recherche clinique et au contact avec les patients et leurs familles.","breadcrumb":{"@id":"https:\/\/www.institut-myologie.org\/imotion\/lequipe\/#breadcrumb"},"inLanguage":"fr-FR","potentialAction":[{"@type":"ReadAction","target":["https:\/\/www.institut-myologie.org\/imotion\/lequipe\/"]}]},{"@type":"ImageObject","inLanguage":"fr-FR","@id":"https:\/\/www.institut-myologie.org\/imotion\/lequipe\/#primaryimage","url":"https:\/\/www.institut-myologie.org\/imotion\/wp-content\/uploads\/2024\/03\/Saadane-Kirouani-et-Marina-Colella-Institut-de-Myologie-2024.jpg","contentUrl":"https:\/\/www.institut-myologie.org\/imotion\/wp-content\/uploads\/2024\/03\/Saadane-Kirouani-et-Marina-Colella-Institut-de-Myologie-2024.jpg","width":274,"height":220,"caption":"Equipe I-motion adulte \u00e0 l'institut de myologie le 13 mars 2024"},{"@type":"BreadcrumbList","@id":"https:\/\/www.institut-myologie.org\/imotion\/lequipe\/#breadcrumb","itemListElement":[{"@type":"ListItem","position":1,"name":"Home","item":"https:\/\/www.institut-myologie.org\/imotion\/"},{"@type":"ListItem","position":2,"name":"L&rsquo;\u00e9quipe"}]},{"@type":"WebSite","@id":"https:\/\/www.institut-myologie.org\/imotion\/#website","url":"https:\/\/www.institut-myologie.org\/imotion\/","name":"I-Motion","description":"Plateforme d&#039;essais cliniques p\u00e9diatriques pour les maladies neuromusculaires","publisher":{"@id":"https:\/\/www.institut-myologie.org\/imotion\/#organization"},"potentialAction":[{"@type":"SearchAction","target":{"@type":"EntryPoint","urlTemplate":"https:\/\/www.institut-myologie.org\/imotion\/?s={search_term_string}"},"query-input":{"@type":"PropertyValueSpecification","valueRequired":true,"valueName":"search_term_string"}}],"inLanguage":"fr-FR"},{"@type":"Organization","@id":"https:\/\/www.institut-myologie.org\/imotion\/#organization","name":"Institut I-Motion","url":"https:\/\/www.institut-myologie.org\/imotion\/","logo":{"@type":"ImageObject","inLanguage":"fr-FR","@id":"https:\/\/www.institut-myologie.org\/imotion\/#\/schema\/logo\/image\/","url":"https:\/\/www.institut-myologie.org\/imotion\/wp-content\/uploads\/2016\/08\/logoImotion.png","contentUrl":"https:\/\/www.institut-myologie.org\/imotion\/wp-content\/uploads\/2016\/08\/logoImotion.png","width":150,"height":51,"caption":"Institut I-Motion"},"image":{"@id":"https:\/\/www.institut-myologie.org\/imotion\/#\/schema\/logo\/image\/"}}]}},"_links":{"self":[{"href":"https:\/\/www.institut-myologie.org\/imotion\/wp-json\/wp\/v2\/pages\/25","targetHints":{"allow":["GET"]}}],"collection":[{"href":"https:\/\/www.institut-myologie.org\/imotion\/wp-json\/wp\/v2\/pages"}],"about":[{"href":"https:\/\/www.institut-myologie.org\/imotion\/wp-json\/wp\/v2\/types\/page"}],"author":[{"embeddable":true,"href":"https:\/\/www.institut-myologie.org\/imotion\/wp-json\/wp\/v2\/users\/1"}],"replies":[{"embeddable":true,"href":"https:\/\/www.institut-myologie.org\/imotion\/wp-json\/wp\/v2\/comments?post=25"}],"version-history":[{"count":36,"href":"https:\/\/www.institut-myologie.org\/imotion\/wp-json\/wp\/v2\/pages\/25\/revisions"}],"predecessor-version":[{"id":2952,"href":"https:\/\/www.institut-myologie.org\/imotion\/wp-json\/wp\/v2\/pages\/25\/revisions\/2952"}],"wp:attachment":[{"href":"https:\/\/www.institut-myologie.org\/imotion\/wp-json\/wp\/v2\/media?parent=25"}],"curies":[{"name":"wp","href":"https:\/\/api.w.org\/{rel}","templated":true}]}}