{"id":2495,"date":"2021-08-25T15:48:36","date_gmt":"2021-08-25T13:48:36","guid":{"rendered":"https:\/\/www.institut-myologie.org\/imotion\/?page_id=2495"},"modified":"2021-08-25T16:09:15","modified_gmt":"2021-08-25T14:09:15","slug":"timed-tests","status":"publish","type":"page","link":"https:\/\/www.institut-myologie.org\/imotion\/timed-tests\/","title":{"rendered":"Tests chronom\u00e9tr\u00e9s"},"content":{"rendered":"<p>Il est demand\u00e9 aux enfants de marcher, de se relever du sol ou d&rsquo;une chaise et parfois d&rsquo;effectuer une s\u00e9quence de mouvements.<\/p>\n<div class=\"entry__gallery packery row large-12\"><div class=\"col-4 entry__gallery__column\"><div class=\"entry__image column\"><div class=\"background-container\" style=\"background-image:url(https:\/\/www.institut-myologie.org\/imotion\/wp-content\/uploads\/2021\/08\/Tests-releves-I-Motion-2020.jpg)\"><\/div><\/div><\/div><div class=\"col-4 entry__gallery__column\"><div class=\"entry__image column\"><div class=\"background-container\" style=\"background-image:url(https:\/\/www.institut-myologie.org\/imotion\/wp-content\/uploads\/2021\/08\/Test-releves1-I-Motion-2020.jpg)\"><\/div><\/div><\/div><div class=\"col-4 entry__gallery__column\"><div class=\"entry__image column\"><div class=\"background-container\" style=\"background-image:url(https:\/\/www.institut-myologie.org\/imotion\/wp-content\/uploads\/2021\/08\/Test-marche3-I-Motion-2020.jpg)\"><\/div><\/div><\/div><\/div>\n<h2>Test de 10 m\u00e8tres de marche ou course<\/h2>\n<p>Le Test de 10m de marche consiste \u00e0 calculer le temps mis par l\u2019enfant pour parcourir une distance de 10m. L\u2019enfant doit pouvoir marcher ind\u00e9pendamment d&rsquo;une tierce personne mais peut utiliser une aide technique et un appareillage.<\/p>\n<h2>Mont\u00e9e des 4 marches<\/h2>\n<p>La mont\u00e9e chronom\u00e9tr\u00e9e sur 4 marches est utilis\u00e9e pour mesurer la fonction motrice chez les gar\u00e7ons atteints de dystrophie musculaire de Duchenne.<\/p>\n<h2>Le relev\u00e9 chronom\u00e9tr\u00e9 du sol<\/h2>\n<p>Le relev\u00e9 chronom\u00e9tr\u00e9 du sol permet d\u2019\u00e9valuer l\u2019importance du d\u00e9ficit au niveau de la ceinture pelvienne (les muscles fessiers principalement) chez les enfants avec atteinte motrice.<\/p>\n<h2>Le \u00ab\u00a0timed Up and Go\u00a0\u00bb<\/h2>\n<p>Le \u00ab\u00a0timed Up and Go\u00a0\u00bb (TUG) permet d\u2019appr\u00e9cier l\u2019\u00e9quilibre, la force musculaire des membres inf\u00e9rieurs et la vitesse de marche. Il comprend plusieurs \u00e9tapes s\u00e9quentielles : l\u2019enfant d\u00e9bute en position assise sur une chaise, puis doit se lever, marcher une distance de trois m\u00e8tres, faire demi-tour pour retourner vers la chaise et s\u2019y rasseoir.<\/p>\n<h2>Le \u00ab\u00a030 seconds sit to stand test\u00a0\u00bb<\/h2>\n<p>Le \u00ab\u00a030 seconds sit to stand test\u00a0\u00bb consiste \u00e0 mesurer le nombre de relev\u00e9 d\u2019une position assise qu&rsquo;une personne peut effectuer en 30 secondes. Le choix est d\u2019\u00e9valuer le nombre de relev\u00e9 possible, plut\u00f4t que le temps n\u00e9cessaire pour effectuer un nombre pr\u00e9d\u00e9termin\u00e9 de r\u00e9p\u00e9titions. De cette fa\u00e7on, il est possible d&rsquo;\u00e9valuer une grande vari\u00e9t\u00e9 de niveaux de capacit\u00e9.<\/p>\n","protected":false},"excerpt":{"rendered":"<p>Il est demand\u00e9 aux enfants de marcher, de se relever du sol ou d&rsquo;une chaise et parfois d&rsquo;effectuer une s\u00e9quence de mouvements. Test de 10 m\u00e8tres de marche ou course Le Test de 10m de marche consiste \u00e0 calculer le temps mis par l\u2019enfant pour parcourir une distance de 10m. L\u2019enfant doit pouvoir marcher ind\u00e9pendamment &hellip; <a href=\"https:\/\/www.institut-myologie.org\/imotion\/timed-tests\/\">Continued<\/a><\/p>\n","protected":false},"author":1,"featured_media":0,"parent":0,"menu_order":0,"comment_status":"closed","ping_status":"closed","template":"","meta":{"_acf_changed":false,"footnotes":""},"class_list":["post-2495","page","type-page","status-publish","hentry"],"acf":[],"yoast_head":"<!-- This site is optimized with the Yoast SEO plugin v27.1.1 - https:\/\/yoast.com\/product\/yoast-seo-wordpress\/ -->\n<title>Tests chronom\u00e9tr\u00e9s - I-Motion<\/title>\n<meta name=\"robots\" content=\"index, follow, max-snippet:-1, max-image-preview:large, max-video-preview:-1\" \/>\n<link rel=\"canonical\" href=\"https:\/\/www.institut-myologie.org\/imotion\/timed-tests\/\" \/>\n<meta property=\"og:locale\" content=\"fr_FR\" \/>\n<meta property=\"og:type\" content=\"article\" \/>\n<meta property=\"og:title\" content=\"Tests chronom\u00e9tr\u00e9s - I-Motion\" \/>\n<meta property=\"og:description\" content=\"Il est demand\u00e9 aux enfants de marcher, de se relever du sol ou d&rsquo;une chaise et parfois d&rsquo;effectuer une s\u00e9quence de mouvements. Test de 10 m\u00e8tres de marche ou course Le Test de 10m de marche consiste \u00e0 calculer le temps mis par l\u2019enfant pour parcourir une distance de 10m. L\u2019enfant doit pouvoir marcher ind\u00e9pendamment &hellip; Continued\" \/>\n<meta property=\"og:url\" content=\"https:\/\/www.institut-myologie.org\/imotion\/timed-tests\/\" \/>\n<meta property=\"og:site_name\" content=\"I-Motion\" \/>\n<meta property=\"article:modified_time\" content=\"2021-08-25T14:09:15+00:00\" \/>\n<meta name=\"twitter:card\" content=\"summary_large_image\" \/>\n<meta name=\"twitter:label1\" content=\"Dur\u00e9e de lecture estim\u00e9e\" \/>\n\t<meta name=\"twitter:data1\" content=\"2 minutes\" \/>\n<script type=\"application\/ld+json\" class=\"yoast-schema-graph\">{\"@context\":\"https:\/\/schema.org\",\"@graph\":[{\"@type\":\"WebPage\",\"@id\":\"https:\/\/www.institut-myologie.org\/imotion\/timed-tests\/\",\"url\":\"https:\/\/www.institut-myologie.org\/imotion\/timed-tests\/\",\"name\":\"Tests chronom\u00e9tr\u00e9s - I-Motion\",\"isPartOf\":{\"@id\":\"https:\/\/www.institut-myologie.org\/imotion\/#website\"},\"datePublished\":\"2021-08-25T13:48:36+00:00\",\"dateModified\":\"2021-08-25T14:09:15+00:00\",\"breadcrumb\":{\"@id\":\"https:\/\/www.institut-myologie.org\/imotion\/timed-tests\/#breadcrumb\"},\"inLanguage\":\"fr-FR\",\"potentialAction\":[{\"@type\":\"ReadAction\",\"target\":[\"https:\/\/www.institut-myologie.org\/imotion\/timed-tests\/\"]}]},{\"@type\":\"BreadcrumbList\",\"@id\":\"https:\/\/www.institut-myologie.org\/imotion\/timed-tests\/#breadcrumb\",\"itemListElement\":[{\"@type\":\"ListItem\",\"position\":1,\"name\":\"Home\",\"item\":\"https:\/\/www.institut-myologie.org\/imotion\/\"},{\"@type\":\"ListItem\",\"position\":2,\"name\":\"Tests chronom\u00e9tr\u00e9s\"}]},{\"@type\":\"WebSite\",\"@id\":\"https:\/\/www.institut-myologie.org\/imotion\/#website\",\"url\":\"https:\/\/www.institut-myologie.org\/imotion\/\",\"name\":\"I-Motion\",\"description\":\"Plateforme d&#039;essais cliniques p\u00e9diatriques pour les maladies neuromusculaires\",\"publisher\":{\"@id\":\"https:\/\/www.institut-myologie.org\/imotion\/#organization\"},\"potentialAction\":[{\"@type\":\"SearchAction\",\"target\":{\"@type\":\"EntryPoint\",\"urlTemplate\":\"https:\/\/www.institut-myologie.org\/imotion\/?s={search_term_string}\"},\"query-input\":{\"@type\":\"PropertyValueSpecification\",\"valueRequired\":true,\"valueName\":\"search_term_string\"}}],\"inLanguage\":\"fr-FR\"},{\"@type\":\"Organization\",\"@id\":\"https:\/\/www.institut-myologie.org\/imotion\/#organization\",\"name\":\"Institut I-Motion\",\"url\":\"https:\/\/www.institut-myologie.org\/imotion\/\",\"logo\":{\"@type\":\"ImageObject\",\"inLanguage\":\"fr-FR\",\"@id\":\"https:\/\/www.institut-myologie.org\/imotion\/#\/schema\/logo\/image\/\",\"url\":\"https:\/\/www.institut-myologie.org\/imotion\/wp-content\/uploads\/2016\/08\/logoImotion.png\",\"contentUrl\":\"https:\/\/www.institut-myologie.org\/imotion\/wp-content\/uploads\/2016\/08\/logoImotion.png\",\"width\":150,\"height\":51,\"caption\":\"Institut I-Motion\"},\"image\":{\"@id\":\"https:\/\/www.institut-myologie.org\/imotion\/#\/schema\/logo\/image\/\"}}]}<\/script>\n<!-- \/ Yoast SEO plugin. -->","yoast_head_json":{"title":"Tests chronom\u00e9tr\u00e9s - I-Motion","robots":{"index":"index","follow":"follow","max-snippet":"max-snippet:-1","max-image-preview":"max-image-preview:large","max-video-preview":"max-video-preview:-1"},"canonical":"https:\/\/www.institut-myologie.org\/imotion\/timed-tests\/","og_locale":"fr_FR","og_type":"article","og_title":"Tests chronom\u00e9tr\u00e9s - I-Motion","og_description":"Il est demand\u00e9 aux enfants de marcher, de se relever du sol ou d&rsquo;une chaise et parfois d&rsquo;effectuer une s\u00e9quence de mouvements. Test de 10 m\u00e8tres de marche ou course Le Test de 10m de marche consiste \u00e0 calculer le temps mis par l\u2019enfant pour parcourir une distance de 10m. L\u2019enfant doit pouvoir marcher ind\u00e9pendamment &hellip; Continued","og_url":"https:\/\/www.institut-myologie.org\/imotion\/timed-tests\/","og_site_name":"I-Motion","article_modified_time":"2021-08-25T14:09:15+00:00","twitter_card":"summary_large_image","twitter_misc":{"Dur\u00e9e de lecture estim\u00e9e":"2 minutes"},"schema":{"@context":"https:\/\/schema.org","@graph":[{"@type":"WebPage","@id":"https:\/\/www.institut-myologie.org\/imotion\/timed-tests\/","url":"https:\/\/www.institut-myologie.org\/imotion\/timed-tests\/","name":"Tests chronom\u00e9tr\u00e9s - I-Motion","isPartOf":{"@id":"https:\/\/www.institut-myologie.org\/imotion\/#website"},"datePublished":"2021-08-25T13:48:36+00:00","dateModified":"2021-08-25T14:09:15+00:00","breadcrumb":{"@id":"https:\/\/www.institut-myologie.org\/imotion\/timed-tests\/#breadcrumb"},"inLanguage":"fr-FR","potentialAction":[{"@type":"ReadAction","target":["https:\/\/www.institut-myologie.org\/imotion\/timed-tests\/"]}]},{"@type":"BreadcrumbList","@id":"https:\/\/www.institut-myologie.org\/imotion\/timed-tests\/#breadcrumb","itemListElement":[{"@type":"ListItem","position":1,"name":"Home","item":"https:\/\/www.institut-myologie.org\/imotion\/"},{"@type":"ListItem","position":2,"name":"Tests chronom\u00e9tr\u00e9s"}]},{"@type":"WebSite","@id":"https:\/\/www.institut-myologie.org\/imotion\/#website","url":"https:\/\/www.institut-myologie.org\/imotion\/","name":"I-Motion","description":"Plateforme d&#039;essais cliniques p\u00e9diatriques pour les maladies neuromusculaires","publisher":{"@id":"https:\/\/www.institut-myologie.org\/imotion\/#organization"},"potentialAction":[{"@type":"SearchAction","target":{"@type":"EntryPoint","urlTemplate":"https:\/\/www.institut-myologie.org\/imotion\/?s={search_term_string}"},"query-input":{"@type":"PropertyValueSpecification","valueRequired":true,"valueName":"search_term_string"}}],"inLanguage":"fr-FR"},{"@type":"Organization","@id":"https:\/\/www.institut-myologie.org\/imotion\/#organization","name":"Institut I-Motion","url":"https:\/\/www.institut-myologie.org\/imotion\/","logo":{"@type":"ImageObject","inLanguage":"fr-FR","@id":"https:\/\/www.institut-myologie.org\/imotion\/#\/schema\/logo\/image\/","url":"https:\/\/www.institut-myologie.org\/imotion\/wp-content\/uploads\/2016\/08\/logoImotion.png","contentUrl":"https:\/\/www.institut-myologie.org\/imotion\/wp-content\/uploads\/2016\/08\/logoImotion.png","width":150,"height":51,"caption":"Institut I-Motion"},"image":{"@id":"https:\/\/www.institut-myologie.org\/imotion\/#\/schema\/logo\/image\/"}}]}},"_links":{"self":[{"href":"https:\/\/www.institut-myologie.org\/imotion\/wp-json\/wp\/v2\/pages\/2495","targetHints":{"allow":["GET"]}}],"collection":[{"href":"https:\/\/www.institut-myologie.org\/imotion\/wp-json\/wp\/v2\/pages"}],"about":[{"href":"https:\/\/www.institut-myologie.org\/imotion\/wp-json\/wp\/v2\/types\/page"}],"author":[{"embeddable":true,"href":"https:\/\/www.institut-myologie.org\/imotion\/wp-json\/wp\/v2\/users\/1"}],"replies":[{"embeddable":true,"href":"https:\/\/www.institut-myologie.org\/imotion\/wp-json\/wp\/v2\/comments?post=2495"}],"version-history":[{"count":2,"href":"https:\/\/www.institut-myologie.org\/imotion\/wp-json\/wp\/v2\/pages\/2495\/revisions"}],"predecessor-version":[{"id":2517,"href":"https:\/\/www.institut-myologie.org\/imotion\/wp-json\/wp\/v2\/pages\/2495\/revisions\/2517"}],"wp:attachment":[{"href":"https:\/\/www.institut-myologie.org\/imotion\/wp-json\/wp\/v2\/media?parent=2495"}],"curies":[{"name":"wp","href":"https:\/\/api.w.org\/{rel}","templated":true}]}}