{"id":2331,"date":"2021-06-17T17:27:01","date_gmt":"2021-06-17T15:27:01","guid":{"rendered":"https:\/\/www.institut-myologie.org\/imotion\/?page_id=2331"},"modified":"2021-06-17T17:27:01","modified_gmt":"2021-06-17T15:27:01","slug":"cookie-policy","status":"publish","type":"page","link":"https:\/\/www.institut-myologie.org\/imotion\/cookie-policy\/?lang=en","title":{"rendered":"Cookie policy"},"content":{"rendered":"\n<p>The Association Institut de Myologie (AIM) informs you about the use of cookies when you visit the website of the I-Motion Institute. We wish to remind you of your rights.&nbsp;<\/p>\n\n\n\n<p>The topics covered in this page are:<\/p>\n\n\n\n<ol class=\"wp-block-list\"><li>&nbsp;The use of cookies and other tracers<\/li><li>&nbsp;What is a cookie?<\/li><li>&nbsp;Why AIM use cookies?<\/li><li>&nbsp;What types of cookies are used by AIM?<\/li><li>&nbsp;How do we collect your consent?<\/li><li>&nbsp;How can you object to the use of these cookies?<\/li><\/ol>\n\n\n\n<h2 class=\"wp-block-heading\">1. Use of cookies and other trackers<\/h2>\n\n\n\n<p>When consulting the site <a href=\"http:\/\/www.institut-myologie.org\/imotion\">www.institut-myologie.org\/imotion<\/a>, cookies, tracers and \/ or connection cookies are placed on your computer, tablet or smartphone. They are subject to the choices and options you have expressed or may express at any time in accordance with this \u201cCookie Policy\u201d. This page allows you to better understand how cookies work and how to use the tools available to configure them.<\/p>\n\n\n\n<p>This page can be modified. It is recommended to consult it regularly.<\/p>\n\n\n\n<h2 class=\"wp-block-heading\">2. What is a cookie?<\/h2>\n\n\n\n<p>A cookie is information stored on the terminal of an Internet user when (s)he browses a website. It contains several data: the name of the server which deposited it, an identifier in the form of a unique number, status information and possibly an expiration date. Cookies are used to retain status information during their period of validity, when a browser accesses the various pages of a website, or when this browser subsequently returns to this website. Only the issuer of a cookie can read or modify the information it contains.<\/p>\n\n\n\n<p>There are different types of cookies:<\/p>\n\n\n\n<ul class=\"wp-block-list\"><li>&nbsp;session cookies: which disappear as soon as you close your browser or exit the website;<\/li><li>&nbsp;permanent cookies: that remain on your device until their lifespan expires or until you delete them using your browser features.<\/li><\/ul>\n\n\n\n<p>For more information on cookies, you can visit <a href=\"https:\/\/www.cnil.fr\/en\/home\">the CNIL website<\/a>.<\/p>\n\n\n\n<h2 class=\"wp-block-heading\"><strong>3. Why does AIM use cookies?<\/strong><\/h2>\n\n\n\n<p>AIM is always looking for new ways to improve the website of the I-Motion Institute to provide you with better service. Thus, the Association can, in particular by using cookies, make the content and information on its website more relevant and adapt them to your personal needs. In addition, some cookies facilitate and speed up the interaction between you and our website and help you navigate between different parts of it.<\/p>\n\n\n\n<p>In practice, we use cookies and other tracers for the following purposes:<\/p>\n\n\n\n<ul class=\"wp-block-list\"><li>&nbsp;Manage user sessions;<\/li><li>&nbsp;Remember information that you have given us or requested via forms that you fill out on our site;<\/li><li>&nbsp;Evaluate the relevance of the published content and the ergonomics of the site;<\/li><li>&nbsp;Carry out statistics and analyzes of frequentation and use, navigation, and audience measurements of the site, in order to improve your experience.<\/li><\/ul>\n\n\n\n<h2 class=\"wp-block-heading\"><strong>4. What types of cookies does AIM use?<\/strong><\/h2>\n\n\n\n<ul class=\"wp-block-list\"><li>\u00a0<strong>Functional and technical cookies<\/strong><\/li><\/ul>\n\n\n\n<p>These cookies are necessary for the website to function properly. They make the operation of the website more user-friendly and give you a more personalized online experience. It is for example the cookie which retains your parameters or user preferences.<\/p>\n\n\n\n<p>The technical cookie used to perform load balancing between our different computer servers or this cookie that identifies you as being logged into the website. These cookies are not used to collect information about you and are not intended to identify Internet users. These cookies are exclusively placed by AIM.<\/p>\n\n\n\n<p>Without these cookies you cannot use the site normally.<\/p>\n\n\n\n<ul class=\"wp-block-list\"><li>\u00a0<strong>Audience measurement cookies<\/strong><\/li><\/ul>\n\n\n\n<p>AIM uses analytical cookies to collect information relating to the connection and behavior of visitors for statistical purposes (navigation, use of the site, etc.), in order to improve the content and functionality of the site, adapt more to your wishes and increase the ease of use. These cookies are also used to count visitors to a page, the number of page views, as well as visitor activity on the site and their frequency of return.<\/p>\n\n\n\n<p>AIM uses third parties to analyze website usage. These cookies are managed by Google Inc., and generated by the Google Analytics tool. They make it possible to analyze the navigation on the site and to carry out statistics and audience measurements. These cookies are placed and read on the user\u2019s terminal equipment as soon as the latter accesses a website using the \u201cGoogle Analytics\u201d service.<\/p>\n\n\n\n<p>They contain certain information such as:<\/p>\n\n\n\n<p>&nbsp;\u2013 The domain name of the site consulted;<br>&nbsp;\u2013 A user identifier;<br>&nbsp;\u2013 Browsing history on the website using the \u201cGoogle Analytics\u201d service;<br>&nbsp;\u2013 Your IP address devoid of its last octet to determine the connection city.<\/p>\n\n\n\n<p>These data are transmitted and stored by Google on servers located in the United States.<\/p>\n\n\n\n<p>If you do not want these cookies to be installed on your computer, you can refer to your browser settings and follow the instructions provided there to oppose this installation or refuse them after clicking on \u201cManage my cookies\u201d on the cookies banner.<\/p>\n\n\n\n<ul class=\"wp-block-list\"><li><strong>Performance cookies<\/strong><\/li><\/ul>\n\n\n\n<p>Performance cookies are used to understand and analyze the key performance indexes of the website which helps in delivering a better user experience for the visitors.<\/p>\n\n\n\n<ul class=\"wp-block-list\"><li><strong>Advertisement cookies<\/strong><\/li><\/ul>\n\n\n\n<p>Advertisement cookies are used to provide visitors with relevant ads and marketing campaigns. These cookies track visitors across websites and collect information to provide customized ads.<\/p>\n\n\n\n<p>Below you will find a summary of our cookies for more information:<\/p>\n\n\n\n<table class=\"wt-cli-element cookielawinfo-winter cookielawinfo-row-cat-table\"><thead><tr><th scope=\"col\" class=\"cookielawinfo-column-1\">Cookie<\/th><th scope=\"col\" class=\"cookielawinfo-column-2\">Type<\/th><th scope=\"col\" class=\"cookielawinfo-column-3\">Dur\u00e9e<\/th><th scope=\"col\" class=\"cookielawinfo-column-4\">Description<\/th><\/thead><tbody><tr class=\"cookielawinfo-row-cat-title\"><th colspan=\"4\" class=\"cookielawinfo-row-cat-title-head\">N\u00e9cessaire<\/th><\/tr><tr class=\"cookielawinfo-row\"><td class=\"cookielawinfo-column-1\">viewed_cookie_policy<\/td><td class=\"cookielawinfo-column-2\">persistant<\/td><td class=\"cookielawinfo-column-3\">1 an<\/td><td class=\"cookielawinfo-column-4\">Le cookie est d\u00e9fini par le plugin GDPR Cookie Consent et est utilis\u00e9 pour stocker si l'utilisateur a consenti ou non \u00e0 l'utilisation de cookies. Il ne stocke aucune donn\u00e9e personnelle.<\/td><\/tr><tr class=\"cookielawinfo-row\"><td class=\"cookielawinfo-column-1\">cookielawinfo-checkbox-necessaire<\/td><td class=\"cookielawinfo-column-2\">persistant<\/td><td class=\"cookielawinfo-column-3\">1 an<\/td><td class=\"cookielawinfo-column-4\">Le cookie est d\u00e9fini par le consentement des cookies GDPR pour enregistrer le consentement de l'utilisateur pour les cookies dans la cat\u00e9gorie \u00ab N\u00e9cessaire \u00bb.<\/td><\/tr><tr class=\"cookielawinfo-row\"><td class=\"cookielawinfo-column-1\">cookielawinfo-checkbox-fonctionnel<\/td><td class=\"cookielawinfo-column-2\">persistant<\/td><td class=\"cookielawinfo-column-3\">1 an<\/td><td class=\"cookielawinfo-column-4\">Le cookie est d\u00e9fini par le consentement des cookies GDPR pour enregistrer le consentement de l'utilisateur pour les cookies dans la cat\u00e9gorie \u00ab Fonctionnel \u00bb.<\/td><\/tr><tr class=\"cookielawinfo-row\"><td class=\"cookielawinfo-column-1\">cookielawinfo-checkbox-performance-fr<\/td><td class=\"cookielawinfo-column-2\">persistant<\/td><td class=\"cookielawinfo-column-3\">1 an<\/td><td class=\"cookielawinfo-column-4\">Le cookie est d\u00e9fini par le consentement des cookies GDPR pour enregistrer le consentement de l'utilisateur pour les cookies dans la cat\u00e9gorie \u00ab Performance \u00bb.<\/td><\/tr><tr class=\"cookielawinfo-row\"><td class=\"cookielawinfo-column-1\">cookielawinfo-checkbox-analytique<\/td><td class=\"cookielawinfo-column-2\"><\/td><td class=\"cookielawinfo-column-3\">1 an<\/td><td class=\"cookielawinfo-column-4\">Le cookie est d\u00e9fini par le consentement des cookies GDPR pour enregistrer le consentement de l'utilisateur pour les cookies dans la cat\u00e9gorie \u00ab Analytique \u00bb.<\/td><\/tr><tr class=\"cookielawinfo-row\"><td class=\"cookielawinfo-column-1\">cookielawinfo-checkbox-publicite<\/td><td class=\"cookielawinfo-column-2\">persistant<\/td><td class=\"cookielawinfo-column-3\">1 an<\/td><td class=\"cookielawinfo-column-4\">Le cookie est d\u00e9fini par le consentement des cookies GDPR pour enregistrer le consentement de l'utilisateur pour les cookies dans la cat\u00e9gorie \u00ab Publicit\u00e9 \u00bb.<\/td><\/tr><tr class=\"cookielawinfo-row\"><td class=\"cookielawinfo-column-1\">cookielawinfo-checkbox-autres<\/td><td class=\"cookielawinfo-column-2\">persistant<\/td><td class=\"cookielawinfo-column-3\">1 an<\/td><td class=\"cookielawinfo-column-4\">Le cookie est d\u00e9fini par le consentement des cookies GDPR pour enregistrer le consentement de l'utilisateur pour les cookies dans la cat\u00e9gorie \u00ab Autres \u00bb.<\/td><\/tr><tr class=\"cookielawinfo-row-cat-title\"><th colspan=\"4\" class=\"cookielawinfo-row-cat-title-head\">Performance<\/th><\/tr><tr class=\"cookielawinfo-row\"><td class=\"cookielawinfo-column-1\">CONSENT<\/td><td class=\"cookielawinfo-column-2\">persistant<\/td><td class=\"cookielawinfo-column-3\">16 ans et 7 mois<\/td><td class=\"cookielawinfo-column-4\">Le mode consentement de Google est con\u00e7u pour vous offrir une plus grande flexibilit\u00e9 d\u2019utilisation des produits Google avec votre plateforme de gestion des consentements aux cookies.<\/td><\/tr><tr class=\"cookielawinfo-row\"><td class=\"cookielawinfo-column-1\">YSC<\/td><td class=\"cookielawinfo-column-2\">session<\/td><td class=\"cookielawinfo-column-3\">session<\/td><td class=\"cookielawinfo-column-4\">Ces cookies sont d\u00e9finis par Youtube et sont utilis\u00e9s pour suivre les vues des vid\u00e9os int\u00e9gr\u00e9es.<\/td><\/tr><tr class=\"cookielawinfo-row-cat-title\"><th colspan=\"4\" class=\"cookielawinfo-row-cat-title-head\">Analytique<\/th><\/tr><tr class=\"cookielawinfo-row\"><td class=\"cookielawinfo-column-1\">_gid<\/td><td class=\"cookielawinfo-column-2\">persistant<\/td><td class=\"cookielawinfo-column-3\">1 jour<\/td><td class=\"cookielawinfo-column-4\">Ce cookie est install\u00e9 par Google Analytics. Le cookie est utilis\u00e9 pour stocker des informations sur la fa\u00e7on dont les visiteurs utilisent un site Web et aide \u00e0 cr\u00e9er un rapport d'analyse sur la fa\u00e7on dont le site Web fonctionne. Les donn\u00e9es collect\u00e9es, y compris le nombre de visiteurs, la source d'o\u00f9 ils viennent et les pages visit\u00e9es sous une forme anonyme.<\/td><\/tr><tr class=\"cookielawinfo-row\"><td class=\"cookielawinfo-column-1\">_ga<\/td><td class=\"cookielawinfo-column-2\">persistant<\/td><td class=\"cookielawinfo-column-3\">2 ans<\/td><td class=\"cookielawinfo-column-4\">Ce cookie est install\u00e9 par Google Analytics. Le cookie est utilis\u00e9 pour calculer les donn\u00e9es de visiteur, de session, de campagne et pour suivre l'utilisation du site pour le rapport d'analyse du site. Les cookies stockent des informations de mani\u00e8re anonyme et attribuent un num\u00e9ro g\u00e9n\u00e9r\u00e9 de mani\u00e8re al\u00e9atoire pour identifier les visiteurs uniques.<\/td><\/tr><tr class=\"cookielawinfo-row\"><td class=\"cookielawinfo-column-1\">_gat_UA-55188642-4<\/td><td class=\"cookielawinfo-column-2\">session<\/td><td class=\"cookielawinfo-column-3\">1 minute<\/td><td class=\"cookielawinfo-column-4\">Il s'agit d'un cookie d\u00e9fini par Google Analytics, o\u00f9 l'\u00e9l\u00e9ment de mod\u00e8le sur le nom contient le num\u00e9ro d'identit\u00e9 unique du compte ou du site Web auquel il se rapporte. Il semble qu'il s'agisse d'une variante du cookie _gat qui est utilis\u00e9 pour limiter la quantit\u00e9 de donn\u00e9es enregistr\u00e9es par Google sur les sites Web \u00e0 fort trafic.<\/td><\/tr><tr class=\"cookielawinfo-row-cat-title\"><th colspan=\"4\" class=\"cookielawinfo-row-cat-title-head\">Publicit\u00e9<\/th><\/tr><tr class=\"cookielawinfo-row\"><td class=\"cookielawinfo-column-1\">IDE<\/td><td class=\"cookielawinfo-column-2\">persistant<\/td><td class=\"cookielawinfo-column-3\">1 an et 24 jours<\/td><td class=\"cookielawinfo-column-4\">Utilis\u00e9 par Google DoubleClick et stocke des informations sur la fa\u00e7on dont l'utilisateur utilise le site Web et toute autre publicit\u00e9 avant de visiter le site Web. Ceci est utilis\u00e9 pour pr\u00e9senter aux utilisateurs des publicit\u00e9s qui les concernent en fonction du profil de l'utilisateur.<\/td><\/tr><tr class=\"cookielawinfo-row\"><td class=\"cookielawinfo-column-1\">test_cookie<\/td><td class=\"cookielawinfo-column-2\">session<\/td><td class=\"cookielawinfo-column-3\">15 minutes<\/td><td class=\"cookielawinfo-column-4\">Ce cookie est d\u00e9fini par doubleclick.net. Le cookie a pour but de d\u00e9terminer si le navigateur de l'utilisateur prend en charge les cookies.<\/td><\/tr><tr class=\"cookielawinfo-row\"><td class=\"cookielawinfo-column-1\">VISITOR_INFO1_LIVE<\/td><td class=\"cookielawinfo-column-2\">persistant<\/td><td class=\"cookielawinfo-column-3\">5 mois et 27 jours<\/td><td class=\"cookielawinfo-column-4\">Ce cookie est d\u00e9fini par Youtube. Utilis\u00e9 pour suivre les informations des vid\u00e9os YouTube int\u00e9gr\u00e9es sur un site Web.<\/td><\/tr><\/tbody><\/table>\n\n\n\n<p>In accordance with the regulations in force, this data can only be kept for a maximum of 13 months.<\/p>\n\n\n\n<p>Your consent or refusal is kept for a period of 6 months.<\/p>\n\n\n\n<h2 class=\"wp-block-heading\">5. How do we collect your consent?<\/h2>\n\n\n\n<p>The installation of certain cookies is subject to your consent.<\/p>\n\n\n\n<p>That is why, during your first visit to the <a href=\"http:\/\/www.institut-myologie.org\/\">www.institut-myologie.org<\/a>&nbsp; website we inform you of the use of cookies. You are asked if you accept cookies which require your consent before installing them on your equipment. Continuing to browse the website after reading this information or closing the \u201ccookie banner\u201d does not constitute consent to the implementation of said cookies.<\/p>\n\n\n\n<a href=\"javascript:void(0)\" class=\"wt-cli-manage-consent-link\">G\u00e9rer mes cookies<\/a>\n\n\n\n<p><\/p>\n\n\n\n<h2 class=\"wp-block-heading\">6. How can you object to the use of these cookies?<\/h2>\n\n\n\n<p>If you do not want the website to place cookies (with the exception of functional cookies) on your computer, you can refuse and \/ or delete cookies using your browser settings.<\/p>\n\n\n\n<p>However, if you have refused all or some cookies, the website may no longer function properly.<\/p>\n","protected":false},"excerpt":{"rendered":"<p>The Association Institut de Myologie (AIM) informs you about the use of cookies when you visit the website of the I-Motion Institute. We wish to remind you of your rights.&nbsp; The topics covered in this page are: &nbsp;The use of cookies and other tracers &nbsp;What is a cookie? &nbsp;Why AIM use cookies? &nbsp;What types of &hellip; <a href=\"https:\/\/www.institut-myologie.org\/imotion\/cookie-policy\/?lang=en\">Continued<\/a><\/p>\n","protected":false},"author":3,"featured_media":0,"parent":0,"menu_order":0,"comment_status":"closed","ping_status":"closed","template":"","meta":{"_acf_changed":false,"footnotes":""},"class_list":["post-2331","page","type-page","status-publish","hentry"],"acf":[],"yoast_head":"<!-- This site is optimized with the Yoast SEO plugin v27.1.1 - https:\/\/yoast.com\/product\/yoast-seo-wordpress\/ -->\n<title>Cookie policy - I-Motion<\/title>\n<meta name=\"robots\" content=\"index, follow, max-snippet:-1, max-image-preview:large, max-video-preview:-1\" \/>\n<link rel=\"canonical\" href=\"https:\/\/www.institut-myologie.org\/imotion\/cookie-policy\/?lang=en\" \/>\n<meta property=\"og:locale\" content=\"fr_FR\" \/>\n<meta property=\"og:type\" content=\"article\" \/>\n<meta property=\"og:title\" content=\"Cookie policy - I-Motion\" \/>\n<meta property=\"og:description\" content=\"The Association Institut de Myologie (AIM) informs you about the use of cookies when you visit the website of the I-Motion Institute. We wish to remind you of your rights.&nbsp; The topics covered in this page are: &nbsp;The use of cookies and other tracers &nbsp;What is a cookie? &nbsp;Why AIM use cookies? &nbsp;What types of &hellip; Continued\" \/>\n<meta property=\"og:url\" content=\"https:\/\/www.institut-myologie.org\/imotion\/cookie-policy\/?lang=en\" \/>\n<meta property=\"og:site_name\" content=\"I-Motion\" \/>\n<meta name=\"twitter:card\" content=\"summary_large_image\" \/>\n<meta name=\"twitter:label1\" content=\"Dur\u00e9e de lecture estim\u00e9e\" \/>\n\t<meta name=\"twitter:data1\" content=\"5 minutes\" \/>\n<script type=\"application\/ld+json\" class=\"yoast-schema-graph\">{\"@context\":\"https:\/\/schema.org\",\"@graph\":[{\"@type\":\"WebPage\",\"@id\":\"https:\/\/www.institut-myologie.org\/imotion\/cookie-policy\/?lang=en\",\"url\":\"https:\/\/www.institut-myologie.org\/imotion\/cookie-policy\/?lang=en\",\"name\":\"Cookie policy - I-Motion\",\"isPartOf\":{\"@id\":\"https:\/\/www.institut-myologie.org\/imotion\/#website\"},\"datePublished\":\"2021-06-17T15:27:01+00:00\",\"breadcrumb\":{\"@id\":\"https:\/\/www.institut-myologie.org\/imotion\/cookie-policy\/?lang=en#breadcrumb\"},\"inLanguage\":\"fr-FR\",\"potentialAction\":[{\"@type\":\"ReadAction\",\"target\":[\"https:\/\/www.institut-myologie.org\/imotion\/cookie-policy\/?lang=en\"]}]},{\"@type\":\"BreadcrumbList\",\"@id\":\"https:\/\/www.institut-myologie.org\/imotion\/cookie-policy\/?lang=en#breadcrumb\",\"itemListElement\":[{\"@type\":\"ListItem\",\"position\":1,\"name\":\"Home\",\"item\":\"https:\/\/www.institut-myologie.org\/imotion\/\"},{\"@type\":\"ListItem\",\"position\":2,\"name\":\"Cookie policy\"}]},{\"@type\":\"WebSite\",\"@id\":\"https:\/\/www.institut-myologie.org\/imotion\/#website\",\"url\":\"https:\/\/www.institut-myologie.org\/imotion\/\",\"name\":\"I-Motion\",\"description\":\"Plateforme d&#039;essais cliniques p\u00e9diatriques pour les maladies neuromusculaires\",\"publisher\":{\"@id\":\"https:\/\/www.institut-myologie.org\/imotion\/#organization\"},\"potentialAction\":[{\"@type\":\"SearchAction\",\"target\":{\"@type\":\"EntryPoint\",\"urlTemplate\":\"https:\/\/www.institut-myologie.org\/imotion\/?s={search_term_string}\"},\"query-input\":{\"@type\":\"PropertyValueSpecification\",\"valueRequired\":true,\"valueName\":\"search_term_string\"}}],\"inLanguage\":\"fr-FR\"},{\"@type\":\"Organization\",\"@id\":\"https:\/\/www.institut-myologie.org\/imotion\/#organization\",\"name\":\"Institut I-Motion\",\"url\":\"https:\/\/www.institut-myologie.org\/imotion\/\",\"logo\":{\"@type\":\"ImageObject\",\"inLanguage\":\"fr-FR\",\"@id\":\"https:\/\/www.institut-myologie.org\/imotion\/#\/schema\/logo\/image\/\",\"url\":\"https:\/\/www.institut-myologie.org\/imotion\/wp-content\/uploads\/2016\/08\/logoImotion.png\",\"contentUrl\":\"https:\/\/www.institut-myologie.org\/imotion\/wp-content\/uploads\/2016\/08\/logoImotion.png\",\"width\":150,\"height\":51,\"caption\":\"Institut I-Motion\"},\"image\":{\"@id\":\"https:\/\/www.institut-myologie.org\/imotion\/#\/schema\/logo\/image\/\"}}]}<\/script>\n<!-- \/ Yoast SEO plugin. -->","yoast_head_json":{"title":"Cookie policy - I-Motion","robots":{"index":"index","follow":"follow","max-snippet":"max-snippet:-1","max-image-preview":"max-image-preview:large","max-video-preview":"max-video-preview:-1"},"canonical":"https:\/\/www.institut-myologie.org\/imotion\/cookie-policy\/?lang=en","og_locale":"fr_FR","og_type":"article","og_title":"Cookie policy - I-Motion","og_description":"The Association Institut de Myologie (AIM) informs you about the use of cookies when you visit the website of the I-Motion Institute. We wish to remind you of your rights.&nbsp; The topics covered in this page are: &nbsp;The use of cookies and other tracers &nbsp;What is a cookie? &nbsp;Why AIM use cookies? &nbsp;What types of &hellip; Continued","og_url":"https:\/\/www.institut-myologie.org\/imotion\/cookie-policy\/?lang=en","og_site_name":"I-Motion","twitter_card":"summary_large_image","twitter_misc":{"Dur\u00e9e de lecture estim\u00e9e":"5 minutes"},"schema":{"@context":"https:\/\/schema.org","@graph":[{"@type":"WebPage","@id":"https:\/\/www.institut-myologie.org\/imotion\/cookie-policy\/?lang=en","url":"https:\/\/www.institut-myologie.org\/imotion\/cookie-policy\/?lang=en","name":"Cookie policy - I-Motion","isPartOf":{"@id":"https:\/\/www.institut-myologie.org\/imotion\/#website"},"datePublished":"2021-06-17T15:27:01+00:00","breadcrumb":{"@id":"https:\/\/www.institut-myologie.org\/imotion\/cookie-policy\/?lang=en#breadcrumb"},"inLanguage":"fr-FR","potentialAction":[{"@type":"ReadAction","target":["https:\/\/www.institut-myologie.org\/imotion\/cookie-policy\/?lang=en"]}]},{"@type":"BreadcrumbList","@id":"https:\/\/www.institut-myologie.org\/imotion\/cookie-policy\/?lang=en#breadcrumb","itemListElement":[{"@type":"ListItem","position":1,"name":"Home","item":"https:\/\/www.institut-myologie.org\/imotion\/"},{"@type":"ListItem","position":2,"name":"Cookie policy"}]},{"@type":"WebSite","@id":"https:\/\/www.institut-myologie.org\/imotion\/#website","url":"https:\/\/www.institut-myologie.org\/imotion\/","name":"I-Motion","description":"Plateforme d&#039;essais cliniques p\u00e9diatriques pour les maladies neuromusculaires","publisher":{"@id":"https:\/\/www.institut-myologie.org\/imotion\/#organization"},"potentialAction":[{"@type":"SearchAction","target":{"@type":"EntryPoint","urlTemplate":"https:\/\/www.institut-myologie.org\/imotion\/?s={search_term_string}"},"query-input":{"@type":"PropertyValueSpecification","valueRequired":true,"valueName":"search_term_string"}}],"inLanguage":"fr-FR"},{"@type":"Organization","@id":"https:\/\/www.institut-myologie.org\/imotion\/#organization","name":"Institut I-Motion","url":"https:\/\/www.institut-myologie.org\/imotion\/","logo":{"@type":"ImageObject","inLanguage":"fr-FR","@id":"https:\/\/www.institut-myologie.org\/imotion\/#\/schema\/logo\/image\/","url":"https:\/\/www.institut-myologie.org\/imotion\/wp-content\/uploads\/2016\/08\/logoImotion.png","contentUrl":"https:\/\/www.institut-myologie.org\/imotion\/wp-content\/uploads\/2016\/08\/logoImotion.png","width":150,"height":51,"caption":"Institut I-Motion"},"image":{"@id":"https:\/\/www.institut-myologie.org\/imotion\/#\/schema\/logo\/image\/"}}]}},"_links":{"self":[{"href":"https:\/\/www.institut-myologie.org\/imotion\/wp-json\/wp\/v2\/pages\/2331","targetHints":{"allow":["GET"]}}],"collection":[{"href":"https:\/\/www.institut-myologie.org\/imotion\/wp-json\/wp\/v2\/pages"}],"about":[{"href":"https:\/\/www.institut-myologie.org\/imotion\/wp-json\/wp\/v2\/types\/page"}],"author":[{"embeddable":true,"href":"https:\/\/www.institut-myologie.org\/imotion\/wp-json\/wp\/v2\/users\/3"}],"replies":[{"embeddable":true,"href":"https:\/\/www.institut-myologie.org\/imotion\/wp-json\/wp\/v2\/comments?post=2331"}],"version-history":[{"count":3,"href":"https:\/\/www.institut-myologie.org\/imotion\/wp-json\/wp\/v2\/pages\/2331\/revisions"}],"predecessor-version":[{"id":2335,"href":"https:\/\/www.institut-myologie.org\/imotion\/wp-json\/wp\/v2\/pages\/2331\/revisions\/2335"}],"wp:attachment":[{"href":"https:\/\/www.institut-myologie.org\/imotion\/wp-json\/wp\/v2\/media?parent=2331"}],"curies":[{"name":"wp","href":"https:\/\/api.w.org\/{rel}","templated":true}]}}