{"id":1853,"date":"2021-04-02T16:47:24","date_gmt":"2021-04-02T14:47:24","guid":{"rendered":"https:\/\/www.institut-myologie.org\/imotion\/?page_id=1853"},"modified":"2021-08-25T15:40:57","modified_gmt":"2021-08-25T13:40:57","slug":"echelle-de-peabody","status":"publish","type":"page","link":"https:\/\/www.institut-myologie.org\/imotion\/echelle-de-peabody\/","title":{"rendered":"Echelle de Peabody"},"content":{"rendered":"<p>L\u2019\u00e9chelle de Peabody est compos\u00e9e de 6 s\u00e9ries d\u2019items visant \u00e0 \u00e9valuer les r\u00e9actions r\u00e9flexes, la station assise et l\u2019\u00e9quilibre, la locomotion, la manipulation d\u2019objets, la pr\u00e9hension et l\u2019int\u00e9gration visuo motrice.<\/p>\n<div class=\"entry__gallery packery row large-12\"><div class=\"col-4 entry__gallery__column\"><div class=\"entry__image column\"><div class=\"background-container\" style=\"background-image:url(https:\/\/www.institut-myologie.org\/imotion\/wp-content\/uploads\/2021\/08\/MFM3-I-Motion-2020.jpg)\"><\/div><\/div><\/div><div class=\"col-4 entry__gallery__column\"><div class=\"entry__image column\"><div class=\"background-container\" style=\"background-image:url(https:\/\/www.institut-myologie.org\/imotion\/wp-content\/uploads\/2021\/08\/NSAA2-I-Motion-2020.jpg)\"><\/div><\/div><\/div><div class=\"col-4 entry__gallery__column\"><div class=\"entry__image column\"><div class=\"background-container\" style=\"background-image:url(https:\/\/www.institut-myologie.org\/imotion\/wp-content\/uploads\/2021\/04\/AFMTLT_201104_IMOTION_Consult_Enf_DMD_CH_081-1024x674.jpg)\"><\/div><\/div><\/div><\/div>\n<p>Ceci permet de mesurer les capacit\u00e9s motrices interd\u00e9pendantes chez les enfants de la naissance \u00e0 5 ans.<\/p>\n","protected":false},"excerpt":{"rendered":"<p>L\u2019\u00e9chelle de Peabody est compos\u00e9e de 6 s\u00e9ries d\u2019items visant \u00e0 \u00e9valuer les r\u00e9actions r\u00e9flexes, la station assise et l\u2019\u00e9quilibre, la locomotion, la manipulation d\u2019objets, la pr\u00e9hension et l\u2019int\u00e9gration visuo motrice. Ceci permet de mesurer les capacit\u00e9s motrices interd\u00e9pendantes chez les enfants de la naissance \u00e0 5 ans.<\/p>\n","protected":false},"author":3,"featured_media":0,"parent":0,"menu_order":0,"comment_status":"closed","ping_status":"closed","template":"","meta":{"_acf_changed":false,"footnotes":""},"class_list":["post-1853","page","type-page","status-publish","hentry"],"acf":[],"yoast_head":"<!-- This site is optimized with the Yoast SEO plugin v27.1.1 - https:\/\/yoast.com\/product\/yoast-seo-wordpress\/ -->\n<title>Echelle de Peabody - I-Motion<\/title>\n<meta name=\"robots\" content=\"index, follow, max-snippet:-1, max-image-preview:large, max-video-preview:-1\" \/>\n<link rel=\"canonical\" href=\"https:\/\/www.institut-myologie.org\/imotion\/echelle-de-peabody\/\" \/>\n<meta property=\"og:locale\" content=\"fr_FR\" \/>\n<meta property=\"og:type\" content=\"article\" \/>\n<meta property=\"og:title\" content=\"Echelle de Peabody - I-Motion\" \/>\n<meta property=\"og:description\" content=\"L\u2019\u00e9chelle de Peabody est compos\u00e9e de 6 s\u00e9ries d\u2019items visant \u00e0 \u00e9valuer les r\u00e9actions r\u00e9flexes, la station assise et l\u2019\u00e9quilibre, la locomotion, la manipulation d\u2019objets, la pr\u00e9hension et l\u2019int\u00e9gration visuo motrice. Ceci permet de mesurer les capacit\u00e9s motrices interd\u00e9pendantes chez les enfants de la naissance \u00e0 5 ans.\" \/>\n<meta property=\"og:url\" content=\"https:\/\/www.institut-myologie.org\/imotion\/echelle-de-peabody\/\" \/>\n<meta property=\"og:site_name\" content=\"I-Motion\" \/>\n<meta property=\"article:modified_time\" content=\"2021-08-25T13:40:57+00:00\" \/>\n<meta name=\"twitter:card\" content=\"summary_large_image\" \/>\n<meta name=\"twitter:label1\" content=\"Dur\u00e9e de lecture estim\u00e9e\" \/>\n\t<meta name=\"twitter:data1\" content=\"1 minute\" \/>\n<script type=\"application\/ld+json\" class=\"yoast-schema-graph\">{\"@context\":\"https:\/\/schema.org\",\"@graph\":[{\"@type\":\"WebPage\",\"@id\":\"https:\/\/www.institut-myologie.org\/imotion\/echelle-de-peabody\/\",\"url\":\"https:\/\/www.institut-myologie.org\/imotion\/echelle-de-peabody\/\",\"name\":\"Echelle de Peabody - I-Motion\",\"isPartOf\":{\"@id\":\"https:\/\/www.institut-myologie.org\/imotion\/#website\"},\"datePublished\":\"2021-04-02T14:47:24+00:00\",\"dateModified\":\"2021-08-25T13:40:57+00:00\",\"breadcrumb\":{\"@id\":\"https:\/\/www.institut-myologie.org\/imotion\/echelle-de-peabody\/#breadcrumb\"},\"inLanguage\":\"fr-FR\",\"potentialAction\":[{\"@type\":\"ReadAction\",\"target\":[\"https:\/\/www.institut-myologie.org\/imotion\/echelle-de-peabody\/\"]}]},{\"@type\":\"BreadcrumbList\",\"@id\":\"https:\/\/www.institut-myologie.org\/imotion\/echelle-de-peabody\/#breadcrumb\",\"itemListElement\":[{\"@type\":\"ListItem\",\"position\":1,\"name\":\"Home\",\"item\":\"https:\/\/www.institut-myologie.org\/imotion\/\"},{\"@type\":\"ListItem\",\"position\":2,\"name\":\"Echelle de Peabody\"}]},{\"@type\":\"WebSite\",\"@id\":\"https:\/\/www.institut-myologie.org\/imotion\/#website\",\"url\":\"https:\/\/www.institut-myologie.org\/imotion\/\",\"name\":\"I-Motion\",\"description\":\"Plateforme d&#039;essais cliniques p\u00e9diatriques pour les maladies neuromusculaires\",\"publisher\":{\"@id\":\"https:\/\/www.institut-myologie.org\/imotion\/#organization\"},\"potentialAction\":[{\"@type\":\"SearchAction\",\"target\":{\"@type\":\"EntryPoint\",\"urlTemplate\":\"https:\/\/www.institut-myologie.org\/imotion\/?s={search_term_string}\"},\"query-input\":{\"@type\":\"PropertyValueSpecification\",\"valueRequired\":true,\"valueName\":\"search_term_string\"}}],\"inLanguage\":\"fr-FR\"},{\"@type\":\"Organization\",\"@id\":\"https:\/\/www.institut-myologie.org\/imotion\/#organization\",\"name\":\"Institut I-Motion\",\"url\":\"https:\/\/www.institut-myologie.org\/imotion\/\",\"logo\":{\"@type\":\"ImageObject\",\"inLanguage\":\"fr-FR\",\"@id\":\"https:\/\/www.institut-myologie.org\/imotion\/#\/schema\/logo\/image\/\",\"url\":\"https:\/\/www.institut-myologie.org\/imotion\/wp-content\/uploads\/2016\/08\/logoImotion.png\",\"contentUrl\":\"https:\/\/www.institut-myologie.org\/imotion\/wp-content\/uploads\/2016\/08\/logoImotion.png\",\"width\":150,\"height\":51,\"caption\":\"Institut I-Motion\"},\"image\":{\"@id\":\"https:\/\/www.institut-myologie.org\/imotion\/#\/schema\/logo\/image\/\"}}]}<\/script>\n<!-- \/ Yoast SEO plugin. -->","yoast_head_json":{"title":"Echelle de Peabody - I-Motion","robots":{"index":"index","follow":"follow","max-snippet":"max-snippet:-1","max-image-preview":"max-image-preview:large","max-video-preview":"max-video-preview:-1"},"canonical":"https:\/\/www.institut-myologie.org\/imotion\/echelle-de-peabody\/","og_locale":"fr_FR","og_type":"article","og_title":"Echelle de Peabody - I-Motion","og_description":"L\u2019\u00e9chelle de Peabody est compos\u00e9e de 6 s\u00e9ries d\u2019items visant \u00e0 \u00e9valuer les r\u00e9actions r\u00e9flexes, la station assise et l\u2019\u00e9quilibre, la locomotion, la manipulation d\u2019objets, la pr\u00e9hension et l\u2019int\u00e9gration visuo motrice. Ceci permet de mesurer les capacit\u00e9s motrices interd\u00e9pendantes chez les enfants de la naissance \u00e0 5 ans.","og_url":"https:\/\/www.institut-myologie.org\/imotion\/echelle-de-peabody\/","og_site_name":"I-Motion","article_modified_time":"2021-08-25T13:40:57+00:00","twitter_card":"summary_large_image","twitter_misc":{"Dur\u00e9e de lecture estim\u00e9e":"1 minute"},"schema":{"@context":"https:\/\/schema.org","@graph":[{"@type":"WebPage","@id":"https:\/\/www.institut-myologie.org\/imotion\/echelle-de-peabody\/","url":"https:\/\/www.institut-myologie.org\/imotion\/echelle-de-peabody\/","name":"Echelle de Peabody - I-Motion","isPartOf":{"@id":"https:\/\/www.institut-myologie.org\/imotion\/#website"},"datePublished":"2021-04-02T14:47:24+00:00","dateModified":"2021-08-25T13:40:57+00:00","breadcrumb":{"@id":"https:\/\/www.institut-myologie.org\/imotion\/echelle-de-peabody\/#breadcrumb"},"inLanguage":"fr-FR","potentialAction":[{"@type":"ReadAction","target":["https:\/\/www.institut-myologie.org\/imotion\/echelle-de-peabody\/"]}]},{"@type":"BreadcrumbList","@id":"https:\/\/www.institut-myologie.org\/imotion\/echelle-de-peabody\/#breadcrumb","itemListElement":[{"@type":"ListItem","position":1,"name":"Home","item":"https:\/\/www.institut-myologie.org\/imotion\/"},{"@type":"ListItem","position":2,"name":"Echelle de Peabody"}]},{"@type":"WebSite","@id":"https:\/\/www.institut-myologie.org\/imotion\/#website","url":"https:\/\/www.institut-myologie.org\/imotion\/","name":"I-Motion","description":"Plateforme d&#039;essais cliniques p\u00e9diatriques pour les maladies neuromusculaires","publisher":{"@id":"https:\/\/www.institut-myologie.org\/imotion\/#organization"},"potentialAction":[{"@type":"SearchAction","target":{"@type":"EntryPoint","urlTemplate":"https:\/\/www.institut-myologie.org\/imotion\/?s={search_term_string}"},"query-input":{"@type":"PropertyValueSpecification","valueRequired":true,"valueName":"search_term_string"}}],"inLanguage":"fr-FR"},{"@type":"Organization","@id":"https:\/\/www.institut-myologie.org\/imotion\/#organization","name":"Institut I-Motion","url":"https:\/\/www.institut-myologie.org\/imotion\/","logo":{"@type":"ImageObject","inLanguage":"fr-FR","@id":"https:\/\/www.institut-myologie.org\/imotion\/#\/schema\/logo\/image\/","url":"https:\/\/www.institut-myologie.org\/imotion\/wp-content\/uploads\/2016\/08\/logoImotion.png","contentUrl":"https:\/\/www.institut-myologie.org\/imotion\/wp-content\/uploads\/2016\/08\/logoImotion.png","width":150,"height":51,"caption":"Institut I-Motion"},"image":{"@id":"https:\/\/www.institut-myologie.org\/imotion\/#\/schema\/logo\/image\/"}}]}},"_links":{"self":[{"href":"https:\/\/www.institut-myologie.org\/imotion\/wp-json\/wp\/v2\/pages\/1853","targetHints":{"allow":["GET"]}}],"collection":[{"href":"https:\/\/www.institut-myologie.org\/imotion\/wp-json\/wp\/v2\/pages"}],"about":[{"href":"https:\/\/www.institut-myologie.org\/imotion\/wp-json\/wp\/v2\/types\/page"}],"author":[{"embeddable":true,"href":"https:\/\/www.institut-myologie.org\/imotion\/wp-json\/wp\/v2\/users\/3"}],"replies":[{"embeddable":true,"href":"https:\/\/www.institut-myologie.org\/imotion\/wp-json\/wp\/v2\/comments?post=1853"}],"version-history":[{"count":2,"href":"https:\/\/www.institut-myologie.org\/imotion\/wp-json\/wp\/v2\/pages\/1853\/revisions"}],"predecessor-version":[{"id":2486,"href":"https:\/\/www.institut-myologie.org\/imotion\/wp-json\/wp\/v2\/pages\/1853\/revisions\/2486"}],"wp:attachment":[{"href":"https:\/\/www.institut-myologie.org\/imotion\/wp-json\/wp\/v2\/media?parent=1853"}],"curies":[{"name":"wp","href":"https:\/\/api.w.org\/{rel}","templated":true}]}}