{"id":1840,"date":"2021-04-02T16:31:41","date_gmt":"2021-04-02T14:31:41","guid":{"rendered":"https:\/\/www.institut-myologie.org\/imotion\/?page_id=1840"},"modified":"2021-04-02T16:31:41","modified_gmt":"2021-04-02T14:31:41","slug":"gmfm","status":"publish","type":"page","link":"https:\/\/www.institut-myologie.org\/imotion\/gmfm\/","title":{"rendered":"GMFM"},"content":{"rendered":"<p>La mesure de la fonction motrice globale (GMFM) est un outil d&rsquo;\u00e9valuation con\u00e7u pour mesurer les changements de la fonction motrice globale au fil du temps, ou suite \u00e0 une intervention, chez les enfants pr\u00e9sentant une atteinte neuromotrice d\u2019origine centrale.<\/p>\n<div class=\"entry__gallery packery row large-12\"><div class=\"col-4 entry__gallery__column\"><div class=\"entry__image column\"><div class=\"background-container\" style=\"background-image:url(https:\/\/www.institut-myologie.org\/imotion\/wp-content\/uploads\/2021\/04\/AFMTLT_201104_IMOTION_Consult_Enf_DMD_CH_023-1024x674.jpg)\"><\/div><\/div><\/div><div class=\"col-4 entry__gallery__column\"><div class=\"entry__image column\"><div class=\"background-container\" style=\"background-image:url(https:\/\/www.institut-myologie.org\/imotion\/wp-content\/uploads\/2021\/04\/AFMTLT_201104_IMOTION_Consult_Enf_DMD_CH_055-1024x674.jpg)\"><\/div><\/div><\/div><div class=\"col-4 entry__gallery__column\"><div class=\"entry__image column\"><div class=\"background-container\" style=\"background-image:url(https:\/\/www.institut-myologie.org\/imotion\/wp-content\/uploads\/2021\/04\/AFMTLT_201104_IMOTION_Consult_Enf_DMD_CH_056-1024x674.jpg)\"><\/div><\/div><\/div><\/div>\n<p>Les items (88 ou 66 items, chacun not\u00e9 de 0 \u00e0 3 ou \u00ab\u00a0non test\u00e9\u00a0\u00bb) couvrent le spectre des activit\u00e9s motrices globales tel que tenir assis, ramper, s\u2019agenouiller, marcher, courir, sauter. Le score total est exprim\u00e9 en pourcentage du score maximum possible.<\/p>\n","protected":false},"excerpt":{"rendered":"<p>La mesure de la fonction motrice globale (GMFM) est un outil d&rsquo;\u00e9valuation con\u00e7u pour mesurer les changements de la fonction motrice globale au fil du temps, ou suite \u00e0 une intervention, chez les enfants pr\u00e9sentant une atteinte neuromotrice d\u2019origine centrale. Les items (88 ou 66 items, chacun not\u00e9 de 0 \u00e0 3 ou \u00ab\u00a0non test\u00e9\u00a0\u00bb) &hellip; <a href=\"https:\/\/www.institut-myologie.org\/imotion\/gmfm\/\">Continued<\/a><\/p>\n","protected":false},"author":3,"featured_media":0,"parent":0,"menu_order":0,"comment_status":"closed","ping_status":"closed","template":"","meta":{"_acf_changed":false,"footnotes":""},"class_list":["post-1840","page","type-page","status-publish","hentry"],"acf":[],"yoast_head":"<!-- This site is optimized with the Yoast SEO plugin v27.1.1 - https:\/\/yoast.com\/product\/yoast-seo-wordpress\/ -->\n<title>GMFM - I-Motion<\/title>\n<meta name=\"robots\" content=\"index, follow, max-snippet:-1, max-image-preview:large, max-video-preview:-1\" \/>\n<link rel=\"canonical\" href=\"https:\/\/www.institut-myologie.org\/imotion\/gmfm\/\" \/>\n<meta property=\"og:locale\" content=\"fr_FR\" \/>\n<meta property=\"og:type\" content=\"article\" \/>\n<meta property=\"og:title\" content=\"GMFM - I-Motion\" \/>\n<meta property=\"og:description\" content=\"La mesure de la fonction motrice globale (GMFM) est un outil d&rsquo;\u00e9valuation con\u00e7u pour mesurer les changements de la fonction motrice globale au fil du temps, ou suite \u00e0 une intervention, chez les enfants pr\u00e9sentant une atteinte neuromotrice d\u2019origine centrale. Les items (88 ou 66 items, chacun not\u00e9 de 0 \u00e0 3 ou \u00ab\u00a0non test\u00e9\u00a0\u00bb) &hellip; Continued\" \/>\n<meta property=\"og:url\" content=\"https:\/\/www.institut-myologie.org\/imotion\/gmfm\/\" \/>\n<meta property=\"og:site_name\" content=\"I-Motion\" \/>\n<meta name=\"twitter:card\" content=\"summary_large_image\" \/>\n<script type=\"application\/ld+json\" class=\"yoast-schema-graph\">{\"@context\":\"https:\/\/schema.org\",\"@graph\":[{\"@type\":\"WebPage\",\"@id\":\"https:\/\/www.institut-myologie.org\/imotion\/gmfm\/\",\"url\":\"https:\/\/www.institut-myologie.org\/imotion\/gmfm\/\",\"name\":\"GMFM - I-Motion\",\"isPartOf\":{\"@id\":\"https:\/\/www.institut-myologie.org\/imotion\/#website\"},\"datePublished\":\"2021-04-02T14:31:41+00:00\",\"breadcrumb\":{\"@id\":\"https:\/\/www.institut-myologie.org\/imotion\/gmfm\/#breadcrumb\"},\"inLanguage\":\"fr-FR\",\"potentialAction\":[{\"@type\":\"ReadAction\",\"target\":[\"https:\/\/www.institut-myologie.org\/imotion\/gmfm\/\"]}]},{\"@type\":\"BreadcrumbList\",\"@id\":\"https:\/\/www.institut-myologie.org\/imotion\/gmfm\/#breadcrumb\",\"itemListElement\":[{\"@type\":\"ListItem\",\"position\":1,\"name\":\"Home\",\"item\":\"https:\/\/www.institut-myologie.org\/imotion\/\"},{\"@type\":\"ListItem\",\"position\":2,\"name\":\"GMFM\"}]},{\"@type\":\"WebSite\",\"@id\":\"https:\/\/www.institut-myologie.org\/imotion\/#website\",\"url\":\"https:\/\/www.institut-myologie.org\/imotion\/\",\"name\":\"I-Motion\",\"description\":\"Plateforme d&#039;essais cliniques p\u00e9diatriques pour les maladies neuromusculaires\",\"publisher\":{\"@id\":\"https:\/\/www.institut-myologie.org\/imotion\/#organization\"},\"potentialAction\":[{\"@type\":\"SearchAction\",\"target\":{\"@type\":\"EntryPoint\",\"urlTemplate\":\"https:\/\/www.institut-myologie.org\/imotion\/?s={search_term_string}\"},\"query-input\":{\"@type\":\"PropertyValueSpecification\",\"valueRequired\":true,\"valueName\":\"search_term_string\"}}],\"inLanguage\":\"fr-FR\"},{\"@type\":\"Organization\",\"@id\":\"https:\/\/www.institut-myologie.org\/imotion\/#organization\",\"name\":\"Institut I-Motion\",\"url\":\"https:\/\/www.institut-myologie.org\/imotion\/\",\"logo\":{\"@type\":\"ImageObject\",\"inLanguage\":\"fr-FR\",\"@id\":\"https:\/\/www.institut-myologie.org\/imotion\/#\/schema\/logo\/image\/\",\"url\":\"https:\/\/www.institut-myologie.org\/imotion\/wp-content\/uploads\/2016\/08\/logoImotion.png\",\"contentUrl\":\"https:\/\/www.institut-myologie.org\/imotion\/wp-content\/uploads\/2016\/08\/logoImotion.png\",\"width\":150,\"height\":51,\"caption\":\"Institut I-Motion\"},\"image\":{\"@id\":\"https:\/\/www.institut-myologie.org\/imotion\/#\/schema\/logo\/image\/\"}}]}<\/script>\n<!-- \/ Yoast SEO plugin. -->","yoast_head_json":{"title":"GMFM - I-Motion","robots":{"index":"index","follow":"follow","max-snippet":"max-snippet:-1","max-image-preview":"max-image-preview:large","max-video-preview":"max-video-preview:-1"},"canonical":"https:\/\/www.institut-myologie.org\/imotion\/gmfm\/","og_locale":"fr_FR","og_type":"article","og_title":"GMFM - I-Motion","og_description":"La mesure de la fonction motrice globale (GMFM) est un outil d&rsquo;\u00e9valuation con\u00e7u pour mesurer les changements de la fonction motrice globale au fil du temps, ou suite \u00e0 une intervention, chez les enfants pr\u00e9sentant une atteinte neuromotrice d\u2019origine centrale. Les items (88 ou 66 items, chacun not\u00e9 de 0 \u00e0 3 ou \u00ab\u00a0non test\u00e9\u00a0\u00bb) &hellip; Continued","og_url":"https:\/\/www.institut-myologie.org\/imotion\/gmfm\/","og_site_name":"I-Motion","twitter_card":"summary_large_image","schema":{"@context":"https:\/\/schema.org","@graph":[{"@type":"WebPage","@id":"https:\/\/www.institut-myologie.org\/imotion\/gmfm\/","url":"https:\/\/www.institut-myologie.org\/imotion\/gmfm\/","name":"GMFM - I-Motion","isPartOf":{"@id":"https:\/\/www.institut-myologie.org\/imotion\/#website"},"datePublished":"2021-04-02T14:31:41+00:00","breadcrumb":{"@id":"https:\/\/www.institut-myologie.org\/imotion\/gmfm\/#breadcrumb"},"inLanguage":"fr-FR","potentialAction":[{"@type":"ReadAction","target":["https:\/\/www.institut-myologie.org\/imotion\/gmfm\/"]}]},{"@type":"BreadcrumbList","@id":"https:\/\/www.institut-myologie.org\/imotion\/gmfm\/#breadcrumb","itemListElement":[{"@type":"ListItem","position":1,"name":"Home","item":"https:\/\/www.institut-myologie.org\/imotion\/"},{"@type":"ListItem","position":2,"name":"GMFM"}]},{"@type":"WebSite","@id":"https:\/\/www.institut-myologie.org\/imotion\/#website","url":"https:\/\/www.institut-myologie.org\/imotion\/","name":"I-Motion","description":"Plateforme d&#039;essais cliniques p\u00e9diatriques pour les maladies neuromusculaires","publisher":{"@id":"https:\/\/www.institut-myologie.org\/imotion\/#organization"},"potentialAction":[{"@type":"SearchAction","target":{"@type":"EntryPoint","urlTemplate":"https:\/\/www.institut-myologie.org\/imotion\/?s={search_term_string}"},"query-input":{"@type":"PropertyValueSpecification","valueRequired":true,"valueName":"search_term_string"}}],"inLanguage":"fr-FR"},{"@type":"Organization","@id":"https:\/\/www.institut-myologie.org\/imotion\/#organization","name":"Institut I-Motion","url":"https:\/\/www.institut-myologie.org\/imotion\/","logo":{"@type":"ImageObject","inLanguage":"fr-FR","@id":"https:\/\/www.institut-myologie.org\/imotion\/#\/schema\/logo\/image\/","url":"https:\/\/www.institut-myologie.org\/imotion\/wp-content\/uploads\/2016\/08\/logoImotion.png","contentUrl":"https:\/\/www.institut-myologie.org\/imotion\/wp-content\/uploads\/2016\/08\/logoImotion.png","width":150,"height":51,"caption":"Institut I-Motion"},"image":{"@id":"https:\/\/www.institut-myologie.org\/imotion\/#\/schema\/logo\/image\/"}}]}},"_links":{"self":[{"href":"https:\/\/www.institut-myologie.org\/imotion\/wp-json\/wp\/v2\/pages\/1840","targetHints":{"allow":["GET"]}}],"collection":[{"href":"https:\/\/www.institut-myologie.org\/imotion\/wp-json\/wp\/v2\/pages"}],"about":[{"href":"https:\/\/www.institut-myologie.org\/imotion\/wp-json\/wp\/v2\/types\/page"}],"author":[{"embeddable":true,"href":"https:\/\/www.institut-myologie.org\/imotion\/wp-json\/wp\/v2\/users\/3"}],"replies":[{"embeddable":true,"href":"https:\/\/www.institut-myologie.org\/imotion\/wp-json\/wp\/v2\/comments?post=1840"}],"version-history":[{"count":1,"href":"https:\/\/www.institut-myologie.org\/imotion\/wp-json\/wp\/v2\/pages\/1840\/revisions"}],"predecessor-version":[{"id":1847,"href":"https:\/\/www.institut-myologie.org\/imotion\/wp-json\/wp\/v2\/pages\/1840\/revisions\/1847"}],"wp:attachment":[{"href":"https:\/\/www.institut-myologie.org\/imotion\/wp-json\/wp\/v2\/media?parent=1840"}],"curies":[{"name":"wp","href":"https:\/\/api.w.org\/{rel}","templated":true}]}}