{"id":183,"date":"2016-11-08T08:24:14","date_gmt":"2016-11-08T08:24:14","guid":{"rendered":"https:\/\/www.institut-myologie.org\/imotion\/?page_id=183"},"modified":"2023-03-20T14:18:09","modified_gmt":"2023-03-20T12:18:09","slug":"au-service-du-patient","status":"publish","type":"page","link":"https:\/\/www.institut-myologie.org\/imotion\/au-service-du-patient\/","title":{"rendered":"Au service du patient"},"content":{"rendered":"<p>L\u2019organisation d\u2019I-Motion est centr\u00e9e sur le patient, sa prise en charge et son suivi. L\u2019objectif est d\u2019arriver \u00e0 accueillir chaque patient ainsi que sa famille dans d\u2019excellentes conditions, permettant d\u2019assurer leur bien-\u00eatre et leur s\u00e9curit\u00e9. C\u2019est un lieu dans l\u2019h\u00f4pital mais o\u00f9 les patients doivent se sentir hors de l\u2019h\u00f4pital.<\/p>\n<div class=\"entry__gallery packery row large-12\"><div class=\"col-4 entry__gallery__column\"><div class=\"entry__image column\"><div class=\"background-container\" style=\"background-image:url(https:\/\/www.institut-myologie.org\/imotion\/wp-content\/uploads\/2021\/12\/AFMTLT_201027_IMOTION_Consult_Enf_DMD_CH_044-modif.png)\"><\/div><\/div><\/div><div class=\"col-4 entry__gallery__column\"><div class=\"entry__image column\"><div class=\"background-container\" style=\"background-image:url(https:\/\/www.institut-myologie.org\/imotion\/wp-content\/uploads\/2021\/12\/AFMTLT_201104_IMOTION_Consult_Enf_DMD_CH_001-modif.png)\"><\/div><\/div><\/div><div class=\"col-4 entry__gallery__column\"><div class=\"entry__image column\"><div class=\"background-container\" style=\"background-image:url(https:\/\/www.institut-myologie.org\/imotion\/wp-content\/uploads\/2021\/12\/AFMTLT_200701_AIM_IMOTION_ENFANTS_Couloir_TL_001-modifie.png)\"><\/div><\/div><\/div><\/div>\n<p>L\u2019accueil \u00e0 I-Motion est chaleureux et personnalis\u00e9. Le rayonnement international d\u2019I-Motion fait\u00a0coexister en un m\u00eame lieu, chaque jour, des nationalit\u00e9s, des langues et des cultures diff\u00e9rentes. Tout comme la vie de ces familles souvent venues de loin, la vie d&rsquo;I-Motion\u00a0s\u2019organise et s\u2019adapte en fonction de la fr\u00e9quence des visites (hebdomadaires pour certains essais cliniques), pour rendre ces visites les plus efficaces et les plus agr\u00e9ables possibles.<\/p>\n<p>L\u2019atout principal d\u2019I-Motion est donc la qualit\u00e9 de son\u00a0accueil. Tout est fait pour simplifier la prise en charge et le suivi des patients : les locaux sont adapt\u00e9s, le mat\u00e9riel est sp\u00e9cifique, le personnel, form\u00e9, comp\u00e9tent et passionn\u00e9, travaille dans un esprit d\u2019\u00e9changes et d\u2019interactions.\u00a0Les principaux m\u00e9tiers impliqu\u00e9s dans la prise en charge th\u00e9rapeutique des patients et la mise en \u0153uvre des essais cliniques sont rassembl\u00e9s dans un m\u00eame lieu.<\/p>\n","protected":false},"excerpt":{"rendered":"<p>L\u2019organisation d\u2019I-Motion est centr\u00e9e sur le patient, sa prise en charge et son suivi. L\u2019objectif est d\u2019arriver \u00e0 accueillir chaque patient ainsi que sa famille dans d\u2019excellentes conditions, permettant d\u2019assurer leur bien-\u00eatre et leur s\u00e9curit\u00e9. C\u2019est un lieu dans l\u2019h\u00f4pital mais o\u00f9 les patients doivent se sentir hors de l\u2019h\u00f4pital. L\u2019accueil \u00e0 I-Motion est chaleureux &hellip; <a href=\"https:\/\/www.institut-myologie.org\/imotion\/au-service-du-patient\/\">Continued<\/a><\/p>\n","protected":false},"author":3,"featured_media":0,"parent":0,"menu_order":0,"comment_status":"closed","ping_status":"closed","template":"","meta":{"_acf_changed":false,"footnotes":""},"class_list":["post-183","page","type-page","status-publish","hentry"],"acf":[],"yoast_head":"<!-- This site is optimized with the Yoast SEO plugin v27.1.1 - https:\/\/yoast.com\/product\/yoast-seo-wordpress\/ -->\n<title>Au service du patient - I-Motion<\/title>\n<meta name=\"description\" content=\"L\u2019organisation d\u2019I-Motion est centr\u00e9e sur le patient, sa prise en charge et son suivi, et sa famille. L&#039;accueil y est chaleureux et personnalis\u00e9.\" \/>\n<meta name=\"robots\" content=\"index, follow, max-snippet:-1, max-image-preview:large, max-video-preview:-1\" \/>\n<link rel=\"canonical\" href=\"https:\/\/www.institut-myologie.org\/imotion\/au-service-du-patient\/\" \/>\n<meta property=\"og:locale\" content=\"fr_FR\" \/>\n<meta property=\"og:type\" content=\"article\" \/>\n<meta property=\"og:title\" content=\"Au service du patient - I-Motion\" \/>\n<meta property=\"og:description\" content=\"L\u2019organisation d\u2019I-Motion est centr\u00e9e sur le patient, sa prise en charge et son suivi, et sa famille. L&#039;accueil y est chaleureux et personnalis\u00e9.\" \/>\n<meta property=\"og:url\" content=\"https:\/\/www.institut-myologie.org\/imotion\/au-service-du-patient\/\" \/>\n<meta property=\"og:site_name\" content=\"I-Motion\" \/>\n<meta property=\"article:modified_time\" content=\"2023-03-20T12:18:09+00:00\" \/>\n<meta name=\"twitter:card\" content=\"summary_large_image\" \/>\n<meta name=\"twitter:label1\" content=\"Dur\u00e9e de lecture estim\u00e9e\" \/>\n\t<meta name=\"twitter:data1\" content=\"1 minute\" \/>\n<script type=\"application\/ld+json\" class=\"yoast-schema-graph\">{\"@context\":\"https:\/\/schema.org\",\"@graph\":[{\"@type\":\"WebPage\",\"@id\":\"https:\/\/www.institut-myologie.org\/imotion\/au-service-du-patient\/\",\"url\":\"https:\/\/www.institut-myologie.org\/imotion\/au-service-du-patient\/\",\"name\":\"Au service du patient - I-Motion\",\"isPartOf\":{\"@id\":\"https:\/\/www.institut-myologie.org\/imotion\/#website\"},\"datePublished\":\"2016-11-08T08:24:14+00:00\",\"dateModified\":\"2023-03-20T12:18:09+00:00\",\"description\":\"L\u2019organisation d\u2019I-Motion est centr\u00e9e sur le patient, sa prise en charge et son suivi, et sa famille. L'accueil y est chaleureux et personnalis\u00e9.\",\"breadcrumb\":{\"@id\":\"https:\/\/www.institut-myologie.org\/imotion\/au-service-du-patient\/#breadcrumb\"},\"inLanguage\":\"fr-FR\",\"potentialAction\":[{\"@type\":\"ReadAction\",\"target\":[\"https:\/\/www.institut-myologie.org\/imotion\/au-service-du-patient\/\"]}]},{\"@type\":\"BreadcrumbList\",\"@id\":\"https:\/\/www.institut-myologie.org\/imotion\/au-service-du-patient\/#breadcrumb\",\"itemListElement\":[{\"@type\":\"ListItem\",\"position\":1,\"name\":\"Home\",\"item\":\"https:\/\/www.institut-myologie.org\/imotion\/\"},{\"@type\":\"ListItem\",\"position\":2,\"name\":\"Au service du patient\"}]},{\"@type\":\"WebSite\",\"@id\":\"https:\/\/www.institut-myologie.org\/imotion\/#website\",\"url\":\"https:\/\/www.institut-myologie.org\/imotion\/\",\"name\":\"I-Motion\",\"description\":\"Plateforme d&#039;essais cliniques p\u00e9diatriques pour les maladies neuromusculaires\",\"publisher\":{\"@id\":\"https:\/\/www.institut-myologie.org\/imotion\/#organization\"},\"potentialAction\":[{\"@type\":\"SearchAction\",\"target\":{\"@type\":\"EntryPoint\",\"urlTemplate\":\"https:\/\/www.institut-myologie.org\/imotion\/?s={search_term_string}\"},\"query-input\":{\"@type\":\"PropertyValueSpecification\",\"valueRequired\":true,\"valueName\":\"search_term_string\"}}],\"inLanguage\":\"fr-FR\"},{\"@type\":\"Organization\",\"@id\":\"https:\/\/www.institut-myologie.org\/imotion\/#organization\",\"name\":\"Institut I-Motion\",\"url\":\"https:\/\/www.institut-myologie.org\/imotion\/\",\"logo\":{\"@type\":\"ImageObject\",\"inLanguage\":\"fr-FR\",\"@id\":\"https:\/\/www.institut-myologie.org\/imotion\/#\/schema\/logo\/image\/\",\"url\":\"https:\/\/www.institut-myologie.org\/imotion\/wp-content\/uploads\/2016\/08\/logoImotion.png\",\"contentUrl\":\"https:\/\/www.institut-myologie.org\/imotion\/wp-content\/uploads\/2016\/08\/logoImotion.png\",\"width\":150,\"height\":51,\"caption\":\"Institut I-Motion\"},\"image\":{\"@id\":\"https:\/\/www.institut-myologie.org\/imotion\/#\/schema\/logo\/image\/\"}}]}<\/script>\n<!-- \/ Yoast SEO plugin. -->","yoast_head_json":{"title":"Au service du patient - I-Motion","description":"L\u2019organisation d\u2019I-Motion est centr\u00e9e sur le patient, sa prise en charge et son suivi, et sa famille. L'accueil y est chaleureux et personnalis\u00e9.","robots":{"index":"index","follow":"follow","max-snippet":"max-snippet:-1","max-image-preview":"max-image-preview:large","max-video-preview":"max-video-preview:-1"},"canonical":"https:\/\/www.institut-myologie.org\/imotion\/au-service-du-patient\/","og_locale":"fr_FR","og_type":"article","og_title":"Au service du patient - I-Motion","og_description":"L\u2019organisation d\u2019I-Motion est centr\u00e9e sur le patient, sa prise en charge et son suivi, et sa famille. L'accueil y est chaleureux et personnalis\u00e9.","og_url":"https:\/\/www.institut-myologie.org\/imotion\/au-service-du-patient\/","og_site_name":"I-Motion","article_modified_time":"2023-03-20T12:18:09+00:00","twitter_card":"summary_large_image","twitter_misc":{"Dur\u00e9e de lecture estim\u00e9e":"1 minute"},"schema":{"@context":"https:\/\/schema.org","@graph":[{"@type":"WebPage","@id":"https:\/\/www.institut-myologie.org\/imotion\/au-service-du-patient\/","url":"https:\/\/www.institut-myologie.org\/imotion\/au-service-du-patient\/","name":"Au service du patient - I-Motion","isPartOf":{"@id":"https:\/\/www.institut-myologie.org\/imotion\/#website"},"datePublished":"2016-11-08T08:24:14+00:00","dateModified":"2023-03-20T12:18:09+00:00","description":"L\u2019organisation d\u2019I-Motion est centr\u00e9e sur le patient, sa prise en charge et son suivi, et sa famille. L'accueil y est chaleureux et personnalis\u00e9.","breadcrumb":{"@id":"https:\/\/www.institut-myologie.org\/imotion\/au-service-du-patient\/#breadcrumb"},"inLanguage":"fr-FR","potentialAction":[{"@type":"ReadAction","target":["https:\/\/www.institut-myologie.org\/imotion\/au-service-du-patient\/"]}]},{"@type":"BreadcrumbList","@id":"https:\/\/www.institut-myologie.org\/imotion\/au-service-du-patient\/#breadcrumb","itemListElement":[{"@type":"ListItem","position":1,"name":"Home","item":"https:\/\/www.institut-myologie.org\/imotion\/"},{"@type":"ListItem","position":2,"name":"Au service du patient"}]},{"@type":"WebSite","@id":"https:\/\/www.institut-myologie.org\/imotion\/#website","url":"https:\/\/www.institut-myologie.org\/imotion\/","name":"I-Motion","description":"Plateforme d&#039;essais cliniques p\u00e9diatriques pour les maladies neuromusculaires","publisher":{"@id":"https:\/\/www.institut-myologie.org\/imotion\/#organization"},"potentialAction":[{"@type":"SearchAction","target":{"@type":"EntryPoint","urlTemplate":"https:\/\/www.institut-myologie.org\/imotion\/?s={search_term_string}"},"query-input":{"@type":"PropertyValueSpecification","valueRequired":true,"valueName":"search_term_string"}}],"inLanguage":"fr-FR"},{"@type":"Organization","@id":"https:\/\/www.institut-myologie.org\/imotion\/#organization","name":"Institut I-Motion","url":"https:\/\/www.institut-myologie.org\/imotion\/","logo":{"@type":"ImageObject","inLanguage":"fr-FR","@id":"https:\/\/www.institut-myologie.org\/imotion\/#\/schema\/logo\/image\/","url":"https:\/\/www.institut-myologie.org\/imotion\/wp-content\/uploads\/2016\/08\/logoImotion.png","contentUrl":"https:\/\/www.institut-myologie.org\/imotion\/wp-content\/uploads\/2016\/08\/logoImotion.png","width":150,"height":51,"caption":"Institut I-Motion"},"image":{"@id":"https:\/\/www.institut-myologie.org\/imotion\/#\/schema\/logo\/image\/"}}]}},"_links":{"self":[{"href":"https:\/\/www.institut-myologie.org\/imotion\/wp-json\/wp\/v2\/pages\/183","targetHints":{"allow":["GET"]}}],"collection":[{"href":"https:\/\/www.institut-myologie.org\/imotion\/wp-json\/wp\/v2\/pages"}],"about":[{"href":"https:\/\/www.institut-myologie.org\/imotion\/wp-json\/wp\/v2\/types\/page"}],"author":[{"embeddable":true,"href":"https:\/\/www.institut-myologie.org\/imotion\/wp-json\/wp\/v2\/users\/3"}],"replies":[{"embeddable":true,"href":"https:\/\/www.institut-myologie.org\/imotion\/wp-json\/wp\/v2\/comments?post=183"}],"version-history":[{"count":13,"href":"https:\/\/www.institut-myologie.org\/imotion\/wp-json\/wp\/v2\/pages\/183\/revisions"}],"predecessor-version":[{"id":2846,"href":"https:\/\/www.institut-myologie.org\/imotion\/wp-json\/wp\/v2\/pages\/183\/revisions\/2846"}],"wp:attachment":[{"href":"https:\/\/www.institut-myologie.org\/imotion\/wp-json\/wp\/v2\/media?parent=183"}],"curies":[{"name":"wp","href":"https:\/\/api.w.org\/{rel}","templated":true}]}}