{"id":1820,"date":"2021-04-02T15:44:50","date_gmt":"2021-04-02T13:44:50","guid":{"rendered":"https:\/\/www.institut-myologie.org\/imotion\/?page_id=1820"},"modified":"2022-09-29T13:41:56","modified_gmt":"2022-09-29T11:41:56","slug":"chop","status":"publish","type":"page","link":"https:\/\/www.institut-myologie.org\/imotion\/chop\/","title":{"rendered":"CHOP INTEND"},"content":{"rendered":"<p>Le CHOP INTEND (Children\u2019s Hospital Of Philadelphia Infant Test Of Neuromuscular Disorders) est une \u00e9chelle initialement valid\u00e9e pour l\u2019\u00e9valuation des enfants atteints d\u2019amyotrophie spinale infantile.<\/p>\n<div class=\"entry__gallery packery row large-12\"><div class=\"col-4 entry__gallery__column\"><div class=\"entry__image column\"><div class=\"background-container\" style=\"background-image:url(https:\/\/www.institut-myologie.org\/imotion\/wp-content\/uploads\/2021\/04\/AFMTLT_170705_Suivi_medical_Spinraza_Imotion_CH_011-1024x683.jpg)\"><\/div><\/div><\/div><div class=\"col-4 entry__gallery__column\"><div class=\"entry__image column\"><div class=\"background-container\" style=\"background-image:url(https:\/\/www.institut-myologie.org\/imotion\/wp-content\/uploads\/2021\/04\/AFMTLT_170705_Suivi_medical_Spinraza_Imotion_CH_007-1024x683.jpg)\"><\/div><\/div><\/div><div class=\"col-4 entry__gallery__column\"><div class=\"entry__image column\"><div class=\"background-container\" style=\"background-image:url(https:\/\/www.institut-myologie.org\/imotion\/wp-content\/uploads\/2021\/04\/AFMTLT_170705_Suivi_medical_Spinraza_Imotion_CH_036-1024x683.jpg)\"><\/div><\/div><\/div><\/div>\n<p>L\u2019\u00e9chelle \u00e9value leur capacit\u00e9 \u00e0 ex\u00e9cuter certains mouvements. Elle contient 16 items, not\u00e9s pour la plupart de 0 \u00e0 4, 0 correspondant \u00e0 l\u2019absence de r\u00e9ponse ou de capacit\u00e9 \u00e0 effectuer le mouvement et 4 correspondant \u00e0 la capacit\u00e9 d\u2019effectuer totalement la t\u00e2che. Le score total possible est de 64.<\/p>\n\n\n<p><\/p>\n","protected":false},"excerpt":{"rendered":"<p>Le CHOP INTEND (Children\u2019s Hospital Of Philadelphia Infant Test Of Neuromuscular Disorders) est une \u00e9chelle initialement valid\u00e9e pour l\u2019\u00e9valuation des enfants atteints d\u2019amyotrophie spinale infantile. L\u2019\u00e9chelle \u00e9value leur capacit\u00e9 \u00e0 ex\u00e9cuter certains mouvements. Elle contient 16 items, not\u00e9s pour la plupart de 0 \u00e0 4, 0 correspondant \u00e0 l\u2019absence de r\u00e9ponse ou de capacit\u00e9 \u00e0 &hellip; <a href=\"https:\/\/www.institut-myologie.org\/imotion\/chop\/\">Continued<\/a><\/p>\n","protected":false},"author":3,"featured_media":0,"parent":0,"menu_order":0,"comment_status":"closed","ping_status":"closed","template":"","meta":{"_acf_changed":false,"footnotes":""},"class_list":["post-1820","page","type-page","status-publish","hentry"],"acf":[],"yoast_head":"<!-- This site is optimized with the Yoast SEO plugin v27.1.1 - https:\/\/yoast.com\/product\/yoast-seo-wordpress\/ -->\n<title>CHOP INTEND - I-Motion<\/title>\n<meta name=\"robots\" content=\"index, follow, max-snippet:-1, max-image-preview:large, max-video-preview:-1\" \/>\n<link rel=\"canonical\" href=\"https:\/\/www.institut-myologie.org\/imotion\/chop\/\" \/>\n<meta property=\"og:locale\" content=\"fr_FR\" \/>\n<meta property=\"og:type\" content=\"article\" \/>\n<meta property=\"og:title\" content=\"CHOP INTEND - I-Motion\" \/>\n<meta property=\"og:description\" content=\"Le CHOP INTEND (Children\u2019s Hospital Of Philadelphia Infant Test Of Neuromuscular Disorders) est une \u00e9chelle initialement valid\u00e9e pour l\u2019\u00e9valuation des enfants atteints d\u2019amyotrophie spinale infantile. L\u2019\u00e9chelle \u00e9value leur capacit\u00e9 \u00e0 ex\u00e9cuter certains mouvements. Elle contient 16 items, not\u00e9s pour la plupart de 0 \u00e0 4, 0 correspondant \u00e0 l\u2019absence de r\u00e9ponse ou de capacit\u00e9 \u00e0 &hellip; Continued\" \/>\n<meta property=\"og:url\" content=\"https:\/\/www.institut-myologie.org\/imotion\/chop\/\" \/>\n<meta property=\"og:site_name\" content=\"I-Motion\" \/>\n<meta property=\"article:modified_time\" content=\"2022-09-29T11:41:56+00:00\" \/>\n<meta name=\"twitter:card\" content=\"summary_large_image\" \/>\n<meta name=\"twitter:label1\" content=\"Dur\u00e9e de lecture estim\u00e9e\" \/>\n\t<meta name=\"twitter:data1\" content=\"1 minute\" \/>\n<script type=\"application\/ld+json\" class=\"yoast-schema-graph\">{\"@context\":\"https:\/\/schema.org\",\"@graph\":[{\"@type\":\"WebPage\",\"@id\":\"https:\/\/www.institut-myologie.org\/imotion\/chop\/\",\"url\":\"https:\/\/www.institut-myologie.org\/imotion\/chop\/\",\"name\":\"CHOP INTEND - I-Motion\",\"isPartOf\":{\"@id\":\"https:\/\/www.institut-myologie.org\/imotion\/#website\"},\"datePublished\":\"2021-04-02T13:44:50+00:00\",\"dateModified\":\"2022-09-29T11:41:56+00:00\",\"breadcrumb\":{\"@id\":\"https:\/\/www.institut-myologie.org\/imotion\/chop\/#breadcrumb\"},\"inLanguage\":\"fr-FR\",\"potentialAction\":[{\"@type\":\"ReadAction\",\"target\":[\"https:\/\/www.institut-myologie.org\/imotion\/chop\/\"]}]},{\"@type\":\"BreadcrumbList\",\"@id\":\"https:\/\/www.institut-myologie.org\/imotion\/chop\/#breadcrumb\",\"itemListElement\":[{\"@type\":\"ListItem\",\"position\":1,\"name\":\"Home\",\"item\":\"https:\/\/www.institut-myologie.org\/imotion\/\"},{\"@type\":\"ListItem\",\"position\":2,\"name\":\"CHOP INTEND\"}]},{\"@type\":\"WebSite\",\"@id\":\"https:\/\/www.institut-myologie.org\/imotion\/#website\",\"url\":\"https:\/\/www.institut-myologie.org\/imotion\/\",\"name\":\"I-Motion\",\"description\":\"Plateforme d&#039;essais cliniques p\u00e9diatriques pour les maladies neuromusculaires\",\"publisher\":{\"@id\":\"https:\/\/www.institut-myologie.org\/imotion\/#organization\"},\"potentialAction\":[{\"@type\":\"SearchAction\",\"target\":{\"@type\":\"EntryPoint\",\"urlTemplate\":\"https:\/\/www.institut-myologie.org\/imotion\/?s={search_term_string}\"},\"query-input\":{\"@type\":\"PropertyValueSpecification\",\"valueRequired\":true,\"valueName\":\"search_term_string\"}}],\"inLanguage\":\"fr-FR\"},{\"@type\":\"Organization\",\"@id\":\"https:\/\/www.institut-myologie.org\/imotion\/#organization\",\"name\":\"Institut I-Motion\",\"url\":\"https:\/\/www.institut-myologie.org\/imotion\/\",\"logo\":{\"@type\":\"ImageObject\",\"inLanguage\":\"fr-FR\",\"@id\":\"https:\/\/www.institut-myologie.org\/imotion\/#\/schema\/logo\/image\/\",\"url\":\"https:\/\/www.institut-myologie.org\/imotion\/wp-content\/uploads\/2016\/08\/logoImotion.png\",\"contentUrl\":\"https:\/\/www.institut-myologie.org\/imotion\/wp-content\/uploads\/2016\/08\/logoImotion.png\",\"width\":150,\"height\":51,\"caption\":\"Institut I-Motion\"},\"image\":{\"@id\":\"https:\/\/www.institut-myologie.org\/imotion\/#\/schema\/logo\/image\/\"}}]}<\/script>\n<!-- \/ Yoast SEO plugin. -->","yoast_head_json":{"title":"CHOP INTEND - I-Motion","robots":{"index":"index","follow":"follow","max-snippet":"max-snippet:-1","max-image-preview":"max-image-preview:large","max-video-preview":"max-video-preview:-1"},"canonical":"https:\/\/www.institut-myologie.org\/imotion\/chop\/","og_locale":"fr_FR","og_type":"article","og_title":"CHOP INTEND - I-Motion","og_description":"Le CHOP INTEND (Children\u2019s Hospital Of Philadelphia Infant Test Of Neuromuscular Disorders) est une \u00e9chelle initialement valid\u00e9e pour l\u2019\u00e9valuation des enfants atteints d\u2019amyotrophie spinale infantile. L\u2019\u00e9chelle \u00e9value leur capacit\u00e9 \u00e0 ex\u00e9cuter certains mouvements. Elle contient 16 items, not\u00e9s pour la plupart de 0 \u00e0 4, 0 correspondant \u00e0 l\u2019absence de r\u00e9ponse ou de capacit\u00e9 \u00e0 &hellip; Continued","og_url":"https:\/\/www.institut-myologie.org\/imotion\/chop\/","og_site_name":"I-Motion","article_modified_time":"2022-09-29T11:41:56+00:00","twitter_card":"summary_large_image","twitter_misc":{"Dur\u00e9e de lecture estim\u00e9e":"1 minute"},"schema":{"@context":"https:\/\/schema.org","@graph":[{"@type":"WebPage","@id":"https:\/\/www.institut-myologie.org\/imotion\/chop\/","url":"https:\/\/www.institut-myologie.org\/imotion\/chop\/","name":"CHOP INTEND - I-Motion","isPartOf":{"@id":"https:\/\/www.institut-myologie.org\/imotion\/#website"},"datePublished":"2021-04-02T13:44:50+00:00","dateModified":"2022-09-29T11:41:56+00:00","breadcrumb":{"@id":"https:\/\/www.institut-myologie.org\/imotion\/chop\/#breadcrumb"},"inLanguage":"fr-FR","potentialAction":[{"@type":"ReadAction","target":["https:\/\/www.institut-myologie.org\/imotion\/chop\/"]}]},{"@type":"BreadcrumbList","@id":"https:\/\/www.institut-myologie.org\/imotion\/chop\/#breadcrumb","itemListElement":[{"@type":"ListItem","position":1,"name":"Home","item":"https:\/\/www.institut-myologie.org\/imotion\/"},{"@type":"ListItem","position":2,"name":"CHOP INTEND"}]},{"@type":"WebSite","@id":"https:\/\/www.institut-myologie.org\/imotion\/#website","url":"https:\/\/www.institut-myologie.org\/imotion\/","name":"I-Motion","description":"Plateforme d&#039;essais cliniques p\u00e9diatriques pour les maladies neuromusculaires","publisher":{"@id":"https:\/\/www.institut-myologie.org\/imotion\/#organization"},"potentialAction":[{"@type":"SearchAction","target":{"@type":"EntryPoint","urlTemplate":"https:\/\/www.institut-myologie.org\/imotion\/?s={search_term_string}"},"query-input":{"@type":"PropertyValueSpecification","valueRequired":true,"valueName":"search_term_string"}}],"inLanguage":"fr-FR"},{"@type":"Organization","@id":"https:\/\/www.institut-myologie.org\/imotion\/#organization","name":"Institut I-Motion","url":"https:\/\/www.institut-myologie.org\/imotion\/","logo":{"@type":"ImageObject","inLanguage":"fr-FR","@id":"https:\/\/www.institut-myologie.org\/imotion\/#\/schema\/logo\/image\/","url":"https:\/\/www.institut-myologie.org\/imotion\/wp-content\/uploads\/2016\/08\/logoImotion.png","contentUrl":"https:\/\/www.institut-myologie.org\/imotion\/wp-content\/uploads\/2016\/08\/logoImotion.png","width":150,"height":51,"caption":"Institut I-Motion"},"image":{"@id":"https:\/\/www.institut-myologie.org\/imotion\/#\/schema\/logo\/image\/"}}]}},"_links":{"self":[{"href":"https:\/\/www.institut-myologie.org\/imotion\/wp-json\/wp\/v2\/pages\/1820","targetHints":{"allow":["GET"]}}],"collection":[{"href":"https:\/\/www.institut-myologie.org\/imotion\/wp-json\/wp\/v2\/pages"}],"about":[{"href":"https:\/\/www.institut-myologie.org\/imotion\/wp-json\/wp\/v2\/types\/page"}],"author":[{"embeddable":true,"href":"https:\/\/www.institut-myologie.org\/imotion\/wp-json\/wp\/v2\/users\/3"}],"replies":[{"embeddable":true,"href":"https:\/\/www.institut-myologie.org\/imotion\/wp-json\/wp\/v2\/comments?post=1820"}],"version-history":[{"count":10,"href":"https:\/\/www.institut-myologie.org\/imotion\/wp-json\/wp\/v2\/pages\/1820\/revisions"}],"predecessor-version":[{"id":2794,"href":"https:\/\/www.institut-myologie.org\/imotion\/wp-json\/wp\/v2\/pages\/1820\/revisions\/2794"}],"wp:attachment":[{"href":"https:\/\/www.institut-myologie.org\/imotion\/wp-json\/wp\/v2\/media?parent=1820"}],"curies":[{"name":"wp","href":"https:\/\/api.w.org\/{rel}","templated":true}]}}