{"id":154,"date":"2016-11-03T09:26:15","date_gmt":"2016-11-03T09:26:15","guid":{"rendered":"https:\/\/www.institut-myologie.org\/imotion\/?page_id=154"},"modified":"2021-12-14T17:17:18","modified_gmt":"2021-12-14T15:17:18","slug":"la-recherche-clinique-a-i-motion","status":"publish","type":"page","link":"https:\/\/www.institut-myologie.org\/imotion\/la-recherche-clinique-a-i-motion\/","title":{"rendered":"La recherche clinique \u00e0 I-Motion"},"content":{"rendered":"<p>Les maladies neuromusculaires et neurologiques sont des maladies complexes pour lesquelles il existe un double besoin : d\u00e9velopper de nouveaux outils diagnostiques et d\u00e9couvrir de nouveaux traitements. Pour prendre en charge les patients, I-Motion a pour vocation d\u2019\u00eatre le lieu de r\u00e9alisation des essais cliniques permettant d\u2019\u00e9valuer ces nouveaux outils diagnostiques et traitements.<\/p>\n<div class=\"entry__gallery packery row large-12\"><div class=\"col-4 entry__gallery__column\"><div class=\"entry__image column\"><div class=\"background-container\" style=\"background-image:url(https:\/\/www.institut-myologie.org\/imotion\/wp-content\/uploads\/2021\/12\/AFMTLT_201027_IMOTION_Consult_Enf_DMD_CH_020-modif.png)\"><\/div><\/div><\/div><div class=\"col-4 entry__gallery__column\"><div class=\"entry__image column\"><div class=\"background-container\" style=\"background-image:url(https:\/\/www.institut-myologie.org\/imotion\/wp-content\/uploads\/2021\/12\/AFMTLT_201104_IMOTION_Consult_Enf_DMD_CH_070-modif.png)\"><\/div><\/div><\/div><div class=\"col-4 entry__gallery__column\"><div class=\"entry__image column\"><div class=\"background-container\" style=\"background-image:url(https:\/\/www.institut-myologie.org\/imotion\/wp-content\/uploads\/2021\/12\/AFMTLT_201104_IMOTION_Consult_Enf_DMD_CH_035-modif-2.png)\"><\/div><\/div><\/div><\/div>\n<p>Les objectifs d\u2019I-Motion pour la recherche clinique sont doubles :<\/p>\n<ul>\n<li>Augmenter le nombre de patients inclus dans ces \u00e9tudes ainsi que le nombre d\u2019\u00e9tudes propos\u00e9es sur les traitements innovants, dans le plus de maladies possibles afin de faciliter l\u2019acc\u00e8s de ces mol\u00e9cules aux patients<\/li>\n<li>\u00catre le lieu privil\u00e9gi\u00e9 et faciliter la mise en \u0153uvre des th\u00e9rapies innovantes comme la th\u00e9rapie g\u00e9nique et cellulaire.<\/li>\n<\/ul>\n<p>Pour r\u00e9aliser ces objectifs, I-Motion dispose d\u2019<a href=\"https:\/\/www.institut-myologie.org\/imotion\/lequipe\/\">une \u00e9quipe d\u00e9di\u00e9e<\/a> \u00e0 la pr\u00e9paration et \u00e0 la mise en \u0153uvre de ces \u00e9tudes<em>.<\/em> Par ailleurs, I-Motion travaille en interaction tr\u00e8s \u00e9troite avec l\u2019ensemble des services de l\u2019<a href=\"http:\/\/trousseau.aphp.fr\/\" target=\"_blank\" rel=\"noopener\">h\u00f4pital Trousseau<\/a> (plateaux techniques, structures de recherche et services cliniques \u00e0 commencer par la pharmacie, r\u00e9animation, orthop\u00e9die, etc.), ainsi que les services de l\u2019<a href=\"https:\/\/www.institut-myologie.org\/\" target=\"_blank\" rel=\"noopener\">Institut de Myologie<\/a> qui en\u00a0assure la gestion et qui est \u00e0 l&rsquo;origine d&rsquo;I-Motion.<\/p>\n<p>Enfin, dans le cadre des essais multicentriques, l&rsquo;\u00e9quipe d&rsquo;I-Motion travaille en \u00e9troite collaboration avec les centres de plusieurs autres h\u00f4pitaux en France m\u00e9tropolitaine et outre-mer (Paris, Lille, Nantes, Toulouse, Lyon, Strasbourg, Toulon, Fort de France) et europ\u00e9ens (Belgique, Italie, Espagne, Allemagne).<\/p>\n","protected":false},"excerpt":{"rendered":"<p>Les maladies neuromusculaires et neurologiques sont des maladies complexes pour lesquelles il existe un double besoin : d\u00e9velopper de nouveaux outils diagnostiques et d\u00e9couvrir de nouveaux traitements. Pour prendre en charge les patients, I-Motion a pour vocation d\u2019\u00eatre le lieu de r\u00e9alisation des essais cliniques permettant d\u2019\u00e9valuer ces nouveaux outils diagnostiques et traitements. Les objectifs &hellip; <a href=\"https:\/\/www.institut-myologie.org\/imotion\/la-recherche-clinique-a-i-motion\/\">Continued<\/a><\/p>\n","protected":false},"author":3,"featured_media":0,"parent":0,"menu_order":0,"comment_status":"closed","ping_status":"closed","template":"","meta":{"_acf_changed":false,"footnotes":""},"class_list":["post-154","page","type-page","status-publish","hentry"],"acf":[],"yoast_head":"<!-- This site is optimized with the Yoast SEO plugin v27.1.1 - https:\/\/yoast.com\/product\/yoast-seo-wordpress\/ -->\n<title>La recherche clinique \u00e0 I-Motion - I-Motion<\/title>\n<meta name=\"description\" content=\"I-Motion est le lieu de r\u00e9alisation d&#039;essais cliniques et d\u2019\u00e9valuation de nouveaux outils diagnostics et traitements pour les enfants atteints de maladies neuromusculaires.\" \/>\n<meta name=\"robots\" content=\"index, follow, max-snippet:-1, max-image-preview:large, max-video-preview:-1\" \/>\n<link rel=\"canonical\" href=\"https:\/\/www.institut-myologie.org\/imotion\/la-recherche-clinique-a-i-motion\/\" \/>\n<meta property=\"og:locale\" content=\"fr_FR\" \/>\n<meta property=\"og:type\" content=\"article\" \/>\n<meta property=\"og:title\" content=\"La recherche clinique \u00e0 I-Motion - I-Motion\" \/>\n<meta property=\"og:description\" content=\"I-Motion est le lieu de r\u00e9alisation d&#039;essais cliniques et d\u2019\u00e9valuation de nouveaux outils diagnostics et traitements pour les enfants atteints de maladies neuromusculaires.\" \/>\n<meta property=\"og:url\" content=\"https:\/\/www.institut-myologie.org\/imotion\/la-recherche-clinique-a-i-motion\/\" \/>\n<meta property=\"og:site_name\" content=\"I-Motion\" \/>\n<meta property=\"article:modified_time\" content=\"2021-12-14T15:17:18+00:00\" \/>\n<meta name=\"twitter:card\" content=\"summary_large_image\" \/>\n<meta name=\"twitter:label1\" content=\"Dur\u00e9e de lecture estim\u00e9e\" \/>\n\t<meta name=\"twitter:data1\" content=\"2 minutes\" \/>\n<script type=\"application\/ld+json\" class=\"yoast-schema-graph\">{\"@context\":\"https:\/\/schema.org\",\"@graph\":[{\"@type\":\"WebPage\",\"@id\":\"https:\/\/www.institut-myologie.org\/imotion\/la-recherche-clinique-a-i-motion\/\",\"url\":\"https:\/\/www.institut-myologie.org\/imotion\/la-recherche-clinique-a-i-motion\/\",\"name\":\"La recherche clinique \u00e0 I-Motion - I-Motion\",\"isPartOf\":{\"@id\":\"https:\/\/www.institut-myologie.org\/imotion\/#website\"},\"datePublished\":\"2016-11-03T09:26:15+00:00\",\"dateModified\":\"2021-12-14T15:17:18+00:00\",\"description\":\"I-Motion est le lieu de r\u00e9alisation d'essais cliniques et d\u2019\u00e9valuation de nouveaux outils diagnostics et traitements pour les enfants atteints de maladies neuromusculaires.\",\"breadcrumb\":{\"@id\":\"https:\/\/www.institut-myologie.org\/imotion\/la-recherche-clinique-a-i-motion\/#breadcrumb\"},\"inLanguage\":\"fr-FR\",\"potentialAction\":[{\"@type\":\"ReadAction\",\"target\":[\"https:\/\/www.institut-myologie.org\/imotion\/la-recherche-clinique-a-i-motion\/\"]}]},{\"@type\":\"BreadcrumbList\",\"@id\":\"https:\/\/www.institut-myologie.org\/imotion\/la-recherche-clinique-a-i-motion\/#breadcrumb\",\"itemListElement\":[{\"@type\":\"ListItem\",\"position\":1,\"name\":\"Home\",\"item\":\"https:\/\/www.institut-myologie.org\/imotion\/\"},{\"@type\":\"ListItem\",\"position\":2,\"name\":\"La recherche clinique \u00e0 I-Motion\"}]},{\"@type\":\"WebSite\",\"@id\":\"https:\/\/www.institut-myologie.org\/imotion\/#website\",\"url\":\"https:\/\/www.institut-myologie.org\/imotion\/\",\"name\":\"I-Motion\",\"description\":\"Plateforme d&#039;essais cliniques p\u00e9diatriques pour les maladies neuromusculaires\",\"publisher\":{\"@id\":\"https:\/\/www.institut-myologie.org\/imotion\/#organization\"},\"potentialAction\":[{\"@type\":\"SearchAction\",\"target\":{\"@type\":\"EntryPoint\",\"urlTemplate\":\"https:\/\/www.institut-myologie.org\/imotion\/?s={search_term_string}\"},\"query-input\":{\"@type\":\"PropertyValueSpecification\",\"valueRequired\":true,\"valueName\":\"search_term_string\"}}],\"inLanguage\":\"fr-FR\"},{\"@type\":\"Organization\",\"@id\":\"https:\/\/www.institut-myologie.org\/imotion\/#organization\",\"name\":\"Institut I-Motion\",\"url\":\"https:\/\/www.institut-myologie.org\/imotion\/\",\"logo\":{\"@type\":\"ImageObject\",\"inLanguage\":\"fr-FR\",\"@id\":\"https:\/\/www.institut-myologie.org\/imotion\/#\/schema\/logo\/image\/\",\"url\":\"https:\/\/www.institut-myologie.org\/imotion\/wp-content\/uploads\/2016\/08\/logoImotion.png\",\"contentUrl\":\"https:\/\/www.institut-myologie.org\/imotion\/wp-content\/uploads\/2016\/08\/logoImotion.png\",\"width\":150,\"height\":51,\"caption\":\"Institut I-Motion\"},\"image\":{\"@id\":\"https:\/\/www.institut-myologie.org\/imotion\/#\/schema\/logo\/image\/\"}}]}<\/script>\n<!-- \/ Yoast SEO plugin. -->","yoast_head_json":{"title":"La recherche clinique \u00e0 I-Motion - I-Motion","description":"I-Motion est le lieu de r\u00e9alisation d'essais cliniques et d\u2019\u00e9valuation de nouveaux outils diagnostics et traitements pour les enfants atteints de maladies neuromusculaires.","robots":{"index":"index","follow":"follow","max-snippet":"max-snippet:-1","max-image-preview":"max-image-preview:large","max-video-preview":"max-video-preview:-1"},"canonical":"https:\/\/www.institut-myologie.org\/imotion\/la-recherche-clinique-a-i-motion\/","og_locale":"fr_FR","og_type":"article","og_title":"La recherche clinique \u00e0 I-Motion - I-Motion","og_description":"I-Motion est le lieu de r\u00e9alisation d'essais cliniques et d\u2019\u00e9valuation de nouveaux outils diagnostics et traitements pour les enfants atteints de maladies neuromusculaires.","og_url":"https:\/\/www.institut-myologie.org\/imotion\/la-recherche-clinique-a-i-motion\/","og_site_name":"I-Motion","article_modified_time":"2021-12-14T15:17:18+00:00","twitter_card":"summary_large_image","twitter_misc":{"Dur\u00e9e de lecture estim\u00e9e":"2 minutes"},"schema":{"@context":"https:\/\/schema.org","@graph":[{"@type":"WebPage","@id":"https:\/\/www.institut-myologie.org\/imotion\/la-recherche-clinique-a-i-motion\/","url":"https:\/\/www.institut-myologie.org\/imotion\/la-recherche-clinique-a-i-motion\/","name":"La recherche clinique \u00e0 I-Motion - I-Motion","isPartOf":{"@id":"https:\/\/www.institut-myologie.org\/imotion\/#website"},"datePublished":"2016-11-03T09:26:15+00:00","dateModified":"2021-12-14T15:17:18+00:00","description":"I-Motion est le lieu de r\u00e9alisation d'essais cliniques et d\u2019\u00e9valuation de nouveaux outils diagnostics et traitements pour les enfants atteints de maladies neuromusculaires.","breadcrumb":{"@id":"https:\/\/www.institut-myologie.org\/imotion\/la-recherche-clinique-a-i-motion\/#breadcrumb"},"inLanguage":"fr-FR","potentialAction":[{"@type":"ReadAction","target":["https:\/\/www.institut-myologie.org\/imotion\/la-recherche-clinique-a-i-motion\/"]}]},{"@type":"BreadcrumbList","@id":"https:\/\/www.institut-myologie.org\/imotion\/la-recherche-clinique-a-i-motion\/#breadcrumb","itemListElement":[{"@type":"ListItem","position":1,"name":"Home","item":"https:\/\/www.institut-myologie.org\/imotion\/"},{"@type":"ListItem","position":2,"name":"La recherche clinique \u00e0 I-Motion"}]},{"@type":"WebSite","@id":"https:\/\/www.institut-myologie.org\/imotion\/#website","url":"https:\/\/www.institut-myologie.org\/imotion\/","name":"I-Motion","description":"Plateforme d&#039;essais cliniques p\u00e9diatriques pour les maladies neuromusculaires","publisher":{"@id":"https:\/\/www.institut-myologie.org\/imotion\/#organization"},"potentialAction":[{"@type":"SearchAction","target":{"@type":"EntryPoint","urlTemplate":"https:\/\/www.institut-myologie.org\/imotion\/?s={search_term_string}"},"query-input":{"@type":"PropertyValueSpecification","valueRequired":true,"valueName":"search_term_string"}}],"inLanguage":"fr-FR"},{"@type":"Organization","@id":"https:\/\/www.institut-myologie.org\/imotion\/#organization","name":"Institut I-Motion","url":"https:\/\/www.institut-myologie.org\/imotion\/","logo":{"@type":"ImageObject","inLanguage":"fr-FR","@id":"https:\/\/www.institut-myologie.org\/imotion\/#\/schema\/logo\/image\/","url":"https:\/\/www.institut-myologie.org\/imotion\/wp-content\/uploads\/2016\/08\/logoImotion.png","contentUrl":"https:\/\/www.institut-myologie.org\/imotion\/wp-content\/uploads\/2016\/08\/logoImotion.png","width":150,"height":51,"caption":"Institut I-Motion"},"image":{"@id":"https:\/\/www.institut-myologie.org\/imotion\/#\/schema\/logo\/image\/"}}]}},"_links":{"self":[{"href":"https:\/\/www.institut-myologie.org\/imotion\/wp-json\/wp\/v2\/pages\/154","targetHints":{"allow":["GET"]}}],"collection":[{"href":"https:\/\/www.institut-myologie.org\/imotion\/wp-json\/wp\/v2\/pages"}],"about":[{"href":"https:\/\/www.institut-myologie.org\/imotion\/wp-json\/wp\/v2\/types\/page"}],"author":[{"embeddable":true,"href":"https:\/\/www.institut-myologie.org\/imotion\/wp-json\/wp\/v2\/users\/3"}],"replies":[{"embeddable":true,"href":"https:\/\/www.institut-myologie.org\/imotion\/wp-json\/wp\/v2\/comments?post=154"}],"version-history":[{"count":28,"href":"https:\/\/www.institut-myologie.org\/imotion\/wp-json\/wp\/v2\/pages\/154\/revisions"}],"predecessor-version":[{"id":2643,"href":"https:\/\/www.institut-myologie.org\/imotion\/wp-json\/wp\/v2\/pages\/154\/revisions\/2643"}],"wp:attachment":[{"href":"https:\/\/www.institut-myologie.org\/imotion\/wp-json\/wp\/v2\/media?parent=154"}],"curies":[{"name":"wp","href":"https:\/\/api.w.org\/{rel}","templated":true}]}}