{"id":14,"date":"2016-08-31T00:16:20","date_gmt":"2016-08-31T00:16:20","guid":{"rendered":"https:\/\/www.institut-myologie.org\/imotion\/?page_id=14"},"modified":"2023-03-20T14:15:47","modified_gmt":"2023-03-20T12:15:47","slug":"ce-qui-nous-rend-unique","status":"publish","type":"page","link":"https:\/\/www.institut-myologie.org\/imotion\/ce-qui-nous-rend-unique\/","title":{"rendered":"Ce qui nous rend unique"},"content":{"rendered":"<p>Cr\u00e9\u00e9 par la volont\u00e9 de quatre partenaires, l\u2019<a href=\"https:\/\/www.institut-myologie.org\/\" target=\"_blank\" rel=\"noopener\">Institut de Myologie<\/a>, l\u2019<a href=\"http:\/\/www.afm-telethon.fr\/\" target=\"_blank\" rel=\"noopener\">AFM-T\u00e9l\u00e9thon<\/a>, l\u2019<a href=\"http:\/\/www.aphp.fr\/\" target=\"_blank\" rel=\"noopener\">Assistance Publique &#8211; H\u00f4pitaux de Paris (AP-HP)<\/a> et <a href=\"https:\/\/www.sorbonne-universite.fr\/\" target=\"_blank\" rel=\"noopener\">Sorbonne Universit\u00e9<\/a>, I-Motion est une plateforme d\u2019essais cliniques p\u00e9diatriques pour les maladies neuromusculaires<span class=\"Apple-converted-space\">\u00a0<\/span>et neurologiques. Il a pour objectif de r\u00e9pondre aux nouveaux besoins cr\u00e9\u00e9s par l\u2019\u00e9mergence de th\u00e9rapies pour des maladies longtemps consid\u00e9r\u00e9es comme incurables et touchant pour beaucoup d\u2019entre elles les enfants.<\/p>\n<div class=\"entry__gallery packery row large-12\"><div class=\"col-4 entry__gallery__column\"><div class=\"entry__image column\"><div class=\"background-container\" style=\"background-image:url(https:\/\/www.institut-myologie.org\/imotion\/wp-content\/uploads\/2021\/12\/AFMTLT_201104_IMOTION_Consult_Enf_DMD_CH_072-modifie.png)\"><\/div><\/div><\/div><div class=\"col-4 entry__gallery__column\"><div class=\"entry__image column\"><div class=\"background-container\" style=\"background-image:url(https:\/\/www.institut-myologie.org\/imotion\/wp-content\/uploads\/2021\/12\/AFMTLT_201104_IMOTION_Consult_Enf_DMD_CH_025-modifie.png)\"><\/div><\/div><\/div><div class=\"col-4 entry__gallery__column\"><div class=\"entry__image column\"><div class=\"background-container\" style=\"background-image:url(https:\/\/www.institut-myologie.org\/imotion\/wp-content\/uploads\/2021\/12\/AFMTLT_201027_IMOTION_Consult_Enf_DMD_CH_042-modif.png)\"><\/div><\/div><\/div><\/div>\n<p>Situ\u00e9 sur le site de l\u2019h\u00f4pital p\u00e9diatrique Trousseau de l\u2019AP-HP (b\u00e2timent Lemariey), la plateforme I-Motion permet aux jeunes patients d\u2019\u00eatre pris en charge dans les meilleures conditions, dans un environnement adapt\u00e9, chaleureux et s\u00e9curis\u00e9. Elle b\u00e9n\u00e9ficie d\u2019une accessibilit\u00e9 aux plateaux techniques, structures de recherche et services cliniques de l\u2019h\u00f4pital Trousseau. L\u2019ensemble des consultations et des sp\u00e9cialistes sont pr\u00e9sents en un m\u00eame endroit ce qui facilite \u00e9galement le suivi et la prise en charge pour les enfants comme pour leurs parents.<\/p>\n<p>Outre les activit\u00e9s de <a href=\"https:\/\/www.institut-myologie.org\/imotion\/consultation\/\" target=\"_blank\" rel=\"noopener\">soins<\/a> et les <a href=\"https:\/\/www.institut-myologie.org\/imotion\/les-essais-en-cours-a-i-motion\/\" target=\"_blank\" rel=\"noopener\">essais cliniques<\/a>, I-Motion d\u00e9veloppe des <a href=\"https:\/\/www.institut-myologie.org\/imotion\/outils\/\" target=\"_blank\" rel=\"noopener\">outils<\/a> de mesure et m\u00e8ne \u00e9galement la collecte et le stockage d\u2019\u00e9chantillons biologiques.<\/p>\n","protected":false},"excerpt":{"rendered":"<p>Cr\u00e9\u00e9 par la volont\u00e9 de quatre partenaires, l\u2019Institut de Myologie, l\u2019AFM-T\u00e9l\u00e9thon, l\u2019Assistance Publique &#8211; H\u00f4pitaux de Paris-AP-HP et l\u2019universit\u00e9 Pierre et Marie Curie (UPMC), l\u2019Institut I-Motion est une plateforme d\u2019essais cliniques p\u00e9diatriques pour les maladies neuromusculaires.<\/p>\n","protected":false},"author":1,"featured_media":0,"parent":0,"menu_order":0,"comment_status":"closed","ping_status":"closed","template":"","meta":{"_acf_changed":false,"footnotes":""},"class_list":["post-14","page","type-page","status-publish","hentry"],"acf":[],"yoast_head":"<!-- This site is optimized with the Yoast SEO plugin v27.1.1 - https:\/\/yoast.com\/product\/yoast-seo-wordpress\/ -->\n<title>Ce qui nous rend unique - I-Motion<\/title>\n<meta name=\"description\" content=\"I-Motion est la plateforme d\u2019essais cliniques pour les enfants atteints de maladies neuromusculaires dont l&#039;objectif est d&#039;\u00e9valuer les nouvelles th\u00e9rapies.\" \/>\n<meta name=\"robots\" content=\"index, follow, max-snippet:-1, max-image-preview:large, max-video-preview:-1\" \/>\n<link rel=\"canonical\" href=\"https:\/\/www.institut-myologie.org\/imotion\/ce-qui-nous-rend-unique\/\" \/>\n<meta property=\"og:locale\" content=\"fr_FR\" \/>\n<meta property=\"og:type\" content=\"article\" \/>\n<meta property=\"og:title\" content=\"Ce qui nous rend unique - I-Motion\" \/>\n<meta property=\"og:description\" content=\"I-Motion est la plateforme d\u2019essais cliniques pour les enfants atteints de maladies neuromusculaires dont l&#039;objectif est d&#039;\u00e9valuer les nouvelles th\u00e9rapies.\" \/>\n<meta property=\"og:url\" content=\"https:\/\/www.institut-myologie.org\/imotion\/ce-qui-nous-rend-unique\/\" \/>\n<meta property=\"og:site_name\" content=\"I-Motion\" \/>\n<meta property=\"article:modified_time\" content=\"2023-03-20T12:15:47+00:00\" \/>\n<meta name=\"twitter:card\" content=\"summary_large_image\" \/>\n<meta name=\"twitter:label1\" content=\"Dur\u00e9e de lecture estim\u00e9e\" \/>\n\t<meta name=\"twitter:data1\" content=\"1 minute\" \/>\n<script type=\"application\/ld+json\" class=\"yoast-schema-graph\">{\"@context\":\"https:\/\/schema.org\",\"@graph\":[{\"@type\":\"WebPage\",\"@id\":\"https:\/\/www.institut-myologie.org\/imotion\/ce-qui-nous-rend-unique\/\",\"url\":\"https:\/\/www.institut-myologie.org\/imotion\/ce-qui-nous-rend-unique\/\",\"name\":\"Ce qui nous rend unique - I-Motion\",\"isPartOf\":{\"@id\":\"https:\/\/www.institut-myologie.org\/imotion\/#website\"},\"datePublished\":\"2016-08-31T00:16:20+00:00\",\"dateModified\":\"2023-03-20T12:15:47+00:00\",\"description\":\"I-Motion est la plateforme d\u2019essais cliniques pour les enfants atteints de maladies neuromusculaires dont l'objectif est d'\u00e9valuer les nouvelles th\u00e9rapies.\",\"breadcrumb\":{\"@id\":\"https:\/\/www.institut-myologie.org\/imotion\/ce-qui-nous-rend-unique\/#breadcrumb\"},\"inLanguage\":\"fr-FR\",\"potentialAction\":[{\"@type\":\"ReadAction\",\"target\":[\"https:\/\/www.institut-myologie.org\/imotion\/ce-qui-nous-rend-unique\/\"]}]},{\"@type\":\"BreadcrumbList\",\"@id\":\"https:\/\/www.institut-myologie.org\/imotion\/ce-qui-nous-rend-unique\/#breadcrumb\",\"itemListElement\":[{\"@type\":\"ListItem\",\"position\":1,\"name\":\"Home\",\"item\":\"https:\/\/www.institut-myologie.org\/imotion\/\"},{\"@type\":\"ListItem\",\"position\":2,\"name\":\"Ce qui nous rend unique\"}]},{\"@type\":\"WebSite\",\"@id\":\"https:\/\/www.institut-myologie.org\/imotion\/#website\",\"url\":\"https:\/\/www.institut-myologie.org\/imotion\/\",\"name\":\"I-Motion\",\"description\":\"Plateforme d&#039;essais cliniques p\u00e9diatriques pour les maladies neuromusculaires\",\"publisher\":{\"@id\":\"https:\/\/www.institut-myologie.org\/imotion\/#organization\"},\"potentialAction\":[{\"@type\":\"SearchAction\",\"target\":{\"@type\":\"EntryPoint\",\"urlTemplate\":\"https:\/\/www.institut-myologie.org\/imotion\/?s={search_term_string}\"},\"query-input\":{\"@type\":\"PropertyValueSpecification\",\"valueRequired\":true,\"valueName\":\"search_term_string\"}}],\"inLanguage\":\"fr-FR\"},{\"@type\":\"Organization\",\"@id\":\"https:\/\/www.institut-myologie.org\/imotion\/#organization\",\"name\":\"Institut I-Motion\",\"url\":\"https:\/\/www.institut-myologie.org\/imotion\/\",\"logo\":{\"@type\":\"ImageObject\",\"inLanguage\":\"fr-FR\",\"@id\":\"https:\/\/www.institut-myologie.org\/imotion\/#\/schema\/logo\/image\/\",\"url\":\"https:\/\/www.institut-myologie.org\/imotion\/wp-content\/uploads\/2016\/08\/logoImotion.png\",\"contentUrl\":\"https:\/\/www.institut-myologie.org\/imotion\/wp-content\/uploads\/2016\/08\/logoImotion.png\",\"width\":150,\"height\":51,\"caption\":\"Institut I-Motion\"},\"image\":{\"@id\":\"https:\/\/www.institut-myologie.org\/imotion\/#\/schema\/logo\/image\/\"}}]}<\/script>\n<!-- \/ Yoast SEO plugin. -->","yoast_head_json":{"title":"Ce qui nous rend unique - I-Motion","description":"I-Motion est la plateforme d\u2019essais cliniques pour les enfants atteints de maladies neuromusculaires dont l'objectif est d'\u00e9valuer les nouvelles th\u00e9rapies.","robots":{"index":"index","follow":"follow","max-snippet":"max-snippet:-1","max-image-preview":"max-image-preview:large","max-video-preview":"max-video-preview:-1"},"canonical":"https:\/\/www.institut-myologie.org\/imotion\/ce-qui-nous-rend-unique\/","og_locale":"fr_FR","og_type":"article","og_title":"Ce qui nous rend unique - I-Motion","og_description":"I-Motion est la plateforme d\u2019essais cliniques pour les enfants atteints de maladies neuromusculaires dont l'objectif est d'\u00e9valuer les nouvelles th\u00e9rapies.","og_url":"https:\/\/www.institut-myologie.org\/imotion\/ce-qui-nous-rend-unique\/","og_site_name":"I-Motion","article_modified_time":"2023-03-20T12:15:47+00:00","twitter_card":"summary_large_image","twitter_misc":{"Dur\u00e9e de lecture estim\u00e9e":"1 minute"},"schema":{"@context":"https:\/\/schema.org","@graph":[{"@type":"WebPage","@id":"https:\/\/www.institut-myologie.org\/imotion\/ce-qui-nous-rend-unique\/","url":"https:\/\/www.institut-myologie.org\/imotion\/ce-qui-nous-rend-unique\/","name":"Ce qui nous rend unique - I-Motion","isPartOf":{"@id":"https:\/\/www.institut-myologie.org\/imotion\/#website"},"datePublished":"2016-08-31T00:16:20+00:00","dateModified":"2023-03-20T12:15:47+00:00","description":"I-Motion est la plateforme d\u2019essais cliniques pour les enfants atteints de maladies neuromusculaires dont l'objectif est d'\u00e9valuer les nouvelles th\u00e9rapies.","breadcrumb":{"@id":"https:\/\/www.institut-myologie.org\/imotion\/ce-qui-nous-rend-unique\/#breadcrumb"},"inLanguage":"fr-FR","potentialAction":[{"@type":"ReadAction","target":["https:\/\/www.institut-myologie.org\/imotion\/ce-qui-nous-rend-unique\/"]}]},{"@type":"BreadcrumbList","@id":"https:\/\/www.institut-myologie.org\/imotion\/ce-qui-nous-rend-unique\/#breadcrumb","itemListElement":[{"@type":"ListItem","position":1,"name":"Home","item":"https:\/\/www.institut-myologie.org\/imotion\/"},{"@type":"ListItem","position":2,"name":"Ce qui nous rend unique"}]},{"@type":"WebSite","@id":"https:\/\/www.institut-myologie.org\/imotion\/#website","url":"https:\/\/www.institut-myologie.org\/imotion\/","name":"I-Motion","description":"Plateforme d&#039;essais cliniques p\u00e9diatriques pour les maladies neuromusculaires","publisher":{"@id":"https:\/\/www.institut-myologie.org\/imotion\/#organization"},"potentialAction":[{"@type":"SearchAction","target":{"@type":"EntryPoint","urlTemplate":"https:\/\/www.institut-myologie.org\/imotion\/?s={search_term_string}"},"query-input":{"@type":"PropertyValueSpecification","valueRequired":true,"valueName":"search_term_string"}}],"inLanguage":"fr-FR"},{"@type":"Organization","@id":"https:\/\/www.institut-myologie.org\/imotion\/#organization","name":"Institut I-Motion","url":"https:\/\/www.institut-myologie.org\/imotion\/","logo":{"@type":"ImageObject","inLanguage":"fr-FR","@id":"https:\/\/www.institut-myologie.org\/imotion\/#\/schema\/logo\/image\/","url":"https:\/\/www.institut-myologie.org\/imotion\/wp-content\/uploads\/2016\/08\/logoImotion.png","contentUrl":"https:\/\/www.institut-myologie.org\/imotion\/wp-content\/uploads\/2016\/08\/logoImotion.png","width":150,"height":51,"caption":"Institut I-Motion"},"image":{"@id":"https:\/\/www.institut-myologie.org\/imotion\/#\/schema\/logo\/image\/"}}]}},"_links":{"self":[{"href":"https:\/\/www.institut-myologie.org\/imotion\/wp-json\/wp\/v2\/pages\/14","targetHints":{"allow":["GET"]}}],"collection":[{"href":"https:\/\/www.institut-myologie.org\/imotion\/wp-json\/wp\/v2\/pages"}],"about":[{"href":"https:\/\/www.institut-myologie.org\/imotion\/wp-json\/wp\/v2\/types\/page"}],"author":[{"embeddable":true,"href":"https:\/\/www.institut-myologie.org\/imotion\/wp-json\/wp\/v2\/users\/1"}],"replies":[{"embeddable":true,"href":"https:\/\/www.institut-myologie.org\/imotion\/wp-json\/wp\/v2\/comments?post=14"}],"version-history":[{"count":30,"href":"https:\/\/www.institut-myologie.org\/imotion\/wp-json\/wp\/v2\/pages\/14\/revisions"}],"predecessor-version":[{"id":2843,"href":"https:\/\/www.institut-myologie.org\/imotion\/wp-json\/wp\/v2\/pages\/14\/revisions\/2843"}],"wp:attachment":[{"href":"https:\/\/www.institut-myologie.org\/imotion\/wp-json\/wp\/v2\/media?parent=14"}],"curies":[{"name":"wp","href":"https:\/\/api.w.org\/{rel}","templated":true}]}}